{"id":19493,"date":"2015-10-07T09:05:34","date_gmt":"2015-10-07T07:05:34","guid":{"rendered":"https:\/\/pib-extra.com\/chi-siamo\/"},"modified":"2024-02-14T14:27:14","modified_gmt":"2024-02-14T13:27:14","slug":"chi-siamo","status":"publish","type":"page","link":"https:\/\/pib-extra.com\/it\/chi-siamo\/","title":{"rendered":"Chi Siamo"},"content":{"rendered":"<section class=\"l-section wpb_row height_small width_custom\" style=\"--site-content-width:1340px;\"><div class=\"l-section-h i-cf\"><div class=\"g-cols vc_row via_grid cols_2 laptops-cols_inherit tablets-cols_inherit mobiles-cols_1 valign_middle type_default stacking_default\"><div class=\"wpb_column vc_column_container\"><div class=\"vc_column-inner\"><div class=\"wpb_text_column\"><div class=\"wpb_wrapper\"><p>PIB EXTRA S.p.A. \u00e8 un&#8217;azienda al Nord della Croazia che produce modelli per fonderia (tedesco: Giesseimodellbau, inglese: Foundr pattern production company). \u00c8 stata fondata nel 1993. Proprietari di \u201ePIB EXTRA\u201c S.p.A. sono <strong>Biserka<\/strong> e <strong>Ivan Petek<\/strong>. La sede e lo stabilimento di produzione dell&#8217;azienda si trova nel villaggio \u0160tefanec, nella zona economica, 4 km da Cakovec, nella regione di Me\u0111imurje. Il programma di produzione comprende tutti i tipi di modelli e nuclei per lo stampaggio a mano e alla macchina (di legno, metallo, plastica, EPS) secondo tutti i processi di fonderia, che vengono utilizzati nel settore della meccanica, delle costruzioni navali e l&#8217;energia. In modo da soddisfare le esigenze del mercato, tutti i prodotti sono realizzati secondo standard di qualit\u00e0 DIN EN 12890. Il mercato di riferimento \u00e8 industria energetica (alloggiamento delle turbine a gas e vapore, parti di turbine eoliche), laminatoi, cantieristica navale, distribuzione dei fluidi (valvole, pompe) e meccanica in generale.<\/p>\n<\/div><\/div><\/div><\/div><div class=\"wpb_column vc_column_container stretched\"><div class=\"vc_column-inner\"><div class=\"w-image align_none\"><a ref=\"magnificPopup\" href=\"https:\/\/pib-extra.com\/wp-content\/uploads\/2024\/02\/pib-extra-gal-24-11.jpg\" aria-label=\"pib-extra-gal-24-11\" class=\"w-image-h\"><img decoding=\"async\" width=\"1024\" height=\"683\" src=\"https:\/\/pib-extra.com\/wp-content\/uploads\/2024\/02\/pib-extra-gal-24-11-1024x683.jpg\" class=\"attachment-large size-large\" alt=\"\" loading=\"lazy\" srcset=\"https:\/\/pib-extra.com\/wp-content\/uploads\/2024\/02\/pib-extra-gal-24-11-1024x683.jpg 1024w, https:\/\/pib-extra.com\/wp-content\/uploads\/2024\/02\/pib-extra-gal-24-11-300x200.jpg 300w, https:\/\/pib-extra.com\/wp-content\/uploads\/2024\/02\/pib-extra-gal-24-11.jpg 1536w\" sizes=\"auto, (max-width: 1024px) 100vw, 1024px\" \/><\/a><\/div><\/div><\/div><\/div><\/div><\/section><section class=\"l-section wpb_row jc-vise-o-nama height_small color_alternate\"><div class=\"l-section-h i-cf\"><div class=\"g-cols vc_row via_grid cols_1 laptops-cols_inherit tablets-cols_inherit mobiles-cols_1 valign_top type_default stacking_default\"><div class=\"wpb_column vc_column_container\"><div class=\"vc_column-inner\"><h2 class=\"w-text us_custom_40824568 jc-font-size-h1\"><span class=\"w-text-h\"><span class=\"w-text-value\">Vi\u0161e o nama<\/span><\/span><\/h2><\/div><\/div><\/div><\/div><\/section><section class=\"l-section wpb_row us_custom_19737bc8 jc-vise-o-nama height_small\"><div class=\"l-section-h i-cf\"><div class=\"g-cols vc_row via_grid cols_1 laptops-cols_inherit tablets-cols_inherit mobiles-cols_1 valign_top type_default stacking_default\"><div class=\"wpb_column vc_column_container\"><div class=\"vc_column-inner\"><div class=\"wpb_text_column us_custom_a0b8fac0\"><div class=\"wpb_wrapper\"><h2>KONKURENTSKA PREDNOST<\/h2>\n<p>Najve\u0107a prednost naspram konkurencije su <strong>ekstremno kratki rokovi isporuke kvalitetnih proizvoda s konkurentnim cijenama.<\/strong> To omogu\u0107uje fleksibilna i mlada ekipa koja radi u tri smjene, kako bismo tr\u017ei\u0161tu pru\u017eili ono \u0161to drugi ne mogu &#8211; ekstremno kratke rokove isporuke, kvalitetan proizvod i konkurentne cijene. Modelarija PIB extra d.o.o. je <strong>100%-tni izvoznik<\/strong>, s glavninom kupaca u zemljama EU-a, uglavnom u Njema\u010dkoj, Austriji, Italiji. Uspje\u0161nom marketin\u0161kom kampanjom probili smo se na skandinavsko tr\u017ei\u0161te te tr\u017ei\u0161ta van Europe, kao \u0161to su <strong>SAD, Kanada i Ujedinjeni Arapski Emirati. <\/strong>Tvrtka posjeduje certifikat upravljanja kvalitetom ISO 9001:2015 \u0161to mo\u017eete provjeriti putem QR koda.<\/p>\n<\/div><\/div><div class=\"w-separator size_small\"><\/div><\/div><\/div><\/div><\/div><\/section><section class=\"l-section wpb_row us_custom_887a049b jc-vise-o-nama height_small\"><div class=\"l-section-h i-cf\"><div class=\"g-cols vc_row via_grid cols_2 laptops-cols_inherit tablets-cols_inherit mobiles-cols_2 valign_top type_default stacking_default\" style=\"--columns-gap:1.5rem;\"><div class=\"wpb_column vc_column_container\"><div class=\"vc_column-inner\"><div class=\"w-image us_custom_1cf23be4 has_height align_center\"><div class=\"w-image-h\"><img decoding=\"async\" width=\"250\" height=\"262\" src=\"https:\/\/pib-extra.com\/wp-content\/uploads\/2022\/10\/hrv.jpg\" class=\"attachment-large size-large\" alt=\"\" loading=\"lazy\" \/><\/div><\/div><\/div><\/div><div class=\"wpb_column vc_column_container\"><div class=\"vc_column-inner\"><div class=\"w-image us_custom_1cf23be4 has_height align_center\"><div class=\"w-image-h\"><img decoding=\"async\" width=\"591\" height=\"622\" src=\"https:\/\/pib-extra.com\/wp-content\/uploads\/2022\/10\/QualitySysCert_ISO9001.jpg\" class=\"attachment-large size-large\" alt=\"\" loading=\"lazy\" srcset=\"https:\/\/pib-extra.com\/wp-content\/uploads\/2022\/10\/QualitySysCert_ISO9001.jpg 591w, https:\/\/pib-extra.com\/wp-content\/uploads\/2022\/10\/QualitySysCert_ISO9001-285x300.jpg 285w\" sizes=\"auto, (max-width: 591px) 100vw, 591px\" \/><\/div><\/div><\/div><\/div><\/div><\/div><\/section><section class=\"l-section wpb_row height_small color_alternate\"><div class=\"l-section-h i-cf\"><div class=\"g-cols vc_row via_grid cols_1 laptops-cols_inherit tablets-cols_inherit mobiles-cols_1 valign_top type_default stacking_default\"><div class=\"wpb_column vc_column_container\"><div class=\"vc_column-inner\"><h2 class=\"w-text us_custom_40824568 jc-font-size-h1\"><span class=\"w-text-h\"><span class=\"w-text-value\">La storia<\/span><\/span><\/h2><\/div><\/div><\/div><\/div><\/section><section class=\"l-section wpb_row us_custom_19737bc8 height_small\"><div class=\"l-section-h i-cf\"><div class=\"g-cols vc_row via_grid cols_1 laptops-cols_inherit tablets-cols_inherit mobiles-cols_1 valign_top type_default stacking_default\"><div class=\"wpb_column vc_column_container\"><div class=\"vc_column-inner\"><div class=\"wpb_text_column us_custom_a0b8fac0\"><div class=\"wpb_wrapper\"><p>PIB EXTRA S.p.A. \u00e8 stata fondata nel 1993, proprietari sono <strong>Biserka<\/strong> e <strong>Ivan Petek<\/strong>. Il primo impianto di produzione era situato nel seminterrato della casa familiare, in un&#8217;area del 100m<sup>2<\/sup>. Poi, nell&#8217; anno 2000 \u00e8 stato costruito il primo grande stabilimento di produzione di 800m<sup>2<\/sup> in via Bra\u0107e Radi\u0107a 67, a \u0160tefanec. Col passare del tempo, lo stabilimento \u00e8 diventato troppo piccolo per la rapida crescita dell&#8217;azienda e nel 2008 \u00e8 cominciata la costruzione del secondo stabilimento di produzione, molto pi\u00f9 grande. Il nuovo impianto di produzione ha 3.200m<sup>2<\/sup>, con una capacit\u00e0 del carroponte di otto tonnellate, che \u00e8 specializzato nella realizzazione dei modelli di dimensioni grandi. Dopo di questo, la superficie totale di entrambi gli impianti \u00e8 stata 4.200m<sup>2<\/sup>.<\/p>\n<p>Grazie alle campagne pubblicitarie e l&#8217;espansione verso nuovi mercati, PIB EXTRA S.p.A. \u00e8 iniziato nel 2014 con l&#8217;investimento pi\u00f9 grande, legato all&#8217;espansione degli impianti di produzione e l&#8217;acquisto di attrezzature, che \u00e8 stato completato nell&#8217;estate del 2015. Con questo investimento sono stati costruiti nuovi impianti di produzione e uffici di 11.000m<sup>2<\/sup>, e ora l&#8217;area coperta totale \u00e8 di <strong>15.200m<sup>2<\/sup><\/strong>. Tutta la superficie <strong>(80.000m<sup>2<\/sup>)<\/strong> \u00e8 la propriet\u00e0 di PIB EXTRA S.p.A.<\/p>\n<p>L&#8217;azienda \u00e8 focalizzata sulle attivit\u00e0 di esportazione. Nel mercato europeo \u00e8 stato riconosciuto <strong>lo sforzo, la qualit\u00e0 e la coerenza dell&#8217;azienda<\/strong>. Oggi, l&#8217;azienda PIB EXTRA S.p.Aa. \u00e8 una rispettabile azienda europea.<\/p>\n<\/div><\/div><div class=\"w-separator size_small\"><\/div><\/div><\/div><\/div><\/div><\/section><section class=\"l-section wpb_row us_custom_887a049b jc-wrapper-images height_small width_custom\" style=\"--site-content-width:1670px;\"><div class=\"l-section-h i-cf\"><div class=\"g-cols vc_row via_grid cols_1 laptops-cols_inherit tablets-cols_inherit mobiles-cols_1 valign_top type_default\" style=\"--columns-gap:0.5rem;\"><div class=\"wpb_column vc_column_container\"><div class=\"vc_column-inner\"><div class=\"w-hwrapper valign_middle wrap stack_on_mobiles align_center\" style=\"--hwrapper-gap:0.4rem\"><div class=\"w-image us_custom_0a2fa9cb has_height align_none\"><div class=\"w-image-h\"><img decoding=\"async\" width=\"624\" height=\"375\" src=\"https:\/\/pib-extra.com\/wp-content\/uploads\/2024\/01\/2023-2024.jpg\" class=\"attachment-large size-large\" alt=\"\" loading=\"lazy\" srcset=\"https:\/\/pib-extra.com\/wp-content\/uploads\/2024\/01\/2023-2024.jpg 624w, https:\/\/pib-extra.com\/wp-content\/uploads\/2024\/01\/2023-2024-300x180.jpg 300w\" sizes=\"auto, (max-width: 624px) 100vw, 624px\" \/><\/div><\/div><div class=\"w-image us_custom_0a2fa9cb has_height align_none\"><div class=\"w-image-h\"><img decoding=\"async\" width=\"539\" height=\"375\" src=\"https:\/\/pib-extra.com\/wp-content\/uploads\/2024\/01\/2014-2015.jpg\" class=\"attachment-large size-large\" alt=\"\" loading=\"lazy\" srcset=\"https:\/\/pib-extra.com\/wp-content\/uploads\/2024\/01\/2014-2015.jpg 539w, https:\/\/pib-extra.com\/wp-content\/uploads\/2024\/01\/2014-2015-300x209.jpg 300w\" sizes=\"auto, (max-width: 539px) 100vw, 539px\" \/><\/div><\/div><div class=\"w-image us_custom_0a2fa9cb has_height align_none\"><div class=\"w-image-h\"><img decoding=\"async\" width=\"809\" height=\"375\" src=\"https:\/\/pib-extra.com\/wp-content\/uploads\/2024\/01\/2008.jpg\" class=\"attachment-large size-large\" alt=\"\" loading=\"lazy\" srcset=\"https:\/\/pib-extra.com\/wp-content\/uploads\/2024\/01\/2008.jpg 809w, https:\/\/pib-extra.com\/wp-content\/uploads\/2024\/01\/2008-300x139.jpg 300w\" sizes=\"auto, (max-width: 809px) 100vw, 809px\" \/><\/div><\/div><div class=\"w-image us_custom_0a2fa9cb has_height align_none\"><div class=\"w-image-h\"><img decoding=\"async\" width=\"808\" height=\"375\" src=\"https:\/\/pib-extra.com\/wp-content\/uploads\/2024\/01\/2000.jpg\" class=\"attachment-large size-large\" alt=\"\" loading=\"lazy\" srcset=\"https:\/\/pib-extra.com\/wp-content\/uploads\/2024\/01\/2000.jpg 808w, https:\/\/pib-extra.com\/wp-content\/uploads\/2024\/01\/2000-300x139.jpg 300w\" sizes=\"auto, (max-width: 808px) 100vw, 808px\" \/><\/div><\/div><div class=\"w-image us_custom_0a2fa9cb has_height align_none\"><div class=\"w-image-h\"><img decoding=\"async\" width=\"540\" height=\"375\" src=\"https:\/\/pib-extra.com\/wp-content\/uploads\/2024\/01\/1993.jpg\" class=\"attachment-large size-large\" alt=\"\" loading=\"lazy\" srcset=\"https:\/\/pib-extra.com\/wp-content\/uploads\/2024\/01\/1993.jpg 540w, https:\/\/pib-extra.com\/wp-content\/uploads\/2024\/01\/1993-300x208.jpg 300w\" sizes=\"auto, (max-width: 540px) 100vw, 540px\" \/><\/div><\/div><\/div><\/div><\/div><\/div><\/div><\/section><section class=\"l-section wpb_row height_small color_alternate\"><div class=\"l-section-h i-cf\"><div class=\"g-cols vc_row via_grid cols_1 laptops-cols_inherit tablets-cols_inherit mobiles-cols_1 valign_top type_default stacking_default\"><div class=\"wpb_column vc_column_container\"><div class=\"vc_column-inner\"><h2 class=\"w-text us_custom_40824568 jc-font-size-h1\"><span class=\"w-text-h\"><span class=\"w-text-value\">SQUADRA DI GENTE<\/span><\/span><\/h2><\/div><\/div><\/div><\/div><\/section><section class=\"l-section wpb_row us_custom_19737bc8 height_small\"><div class=\"l-section-h i-cf\"><div class=\"g-cols vc_row via_grid cols_1 laptops-cols_inherit tablets-cols_inherit mobiles-cols_1 valign_top type_default stacking_default\"><div class=\"wpb_column vc_column_container\"><div class=\"vc_column-inner\"><div class=\"wpb_text_column us_custom_a0b8fac0\"><div class=\"wpb_wrapper\"><p><strong>In PIB EXTRA S.p.A. crediamo davvero che le persone sono la nostra risorsa pi\u00f9 preziosa. PIB EXTRA S.p.A. impiega 220 lavoratori.<\/strong><\/p>\n<p> Il servizio tecnico \u00e8 composto da <strong>25 tecnologi<\/strong> che hanno le conoscenze necessarie per ogni tipo di preparazione dei processi produttivi. Il servizio tecnico lavora su due turni, ed i tecnologi sono a disposizione <strong>16 ore al giorno<\/strong> per questioni tecniche e per sviluppo del prodotto. L&#8217;azienda \u00e8 passata dai modi tradizionali di fare modelli al computer per CAD \/ CAM processo dei prodotti attraverso disegni 2D (AutoCAD) alla modellazione 3D (SolidWorks), e la lavorazione di pezzi sulle macchine moderne CNC a 5 assi, utilizzando strumenti CAM avanzati (DEPO CAM, Siemens NX).<\/p>\n<p>Il grafico mostra la crescita del numero dei lavoratori nel PIB EXTRA S.p.A.<\/p>\n<\/div><\/div><\/div><\/div><\/div><\/div><\/section><section class=\"l-section wpb_row height_small\"><div class=\"l-section-h i-cf\"><div class=\"g-cols vc_row via_grid cols_2 laptops-cols_inherit tablets-cols_inherit mobiles-cols_1 valign_top type_default stacking_default\"><div class=\"wpb_column vc_column_container\"><div class=\"vc_column-inner\"><h3 class=\"w-text us_custom_e7fa261e\"><span class=\"w-text-h\"><span class=\"w-text-value\">Area di produzione<\/span><\/span><\/h3><div class=\"w-image us_custom_d00c28c3 has_height align_center\"><div class=\"w-image-h\"><img decoding=\"async\" width=\"450\" height=\"444\" src=\"https:\/\/pib-extra.com\/wp-content\/uploads\/2024\/01\/graph-m2-2023.jpg\" class=\"attachment-large size-large\" alt=\"\" loading=\"lazy\" srcset=\"https:\/\/pib-extra.com\/wp-content\/uploads\/2024\/01\/graph-m2-2023.jpg 450w, https:\/\/pib-extra.com\/wp-content\/uploads\/2024\/01\/graph-m2-2023-300x296.jpg 300w\" sizes=\"auto, (max-width: 450px) 100vw, 450px\" \/><\/div><\/div><\/div><\/div><div class=\"wpb_column vc_column_container\"><div class=\"vc_column-inner\"><h3 class=\"w-text us_custom_e7fa261e\"><span class=\"w-text-h\"><span class=\"w-text-value\">Dipendenti<\/span><\/span><\/h3><div class=\"w-image us_custom_d00c28c3 has_height align_center\"><div class=\"w-image-h\"><img decoding=\"async\" width=\"438\" height=\"444\" src=\"https:\/\/pib-extra.com\/wp-content\/uploads\/2024\/01\/graph-employees-2023.jpg\" class=\"attachment-large size-large\" alt=\"\" loading=\"lazy\" srcset=\"https:\/\/pib-extra.com\/wp-content\/uploads\/2024\/01\/graph-employees-2023.jpg 438w, https:\/\/pib-extra.com\/wp-content\/uploads\/2024\/01\/graph-employees-2023-296x300.jpg 296w\" sizes=\"auto, (max-width: 438px) 100vw, 438px\" \/><\/div><\/div><\/div><\/div><\/div><\/div><\/section>\n","protected":false},"excerpt":{"rendered":"","protected":false},"author":4,"featured_media":0,"parent":0,"menu_order":74,"comment_status":"closed","ping_status":"closed","template":"","meta":{"_acf_changed":false,"footnotes":""},"class_list":["post-19493","page","type-page","status-publish","hentry"],"acf":[],"yoast_head":"<!-- This site is optimized with the Yoast SEO plugin v27.5 - https:\/\/yoast.com\/product\/yoast-seo-wordpress\/ -->\n<title>Chi Siamo - PIB extra<\/title>\n<meta name=\"robots\" content=\"index, follow, max-snippet:-1, max-image-preview:large, max-video-preview:-1\" \/>\n<link rel=\"canonical\" href=\"https:\/\/pib-extra.com\/it\/chi-siamo\/\" \/>\n<meta property=\"og:locale\" content=\"it_IT\" \/>\n<meta property=\"og:type\" content=\"article\" \/>\n<meta property=\"og:title\" content=\"Chi Siamo - PIB extra\" \/>\n<meta property=\"og:url\" content=\"https:\/\/pib-extra.com\/it\/chi-siamo\/\" \/>\n<meta property=\"og:site_name\" content=\"PIB extra\" \/>\n<meta property=\"article:publisher\" content=\"https:\/\/www.facebook.com\/pibextra\" \/>\n<meta property=\"article:modified_time\" content=\"2024-02-14T13:27:14+00:00\" \/>\n<meta property=\"og:image\" content=\"https:\/\/pib-extra.com\/wp-content\/uploads\/2024\/01\/pib-extra-cover.jpg\" \/>\n\t<meta property=\"og:image:width\" content=\"1200\" \/>\n\t<meta property=\"og:image:height\" content=\"675\" \/>\n\t<meta property=\"og:image:type\" content=\"image\/jpeg\" \/>\n<meta name=\"twitter:card\" content=\"summary_large_image\" \/>\n<script type=\"application\/ld+json\" class=\"yoast-schema-graph\">{\"@context\":\"https:\\\/\\\/schema.org\",\"@graph\":[{\"@type\":\"WebPage\",\"@id\":\"https:\\\/\\\/pib-extra.com\\\/it\\\/chi-siamo\\\/\",\"url\":\"https:\\\/\\\/pib-extra.com\\\/it\\\/chi-siamo\\\/\",\"name\":\"Chi Siamo - PIB extra\",\"isPartOf\":{\"@id\":\"https:\\\/\\\/pib-extra.com\\\/it\\\/#website\"},\"datePublished\":\"2015-10-07T07:05:34+00:00\",\"dateModified\":\"2024-02-14T13:27:14+00:00\",\"breadcrumb\":{\"@id\":\"https:\\\/\\\/pib-extra.com\\\/it\\\/chi-siamo\\\/#breadcrumb\"},\"inLanguage\":\"it-IT\",\"potentialAction\":[{\"@type\":\"ReadAction\",\"target\":[\"https:\\\/\\\/pib-extra.com\\\/it\\\/chi-siamo\\\/\"]}]},{\"@type\":\"BreadcrumbList\",\"@id\":\"https:\\\/\\\/pib-extra.com\\\/it\\\/chi-siamo\\\/#breadcrumb\",\"itemListElement\":[{\"@type\":\"ListItem\",\"position\":1,\"name\":\"Po\u010detna stranica\",\"item\":\"https:\\\/\\\/pib-extra.com\\\/it\\\/\"},{\"@type\":\"ListItem\",\"position\":2,\"name\":\"Chi Siamo\"}]},{\"@type\":\"WebSite\",\"@id\":\"https:\\\/\\\/pib-extra.com\\\/it\\\/#website\",\"url\":\"https:\\\/\\\/pib-extra.com\\\/it\\\/\",\"name\":\"PIB extra\",\"description\":\"Izrada drvenih modela za ljevaonice\",\"publisher\":{\"@id\":\"https:\\\/\\\/pib-extra.com\\\/it\\\/#organization\"},\"potentialAction\":[{\"@type\":\"SearchAction\",\"target\":{\"@type\":\"EntryPoint\",\"urlTemplate\":\"https:\\\/\\\/pib-extra.com\\\/it\\\/?s={search_term_string}\"},\"query-input\":{\"@type\":\"PropertyValueSpecification\",\"valueRequired\":true,\"valueName\":\"search_term_string\"}}],\"inLanguage\":\"it-IT\"},{\"@type\":\"Organization\",\"@id\":\"https:\\\/\\\/pib-extra.com\\\/it\\\/#organization\",\"name\":\"PIB extra\",\"url\":\"https:\\\/\\\/pib-extra.com\\\/it\\\/\",\"logo\":{\"@type\":\"ImageObject\",\"inLanguage\":\"it-IT\",\"@id\":\"https:\\\/\\\/pib-extra.com\\\/it\\\/#\\\/schema\\\/logo\\\/image\\\/\",\"url\":\"https:\\\/\\\/pib-extra.com\\\/wp-content\\\/uploads\\\/2024\\\/01\\\/favicon.png\",\"contentUrl\":\"https:\\\/\\\/pib-extra.com\\\/wp-content\\\/uploads\\\/2024\\\/01\\\/favicon.png\",\"width\":512,\"height\":512,\"caption\":\"PIB extra\"},\"image\":{\"@id\":\"https:\\\/\\\/pib-extra.com\\\/it\\\/#\\\/schema\\\/logo\\\/image\\\/\"},\"sameAs\":[\"https:\\\/\\\/www.facebook.com\\\/pibextra\",\"https:\\\/\\\/www.linkedin.com\\\/company\\\/pib-extra-d-o-o-\\\/\"]}]}<\/script>\n<!-- \/ Yoast SEO plugin. -->","yoast_head_json":{"title":"Chi Siamo - PIB extra","robots":{"index":"index","follow":"follow","max-snippet":"max-snippet:-1","max-image-preview":"max-image-preview:large","max-video-preview":"max-video-preview:-1"},"canonical":"https:\/\/pib-extra.com\/it\/chi-siamo\/","og_locale":"it_IT","og_type":"article","og_title":"Chi Siamo - PIB extra","og_url":"https:\/\/pib-extra.com\/it\/chi-siamo\/","og_site_name":"PIB extra","article_publisher":"https:\/\/www.facebook.com\/pibextra","article_modified_time":"2024-02-14T13:27:14+00:00","og_image":[{"width":1200,"height":675,"url":"https:\/\/pib-extra.com\/wp-content\/uploads\/2024\/01\/pib-extra-cover.jpg","type":"image\/jpeg"}],"twitter_card":"summary_large_image","schema":{"@context":"https:\/\/schema.org","@graph":[{"@type":"WebPage","@id":"https:\/\/pib-extra.com\/it\/chi-siamo\/","url":"https:\/\/pib-extra.com\/it\/chi-siamo\/","name":"Chi Siamo - PIB extra","isPartOf":{"@id":"https:\/\/pib-extra.com\/it\/#website"},"datePublished":"2015-10-07T07:05:34+00:00","dateModified":"2024-02-14T13:27:14+00:00","breadcrumb":{"@id":"https:\/\/pib-extra.com\/it\/chi-siamo\/#breadcrumb"},"inLanguage":"it-IT","potentialAction":[{"@type":"ReadAction","target":["https:\/\/pib-extra.com\/it\/chi-siamo\/"]}]},{"@type":"BreadcrumbList","@id":"https:\/\/pib-extra.com\/it\/chi-siamo\/#breadcrumb","itemListElement":[{"@type":"ListItem","position":1,"name":"Po\u010detna stranica","item":"https:\/\/pib-extra.com\/it\/"},{"@type":"ListItem","position":2,"name":"Chi Siamo"}]},{"@type":"WebSite","@id":"https:\/\/pib-extra.com\/it\/#website","url":"https:\/\/pib-extra.com\/it\/","name":"PIB extra","description":"Izrada drvenih modela za ljevaonice","publisher":{"@id":"https:\/\/pib-extra.com\/it\/#organization"},"potentialAction":[{"@type":"SearchAction","target":{"@type":"EntryPoint","urlTemplate":"https:\/\/pib-extra.com\/it\/?s={search_term_string}"},"query-input":{"@type":"PropertyValueSpecification","valueRequired":true,"valueName":"search_term_string"}}],"inLanguage":"it-IT"},{"@type":"Organization","@id":"https:\/\/pib-extra.com\/it\/#organization","name":"PIB extra","url":"https:\/\/pib-extra.com\/it\/","logo":{"@type":"ImageObject","inLanguage":"it-IT","@id":"https:\/\/pib-extra.com\/it\/#\/schema\/logo\/image\/","url":"https:\/\/pib-extra.com\/wp-content\/uploads\/2024\/01\/favicon.png","contentUrl":"https:\/\/pib-extra.com\/wp-content\/uploads\/2024\/01\/favicon.png","width":512,"height":512,"caption":"PIB extra"},"image":{"@id":"https:\/\/pib-extra.com\/it\/#\/schema\/logo\/image\/"},"sameAs":["https:\/\/www.facebook.com\/pibextra","https:\/\/www.linkedin.com\/company\/pib-extra-d-o-o-\/"]}]}},"_links":{"self":[{"href":"https:\/\/pib-extra.com\/it\/wp-json\/wp\/v2\/pages\/19493","targetHints":{"allow":["GET"]}}],"collection":[{"href":"https:\/\/pib-extra.com\/it\/wp-json\/wp\/v2\/pages"}],"about":[{"href":"https:\/\/pib-extra.com\/it\/wp-json\/wp\/v2\/types\/page"}],"author":[{"embeddable":true,"href":"https:\/\/pib-extra.com\/it\/wp-json\/wp\/v2\/users\/4"}],"replies":[{"embeddable":true,"href":"https:\/\/pib-extra.com\/it\/wp-json\/wp\/v2\/comments?post=19493"}],"version-history":[{"count":6,"href":"https:\/\/pib-extra.com\/it\/wp-json\/wp\/v2\/pages\/19493\/revisions"}],"predecessor-version":[{"id":20101,"href":"https:\/\/pib-extra.com\/it\/wp-json\/wp\/v2\/pages\/19493\/revisions\/20101"}],"wp:attachment":[{"href":"https:\/\/pib-extra.com\/it\/wp-json\/wp\/v2\/media?parent=19493"}],"curies":[{"name":"wp","href":"https:\/\/api.w.org\/{rel}","templated":true}]}}