{"id":19427,"date":"2015-10-15T08:48:28","date_gmt":"2015-10-15T06:48:28","guid":{"rendered":"https:\/\/pib-extra.com\/politica-della-qualita\/"},"modified":"2024-02-14T14:27:15","modified_gmt":"2024-02-14T13:27:15","slug":"politica-della-qualita","status":"publish","type":"page","link":"https:\/\/pib-extra.com\/it\/politica-della-qualita\/","title":{"rendered":"Politica della Qualit\u00e0"},"content":{"rendered":"<section class=\"l-section wpb_row us_custom_19737bc8 height_small\"><div class=\"l-section-h i-cf\"><div class=\"g-cols vc_row via_grid cols_3-2 laptops-cols_inherit tablets-cols_inherit mobiles-cols_1 valign_middle type_default stacking_default\"><div class=\"wpb_column vc_column_container\"><div class=\"vc_column-inner\"><div class=\"wpb_text_column\"><div class=\"wpb_wrapper\"><p><em>Per raggiungere questi obiettivi, PIB EXTRA S.p.A. concentra i suoi sforzi sulle esigenze e sulle richieste dei clienti.<\/em><\/p>\n<p><em>I dipendenti dell&#8217;azienda, con il miglioramento continuo contribuiscono alla crescita e al mantenimento dello standard di qualit\u00e0.<\/em><\/p>\n<p><em>Investendo nello sviluppo e miglioramento dei processi di produzione, macchinari e attrezzature e altre infrastrutture, poniamo le basi per una crescita pi\u00f9 veloce e pi\u00f9 stabile e il progresso dell&#8217; azienda e dei suoi lavoratori. Questo contribuisce a migliorare la qualit\u00e0 dei prodotti e dei servizi.<\/em><\/p>\n<\/div><\/div><\/div><\/div><div class=\"wpb_column vc_column_container us_custom_b10e9791 has_bg_color stretched\"><div class=\"vc_column-inner\"><div class=\"w-separator us_custom_ce6a2648 size_medium\"><\/div><\/div><\/div><\/div><\/div><\/section><section class=\"l-section wpb_row us_custom_19737bc8 height_small\"><div class=\"l-section-h i-cf\"><div class=\"g-cols vc_row via_grid cols_1 laptops-cols_inherit tablets-cols_inherit mobiles-cols_1 valign_middle type_default reversed stacking_default\"><div class=\"wpb_column vc_column_container\"><div class=\"vc_column-inner\"><div class=\"wpb_text_column\"><div class=\"wpb_wrapper\"><p>Alimentiamo e sviluppiamo le collaborazioni con fornitori e clienti.<\/p>\n<p>GLI OBIETTIVI GENERALI:<\/p>\n<ul>\n<li>mantenere i clienti esistenti<\/li>\n<li>migliorare continuamente la soddisfazione dei clienti<\/li>\n<li>assicurare la completezza e la consegna veloce del prodotto<\/li>\n<li>migliorare le conoscenze e le competenze di tutti i partecipanti nel processo di produzione per garantire la qualit\u00e0 del prodotto<\/li>\n<li>sviluppare nuove tecnologie e procedimenti che migliorano e aumentano l&#8217;efficienza produttiva<\/li>\n<\/ul>\n<p>Ogni lavoratore \u00e8 tenuto a conoscere la politica di qualit\u00e0, di comprenderla e accettarla come il principio permanente nelle proprie operazioni.<\/p>\n<p>La nostra azienda detiene con orgoglio due importanti certificati ISO &#8211; <strong>ISO 9001:2015<\/strong>, che conferma il nostro impegno per la qualit\u00e0 nella fornitura di prodotti\/servizi, e <strong>ISO 14001:2015<\/strong>, che attesta la nostra dedizione alla sostenibilit\u00e0 e alla cura dell&#8217;ambiente.<\/p>\n<p style=\"text-align: center;\"><em>Abbiamo fissato degli obiettivi ambiziosi per la qualit\u00e0, ma raggiungibili e misurabili.<\/em><\/p>\n<\/div><\/div><\/div><\/div><\/div><\/div><\/section><section class=\"l-section wpb_row height_small\"><div class=\"l-section-h i-cf\"><div class=\"g-cols vc_row via_grid cols_1 laptops-cols_inherit tablets-cols_inherit mobiles-cols_1 valign_top type_default stacking_default\" style=\"--columns-gap:1.5rem;\"><div class=\"wpb_column vc_column_container\"><div class=\"vc_column-inner\"><div class=\"w-image us_custom_1cf23be4 has_height align_center\"><div class=\"w-image-h\"><img decoding=\"async\" width=\"379\" height=\"150\" src=\"https:\/\/pib-extra.com\/wp-content\/uploads\/2024\/02\/dedal-iso-logo.png\" class=\"attachment-large size-large\" alt=\"Dedal\" loading=\"lazy\" srcset=\"https:\/\/pib-extra.com\/wp-content\/uploads\/2024\/02\/dedal-iso-logo.png 379w, https:\/\/pib-extra.com\/wp-content\/uploads\/2024\/02\/dedal-iso-logo-300x119.png 300w\" sizes=\"auto, (max-width: 379px) 100vw, 379px\" \/><\/div><\/div><\/div><\/div><\/div><\/div><\/section>\n","protected":false},"excerpt":{"rendered":"","protected":false},"author":4,"featured_media":0,"parent":0,"menu_order":99,"comment_status":"closed","ping_status":"closed","template":"","meta":{"_acf_changed":false,"footnotes":""},"class_list":["post-19427","page","type-page","status-publish","hentry"],"acf":[],"yoast_head":"<!-- This site is optimized with the Yoast SEO plugin v27.5 - https:\/\/yoast.com\/product\/yoast-seo-wordpress\/ -->\n<title>Politica della Qualit\u00e0 - PIB extra<\/title>\n<meta name=\"robots\" content=\"index, follow, max-snippet:-1, max-image-preview:large, max-video-preview:-1\" \/>\n<link rel=\"canonical\" href=\"https:\/\/pib-extra.com\/it\/politica-della-qualita\/\" \/>\n<meta property=\"og:locale\" content=\"it_IT\" \/>\n<meta property=\"og:type\" content=\"article\" \/>\n<meta property=\"og:title\" content=\"Politica della Qualit\u00e0 - PIB extra\" \/>\n<meta property=\"og:url\" content=\"https:\/\/pib-extra.com\/it\/politica-della-qualita\/\" \/>\n<meta property=\"og:site_name\" content=\"PIB extra\" \/>\n<meta property=\"article:publisher\" content=\"https:\/\/www.facebook.com\/pibextra\" \/>\n<meta property=\"article:modified_time\" content=\"2024-02-14T13:27:15+00:00\" \/>\n<meta property=\"og:image\" content=\"https:\/\/pib-extra.com\/wp-content\/uploads\/2024\/01\/pib-extra-cover.jpg\" \/>\n\t<meta property=\"og:image:width\" content=\"1200\" \/>\n\t<meta property=\"og:image:height\" content=\"675\" \/>\n\t<meta property=\"og:image:type\" content=\"image\/jpeg\" \/>\n<meta name=\"twitter:card\" content=\"summary_large_image\" \/>\n<script type=\"application\/ld+json\" class=\"yoast-schema-graph\">{\"@context\":\"https:\\\/\\\/schema.org\",\"@graph\":[{\"@type\":\"WebPage\",\"@id\":\"https:\\\/\\\/pib-extra.com\\\/it\\\/politica-della-qualita\\\/\",\"url\":\"https:\\\/\\\/pib-extra.com\\\/it\\\/politica-della-qualita\\\/\",\"name\":\"Politica della Qualit\u00e0 - PIB extra\",\"isPartOf\":{\"@id\":\"https:\\\/\\\/pib-extra.com\\\/it\\\/#website\"},\"datePublished\":\"2015-10-15T06:48:28+00:00\",\"dateModified\":\"2024-02-14T13:27:15+00:00\",\"breadcrumb\":{\"@id\":\"https:\\\/\\\/pib-extra.com\\\/it\\\/politica-della-qualita\\\/#breadcrumb\"},\"inLanguage\":\"it-IT\",\"potentialAction\":[{\"@type\":\"ReadAction\",\"target\":[\"https:\\\/\\\/pib-extra.com\\\/it\\\/politica-della-qualita\\\/\"]}]},{\"@type\":\"BreadcrumbList\",\"@id\":\"https:\\\/\\\/pib-extra.com\\\/it\\\/politica-della-qualita\\\/#breadcrumb\",\"itemListElement\":[{\"@type\":\"ListItem\",\"position\":1,\"name\":\"Po\u010detna stranica\",\"item\":\"https:\\\/\\\/pib-extra.com\\\/it\\\/\"},{\"@type\":\"ListItem\",\"position\":2,\"name\":\"Politica della Qualit\u00e0\"}]},{\"@type\":\"WebSite\",\"@id\":\"https:\\\/\\\/pib-extra.com\\\/it\\\/#website\",\"url\":\"https:\\\/\\\/pib-extra.com\\\/it\\\/\",\"name\":\"PIB extra\",\"description\":\"Izrada drvenih modela za ljevaonice\",\"publisher\":{\"@id\":\"https:\\\/\\\/pib-extra.com\\\/it\\\/#organization\"},\"potentialAction\":[{\"@type\":\"SearchAction\",\"target\":{\"@type\":\"EntryPoint\",\"urlTemplate\":\"https:\\\/\\\/pib-extra.com\\\/it\\\/?s={search_term_string}\"},\"query-input\":{\"@type\":\"PropertyValueSpecification\",\"valueRequired\":true,\"valueName\":\"search_term_string\"}}],\"inLanguage\":\"it-IT\"},{\"@type\":\"Organization\",\"@id\":\"https:\\\/\\\/pib-extra.com\\\/it\\\/#organization\",\"name\":\"PIB extra\",\"url\":\"https:\\\/\\\/pib-extra.com\\\/it\\\/\",\"logo\":{\"@type\":\"ImageObject\",\"inLanguage\":\"it-IT\",\"@id\":\"https:\\\/\\\/pib-extra.com\\\/it\\\/#\\\/schema\\\/logo\\\/image\\\/\",\"url\":\"https:\\\/\\\/pib-extra.com\\\/wp-content\\\/uploads\\\/2024\\\/01\\\/favicon.png\",\"contentUrl\":\"https:\\\/\\\/pib-extra.com\\\/wp-content\\\/uploads\\\/2024\\\/01\\\/favicon.png\",\"width\":512,\"height\":512,\"caption\":\"PIB extra\"},\"image\":{\"@id\":\"https:\\\/\\\/pib-extra.com\\\/it\\\/#\\\/schema\\\/logo\\\/image\\\/\"},\"sameAs\":[\"https:\\\/\\\/www.facebook.com\\\/pibextra\",\"https:\\\/\\\/www.linkedin.com\\\/company\\\/pib-extra-d-o-o-\\\/\"]}]}<\/script>\n<!-- \/ Yoast SEO plugin. -->","yoast_head_json":{"title":"Politica della Qualit\u00e0 - PIB extra","robots":{"index":"index","follow":"follow","max-snippet":"max-snippet:-1","max-image-preview":"max-image-preview:large","max-video-preview":"max-video-preview:-1"},"canonical":"https:\/\/pib-extra.com\/it\/politica-della-qualita\/","og_locale":"it_IT","og_type":"article","og_title":"Politica della Qualit\u00e0 - PIB extra","og_url":"https:\/\/pib-extra.com\/it\/politica-della-qualita\/","og_site_name":"PIB extra","article_publisher":"https:\/\/www.facebook.com\/pibextra","article_modified_time":"2024-02-14T13:27:15+00:00","og_image":[{"width":1200,"height":675,"url":"https:\/\/pib-extra.com\/wp-content\/uploads\/2024\/01\/pib-extra-cover.jpg","type":"image\/jpeg"}],"twitter_card":"summary_large_image","schema":{"@context":"https:\/\/schema.org","@graph":[{"@type":"WebPage","@id":"https:\/\/pib-extra.com\/it\/politica-della-qualita\/","url":"https:\/\/pib-extra.com\/it\/politica-della-qualita\/","name":"Politica della Qualit\u00e0 - PIB extra","isPartOf":{"@id":"https:\/\/pib-extra.com\/it\/#website"},"datePublished":"2015-10-15T06:48:28+00:00","dateModified":"2024-02-14T13:27:15+00:00","breadcrumb":{"@id":"https:\/\/pib-extra.com\/it\/politica-della-qualita\/#breadcrumb"},"inLanguage":"it-IT","potentialAction":[{"@type":"ReadAction","target":["https:\/\/pib-extra.com\/it\/politica-della-qualita\/"]}]},{"@type":"BreadcrumbList","@id":"https:\/\/pib-extra.com\/it\/politica-della-qualita\/#breadcrumb","itemListElement":[{"@type":"ListItem","position":1,"name":"Po\u010detna stranica","item":"https:\/\/pib-extra.com\/it\/"},{"@type":"ListItem","position":2,"name":"Politica della Qualit\u00e0"}]},{"@type":"WebSite","@id":"https:\/\/pib-extra.com\/it\/#website","url":"https:\/\/pib-extra.com\/it\/","name":"PIB extra","description":"Izrada drvenih modela za ljevaonice","publisher":{"@id":"https:\/\/pib-extra.com\/it\/#organization"},"potentialAction":[{"@type":"SearchAction","target":{"@type":"EntryPoint","urlTemplate":"https:\/\/pib-extra.com\/it\/?s={search_term_string}"},"query-input":{"@type":"PropertyValueSpecification","valueRequired":true,"valueName":"search_term_string"}}],"inLanguage":"it-IT"},{"@type":"Organization","@id":"https:\/\/pib-extra.com\/it\/#organization","name":"PIB extra","url":"https:\/\/pib-extra.com\/it\/","logo":{"@type":"ImageObject","inLanguage":"it-IT","@id":"https:\/\/pib-extra.com\/it\/#\/schema\/logo\/image\/","url":"https:\/\/pib-extra.com\/wp-content\/uploads\/2024\/01\/favicon.png","contentUrl":"https:\/\/pib-extra.com\/wp-content\/uploads\/2024\/01\/favicon.png","width":512,"height":512,"caption":"PIB extra"},"image":{"@id":"https:\/\/pib-extra.com\/it\/#\/schema\/logo\/image\/"},"sameAs":["https:\/\/www.facebook.com\/pibextra","https:\/\/www.linkedin.com\/company\/pib-extra-d-o-o-\/"]}]}},"_links":{"self":[{"href":"https:\/\/pib-extra.com\/it\/wp-json\/wp\/v2\/pages\/19427","targetHints":{"allow":["GET"]}}],"collection":[{"href":"https:\/\/pib-extra.com\/it\/wp-json\/wp\/v2\/pages"}],"about":[{"href":"https:\/\/pib-extra.com\/it\/wp-json\/wp\/v2\/types\/page"}],"author":[{"embeddable":true,"href":"https:\/\/pib-extra.com\/it\/wp-json\/wp\/v2\/users\/4"}],"replies":[{"embeddable":true,"href":"https:\/\/pib-extra.com\/it\/wp-json\/wp\/v2\/comments?post=19427"}],"version-history":[{"count":12,"href":"https:\/\/pib-extra.com\/it\/wp-json\/wp\/v2\/pages\/19427\/revisions"}],"predecessor-version":[{"id":19741,"href":"https:\/\/pib-extra.com\/it\/wp-json\/wp\/v2\/pages\/19427\/revisions\/19741"}],"wp:attachment":[{"href":"https:\/\/pib-extra.com\/it\/wp-json\/wp\/v2\/media?parent=19427"}],"curies":[{"name":"wp","href":"https:\/\/api.w.org\/{rel}","templated":true}]}}