{"id":19393,"date":"2015-10-07T09:06:09","date_gmt":"2015-10-07T07:06:09","guid":{"rendered":"https:\/\/pib-extra.com\/tecnologia\/"},"modified":"2024-02-14T14:27:15","modified_gmt":"2024-02-14T13:27:15","slug":"tecnologia","status":"publish","type":"page","link":"https:\/\/pib-extra.com\/it\/tecnologia\/","title":{"rendered":"Tecnologia"},"content":{"rendered":"<section class=\"l-section wpb_row height_small width_custom\" style=\"--site-content-width:1340px;\"><div class=\"l-section-h i-cf\"><div class=\"g-cols vc_row via_grid cols_2 laptops-cols_inherit tablets-cols_inherit mobiles-cols_1 valign_top type_default stacking_default\"><div class=\"wpb_column vc_column_container\"><div class=\"vc_column-inner\"><div class=\"wpb_text_column\"><div class=\"wpb_wrapper\"><p>La produzione dei <strong>modelli nella fonderia<\/strong> PIB EXTRA S.p.A. ha diversi passaggi. Quando si riceve una richiesta per la proposta dall&#8217;acquirente (e-mail, fax o in forma cartacea), si fa il calcolo dei costi di produzione in un brevissimo periodo di tempo (di solito un giorno o due) e al cliente viene inviata la migliore offerta, con tempi di consegna brevi (meno di otto giorni), per produrre la qualit\u00e0 richiesta dal cliente. Nel 90% dei casi, con una richiesta per la proposta dall&#8217;acquirente, noi riceviamo anche i disegni 2D con uno schizzo di tecnologia (modello di distribuzione, di base, parti intercambiabili, ecc). Per calcolare la nostra offerta \u00e8 sufficiente concordare la tecnologia primaria del colaggio. er quanto riguarda l&#8217;esecuzione dei progetti, <strong>i clienti sono continuamente informati sullo stato dei loro prodotti<\/strong> mediantela documentazione digitale e la comunicazione con i loro uffici tecnici, in modo che abbiano accesso a quasi tutte le fasi del processo produttivo. La novit\u00e0 che PIB EXTRA S.p.A. offre al mercato \u00e8 <strong>un ritorno di servizi di ingegneria (ing. Reverse engineering) e la scansione 3D<\/strong>. Nel processo, siamo in grado dal pezzo finito mediante la scansione ottenere 2D e 3D documentazione. Per questo processo utilizziamo le attrezzature moderne dal produttore di fama mondiale FARO.<\/p>\n<\/div><\/div><\/div><\/div><div class=\"wpb_column vc_column_container\"><div class=\"vc_column-inner\"><div class=\"w-slider style_none fit_scaledown nav_dots count_3\"><div class=\"w-slider-h\" aria-hidden=\"true\"><div class=\"royalSlider\"><div class=\"rsContent\"><a class=\"rsImg\" data-rsw=\"656\" data-rsh=\"437\" href=\"https:\/\/pib-extra.com\/wp-content\/uploads\/2024\/01\/tehnologija.jpg\"><span data-alt=\"\"><\/span><\/a><\/div><div class=\"rsContent\"><a class=\"rsImg\" data-rsw=\"1024\" data-rsh=\"683\" href=\"https:\/\/pib-extra.com\/wp-content\/uploads\/2021\/01\/PIB-Extra-1676_1620x1080-1-1024x683.jpg\"><span data-alt=\"\"><\/span><\/a><\/div><div class=\"rsContent\"><a class=\"rsImg\" data-rsw=\"1024\" data-rsh=\"683\" href=\"https:\/\/pib-extra.com\/wp-content\/uploads\/2024\/01\/DSCF4550-1024x683.jpg\"><span data-alt=\"\"><\/span><\/a><\/div><\/div><img decoding=\"async\" src=\"https:\/\/pib-extra.com\/wp-content\/uploads\/2024\/01\/tehnologija.jpg\" width=\"656\" height=\"437\" alt loading=\"lazy\"><\/div><div class=\"w-slider-json\" onclick='return {&quot;autoScaleSlider&quot;:true,&quot;addActiveClass&quot;:true,&quot;loop&quot;:true,&quot;fadeInLoadedSlide&quot;:false,&quot;slidesSpacing&quot;:0,&quot;imageScalePadding&quot;:0,&quot;numImagesToPreload&quot;:2,&quot;arrowsNav&quot;:true,&quot;arrowsNavAutoHide&quot;:false,&quot;transitionType&quot;:&quot;fade&quot;,&quot;transitionSpeed&quot;:250,&quot;block&quot;:{&quot;moveEffect&quot;:&quot;none&quot;,&quot;speed&quot;:300},&quot;thumbs&quot;:{&quot;fitInViewport&quot;:false,&quot;firstMargin&quot;:false,&quot;spacing&quot;:4},&quot;controlNavigation&quot;:&quot;bullets&quot;,&quot;autoplay&quot;:{&quot;enabled&quot;:true,&quot;pauseOnHover&quot;:true,&quot;delay&quot;:4000},&quot;autoScaleSliderWidth&quot;:656,&quot;autoScaleSliderHeight&quot;:437}'><\/div><\/div><\/div><\/div><\/div><\/div><\/section><section class=\"l-section wpb_row height_small color_alternate\"><div class=\"l-section-h i-cf\"><div class=\"g-cols vc_row via_grid cols_1 laptops-cols_inherit tablets-cols_inherit mobiles-cols_1 valign_top type_default stacking_default\"><div class=\"wpb_column vc_column_container\"><div class=\"vc_column-inner\"><h2 class=\"w-text us_custom_40824568 jc-font-size-h1\"><span class=\"w-text-h\"><span class=\"w-text-value\">Flusso della produzione<\/span><\/span><\/h2><\/div><\/div><\/div><\/div><\/section><section class=\"l-section wpb_row height_small\"><div class=\"l-section-h i-cf\"><div class=\"g-cols vc_row via_grid cols_1 laptops-cols_inherit tablets-cols_inherit mobiles-cols_1 valign_top type_default stacking_default\"><div class=\"wpb_column vc_column_container\"><div class=\"vc_column-inner\"><div class=\"wpb_text_column\"><div class=\"wpb_wrapper\"><ol>\n<li>Dopo della modellazione CAD, il nostro ufficio tecnico vi invier\u00e0, in base ai vostri schizzi 2D e bozze (o 3D), il nuovo set dei dati 3D che contengono una visione 3D della tecnologia della colata, il modello, la distribuzione, nucleo, nucleo speciale &#8230; Questa visione 3D inviamo il giorno dopo al cliente via e-mail in PDF 3D o exe- formato, in modo che il cliente possa visivamente controllare la tecnologia fatta. Cos\u00ec il cliente pu\u00f2 vedere tutto e decidere di modificare o aggiungere qualcosa.<\/li>\n<li>Il disegno in misura 1: 1. (Aufris) pi\u00f9 altre parti importanti (una scuola vecchia di modellazione- tutti i disegni in una variet\u00e0 di colori e con tutte le misure) &#8211; modelli di distribuzione, accessori di trasformazione, cono e cos\u00ec via. Tutto questo viene inviato al cliente via e-mail nel formato DWG o PDF per poter vedere e controllare tutte le misure. Dopo tutto questo, il cliente pu\u00f2 essere sicuro che cosa sar\u00e0 consegnato.<\/li>\n<li>Il nostro impianto di produzione produce modelli in tre turni, in modo che il modello di produzione finale sia pronto in brevissimo tempo (una produzione CAD \/ CAM moderna). Noi garantiamo la nostra qualit\u00e0. Due giorni prima della consegna, il cliente riceve via e-mail, le foto del modello finito, dei nuclei etc.<\/li>\n<\/ol>\n<\/div><\/div><div class=\"w-separator size_small\"><\/div><div class=\"w-image align_center\"><div class=\"w-image-h\"><img decoding=\"async\" width=\"1024\" height=\"716\" src=\"https:\/\/pib-extra.com\/wp-content\/uploads\/2024\/01\/proizvodnjaIT-1024x716.jpg\" class=\"attachment-large size-large\" alt=\"FLUSSO DELLA PRODUZIONE\" loading=\"lazy\" srcset=\"https:\/\/pib-extra.com\/wp-content\/uploads\/2024\/01\/proizvodnjaIT-1024x716.jpg 1024w, https:\/\/pib-extra.com\/wp-content\/uploads\/2024\/01\/proizvodnjaIT-300x210.jpg 300w, https:\/\/pib-extra.com\/wp-content\/uploads\/2024\/01\/proizvodnjaIT.jpg 1536w\" sizes=\"auto, (max-width: 1024px) 100vw, 1024px\" \/><\/div><\/div><\/div><\/div><\/div><\/div><\/section>\n","protected":false},"excerpt":{"rendered":"","protected":false},"author":4,"featured_media":18715,"parent":0,"menu_order":90,"comment_status":"closed","ping_status":"closed","template":"","meta":{"_acf_changed":false,"footnotes":""},"class_list":["post-19393","page","type-page","status-publish","has-post-thumbnail","hentry"],"acf":[],"yoast_head":"<!-- This site is optimized with the Yoast SEO plugin v27.4 - https:\/\/yoast.com\/product\/yoast-seo-wordpress\/ -->\n<title>Tecnologia - PIB extra<\/title>\n<meta name=\"robots\" content=\"index, follow, max-snippet:-1, max-image-preview:large, max-video-preview:-1\" \/>\n<link rel=\"canonical\" href=\"https:\/\/pib-extra.com\/it\/tecnologia\/\" \/>\n<meta property=\"og:locale\" content=\"it_IT\" \/>\n<meta property=\"og:type\" content=\"article\" \/>\n<meta property=\"og:title\" content=\"Tecnologia - PIB extra\" \/>\n<meta property=\"og:url\" content=\"https:\/\/pib-extra.com\/it\/tecnologia\/\" \/>\n<meta property=\"og:site_name\" content=\"PIB extra\" \/>\n<meta property=\"article:publisher\" content=\"https:\/\/www.facebook.com\/pibextra\" \/>\n<meta property=\"article:modified_time\" content=\"2024-02-14T13:27:15+00:00\" \/>\n<meta property=\"og:image\" content=\"https:\/\/pib-extra.com\/wp-content\/uploads\/2021\/01\/PIB-Extra-1676_1620x1080-1.jpg\" \/>\n\t<meta property=\"og:image:width\" content=\"1620\" \/>\n\t<meta property=\"og:image:height\" content=\"1080\" \/>\n\t<meta property=\"og:image:type\" content=\"image\/jpeg\" \/>\n<meta name=\"twitter:card\" content=\"summary_large_image\" \/>\n<script type=\"application\/ld+json\" class=\"yoast-schema-graph\">{\"@context\":\"https:\\\/\\\/schema.org\",\"@graph\":[{\"@type\":\"WebPage\",\"@id\":\"https:\\\/\\\/pib-extra.com\\\/it\\\/tecnologia\\\/\",\"url\":\"https:\\\/\\\/pib-extra.com\\\/it\\\/tecnologia\\\/\",\"name\":\"Tecnologia - PIB extra\",\"isPartOf\":{\"@id\":\"https:\\\/\\\/pib-extra.com\\\/it\\\/#website\"},\"primaryImageOfPage\":{\"@id\":\"https:\\\/\\\/pib-extra.com\\\/it\\\/tecnologia\\\/#primaryimage\"},\"image\":{\"@id\":\"https:\\\/\\\/pib-extra.com\\\/it\\\/tecnologia\\\/#primaryimage\"},\"thumbnailUrl\":\"https:\\\/\\\/pib-extra.com\\\/wp-content\\\/uploads\\\/2021\\\/01\\\/PIB-Extra-1676_1620x1080-1.jpg\",\"datePublished\":\"2015-10-07T07:06:09+00:00\",\"dateModified\":\"2024-02-14T13:27:15+00:00\",\"breadcrumb\":{\"@id\":\"https:\\\/\\\/pib-extra.com\\\/it\\\/tecnologia\\\/#breadcrumb\"},\"inLanguage\":\"it-IT\",\"potentialAction\":[{\"@type\":\"ReadAction\",\"target\":[\"https:\\\/\\\/pib-extra.com\\\/it\\\/tecnologia\\\/\"]}]},{\"@type\":\"ImageObject\",\"inLanguage\":\"it-IT\",\"@id\":\"https:\\\/\\\/pib-extra.com\\\/it\\\/tecnologia\\\/#primaryimage\",\"url\":\"https:\\\/\\\/pib-extra.com\\\/wp-content\\\/uploads\\\/2021\\\/01\\\/PIB-Extra-1676_1620x1080-1.jpg\",\"contentUrl\":\"https:\\\/\\\/pib-extra.com\\\/wp-content\\\/uploads\\\/2021\\\/01\\\/PIB-Extra-1676_1620x1080-1.jpg\",\"width\":1620,\"height\":1080},{\"@type\":\"BreadcrumbList\",\"@id\":\"https:\\\/\\\/pib-extra.com\\\/it\\\/tecnologia\\\/#breadcrumb\",\"itemListElement\":[{\"@type\":\"ListItem\",\"position\":1,\"name\":\"Po\u010detna stranica\",\"item\":\"https:\\\/\\\/pib-extra.com\\\/it\\\/\"},{\"@type\":\"ListItem\",\"position\":2,\"name\":\"Tecnologia\"}]},{\"@type\":\"WebSite\",\"@id\":\"https:\\\/\\\/pib-extra.com\\\/it\\\/#website\",\"url\":\"https:\\\/\\\/pib-extra.com\\\/it\\\/\",\"name\":\"PIB extra\",\"description\":\"Izrada drvenih modela za ljevaonice\",\"publisher\":{\"@id\":\"https:\\\/\\\/pib-extra.com\\\/it\\\/#organization\"},\"potentialAction\":[{\"@type\":\"SearchAction\",\"target\":{\"@type\":\"EntryPoint\",\"urlTemplate\":\"https:\\\/\\\/pib-extra.com\\\/it\\\/?s={search_term_string}\"},\"query-input\":{\"@type\":\"PropertyValueSpecification\",\"valueRequired\":true,\"valueName\":\"search_term_string\"}}],\"inLanguage\":\"it-IT\"},{\"@type\":\"Organization\",\"@id\":\"https:\\\/\\\/pib-extra.com\\\/it\\\/#organization\",\"name\":\"PIB extra\",\"url\":\"https:\\\/\\\/pib-extra.com\\\/it\\\/\",\"logo\":{\"@type\":\"ImageObject\",\"inLanguage\":\"it-IT\",\"@id\":\"https:\\\/\\\/pib-extra.com\\\/it\\\/#\\\/schema\\\/logo\\\/image\\\/\",\"url\":\"https:\\\/\\\/pib-extra.com\\\/wp-content\\\/uploads\\\/2024\\\/01\\\/favicon.png\",\"contentUrl\":\"https:\\\/\\\/pib-extra.com\\\/wp-content\\\/uploads\\\/2024\\\/01\\\/favicon.png\",\"width\":512,\"height\":512,\"caption\":\"PIB extra\"},\"image\":{\"@id\":\"https:\\\/\\\/pib-extra.com\\\/it\\\/#\\\/schema\\\/logo\\\/image\\\/\"},\"sameAs\":[\"https:\\\/\\\/www.facebook.com\\\/pibextra\",\"https:\\\/\\\/www.linkedin.com\\\/company\\\/pib-extra-d-o-o-\\\/\"]}]}<\/script>\n<!-- \/ Yoast SEO plugin. -->","yoast_head_json":{"title":"Tecnologia - PIB extra","robots":{"index":"index","follow":"follow","max-snippet":"max-snippet:-1","max-image-preview":"max-image-preview:large","max-video-preview":"max-video-preview:-1"},"canonical":"https:\/\/pib-extra.com\/it\/tecnologia\/","og_locale":"it_IT","og_type":"article","og_title":"Tecnologia - PIB extra","og_url":"https:\/\/pib-extra.com\/it\/tecnologia\/","og_site_name":"PIB extra","article_publisher":"https:\/\/www.facebook.com\/pibextra","article_modified_time":"2024-02-14T13:27:15+00:00","og_image":[{"width":1620,"height":1080,"url":"https:\/\/pib-extra.com\/wp-content\/uploads\/2021\/01\/PIB-Extra-1676_1620x1080-1.jpg","type":"image\/jpeg"}],"twitter_card":"summary_large_image","schema":{"@context":"https:\/\/schema.org","@graph":[{"@type":"WebPage","@id":"https:\/\/pib-extra.com\/it\/tecnologia\/","url":"https:\/\/pib-extra.com\/it\/tecnologia\/","name":"Tecnologia - PIB extra","isPartOf":{"@id":"https:\/\/pib-extra.com\/it\/#website"},"primaryImageOfPage":{"@id":"https:\/\/pib-extra.com\/it\/tecnologia\/#primaryimage"},"image":{"@id":"https:\/\/pib-extra.com\/it\/tecnologia\/#primaryimage"},"thumbnailUrl":"https:\/\/pib-extra.com\/wp-content\/uploads\/2021\/01\/PIB-Extra-1676_1620x1080-1.jpg","datePublished":"2015-10-07T07:06:09+00:00","dateModified":"2024-02-14T13:27:15+00:00","breadcrumb":{"@id":"https:\/\/pib-extra.com\/it\/tecnologia\/#breadcrumb"},"inLanguage":"it-IT","potentialAction":[{"@type":"ReadAction","target":["https:\/\/pib-extra.com\/it\/tecnologia\/"]}]},{"@type":"ImageObject","inLanguage":"it-IT","@id":"https:\/\/pib-extra.com\/it\/tecnologia\/#primaryimage","url":"https:\/\/pib-extra.com\/wp-content\/uploads\/2021\/01\/PIB-Extra-1676_1620x1080-1.jpg","contentUrl":"https:\/\/pib-extra.com\/wp-content\/uploads\/2021\/01\/PIB-Extra-1676_1620x1080-1.jpg","width":1620,"height":1080},{"@type":"BreadcrumbList","@id":"https:\/\/pib-extra.com\/it\/tecnologia\/#breadcrumb","itemListElement":[{"@type":"ListItem","position":1,"name":"Po\u010detna stranica","item":"https:\/\/pib-extra.com\/it\/"},{"@type":"ListItem","position":2,"name":"Tecnologia"}]},{"@type":"WebSite","@id":"https:\/\/pib-extra.com\/it\/#website","url":"https:\/\/pib-extra.com\/it\/","name":"PIB extra","description":"Izrada drvenih modela za ljevaonice","publisher":{"@id":"https:\/\/pib-extra.com\/it\/#organization"},"potentialAction":[{"@type":"SearchAction","target":{"@type":"EntryPoint","urlTemplate":"https:\/\/pib-extra.com\/it\/?s={search_term_string}"},"query-input":{"@type":"PropertyValueSpecification","valueRequired":true,"valueName":"search_term_string"}}],"inLanguage":"it-IT"},{"@type":"Organization","@id":"https:\/\/pib-extra.com\/it\/#organization","name":"PIB extra","url":"https:\/\/pib-extra.com\/it\/","logo":{"@type":"ImageObject","inLanguage":"it-IT","@id":"https:\/\/pib-extra.com\/it\/#\/schema\/logo\/image\/","url":"https:\/\/pib-extra.com\/wp-content\/uploads\/2024\/01\/favicon.png","contentUrl":"https:\/\/pib-extra.com\/wp-content\/uploads\/2024\/01\/favicon.png","width":512,"height":512,"caption":"PIB extra"},"image":{"@id":"https:\/\/pib-extra.com\/it\/#\/schema\/logo\/image\/"},"sameAs":["https:\/\/www.facebook.com\/pibextra","https:\/\/www.linkedin.com\/company\/pib-extra-d-o-o-\/"]}]}},"_links":{"self":[{"href":"https:\/\/pib-extra.com\/it\/wp-json\/wp\/v2\/pages\/19393","targetHints":{"allow":["GET"]}}],"collection":[{"href":"https:\/\/pib-extra.com\/it\/wp-json\/wp\/v2\/pages"}],"about":[{"href":"https:\/\/pib-extra.com\/it\/wp-json\/wp\/v2\/types\/page"}],"author":[{"embeddable":true,"href":"https:\/\/pib-extra.com\/it\/wp-json\/wp\/v2\/users\/4"}],"replies":[{"embeddable":true,"href":"https:\/\/pib-extra.com\/it\/wp-json\/wp\/v2\/comments?post=19393"}],"version-history":[{"count":5,"href":"https:\/\/pib-extra.com\/it\/wp-json\/wp\/v2\/pages\/19393\/revisions"}],"predecessor-version":[{"id":19398,"href":"https:\/\/pib-extra.com\/it\/wp-json\/wp\/v2\/pages\/19393\/revisions\/19398"}],"wp:featuredmedia":[{"embeddable":true,"href":"https:\/\/pib-extra.com\/it\/wp-json\/wp\/v2\/media\/18715"}],"wp:attachment":[{"href":"https:\/\/pib-extra.com\/it\/wp-json\/wp\/v2\/media?parent=19393"}],"curies":[{"name":"wp","href":"https:\/\/api.w.org\/{rel}","templated":true}]}}