{"id":19526,"date":"2022-03-18T07:05:46","date_gmt":"2022-03-18T06:05:46","guid":{"rendered":"https:\/\/pib-extra.com\/pravila-privatnosti\/"},"modified":"2024-02-14T14:27:13","modified_gmt":"2024-02-14T13:27:13","slug":"politique-de-confidentialite","status":"publish","type":"page","link":"https:\/\/pib-extra.com\/fr\/politique-de-confidentialite\/","title":{"rendered":"Politique de confidentialit\u00e9"},"content":{"rendered":"<section class=\"l-section wpb_row height_small\"><div class=\"l-section-h i-cf\"><div class=\"g-cols vc_row via_grid cols_1 laptops-cols_inherit tablets-cols_inherit mobiles-cols_1 valign_top type_default stacking_default\"><div class=\"wpb_column vc_column_container\"><div class=\"vc_column-inner\"><div class=\"wpb_text_column jc-margin-h-center jc-max-w-800\"><div class=\"wpb_wrapper\"><p>PIB extra d.o.o. vlasnik je stranice www.pib-extra.hr. Ovim putem \u017eelimo Vas obavijestiti da brinemo o Va\u0161oj privatnosti i sigurnosti Va\u0161ih osobnih podataka te Vas informirati o na\u010dinima skupljanja i obrade osobnih podataka na ovoj web stranici. Prikupljanje, kori\u0161tenje i obrada Va\u0161ih osobnih podataka provodi se u skladu s ovim Pravilima privatnosti te odredbama\u00a0<a href=\"https:\/\/narodne-novine.nn.hr\/clanci\/sluzbeni\/2018_05_42_805.html\" target=\"_blank\" rel=\"noopener\">Zakona o za\u0161titi privatnih podataka<\/a>\u00a0(NN 103\/03, 118\/06, 41\/08, 130\/11, 106\/12), odnosno drugih va\u017ee\u0107ih propisa primjenjivih u Republici Hrvatskoj, koji ure\u0111uju za\u0161titu osobnih podataka.<\/p>\n<\/div><\/div><div class=\"w-separator size_small\"><\/div><div class=\"w-iconbox us_custom_807946b3 jc-margin-h-center jc-max-w-800 iconpos_left style_default color_custom align_left no_text\"><a target=\"_blank\" href=\"https:\/\/pib-extra.com\/wp-content\/uploads\/2022\/03\/1934_001-2.pdf\" class=\"w-iconbox-link\" aria-label=\"Protokol o na\u010dinu obrade i mjerama za\u0161tite osobnih podataka obra\u0111enih putem videonadzora\"><div class=\"w-iconbox-icon\" style=\"font-size:1.4rem;--icon-color:#d92152;\"><i class=\"fas fa-file-pdf\"><\/i><\/div><\/a><div class=\"w-iconbox-meta\"><h6 class=\"w-iconbox-title\" style=\"font-size:1rem;\"><a target=\"_blank\" href=\"https:\/\/pib-extra.com\/wp-content\/uploads\/2022\/03\/1934_001-2.pdf\" class=\"w-iconbox-link\" aria-label=\"Protokol o na\u010dinu obrade i mjerama za\u0161tite osobnih podataka obra\u0111enih putem videonadzora\">Protokol o na\u010dinu obrade i mjerama za\u0161tite osobnih podataka obra\u0111enih putem videonadzora<\/a><\/h6><\/div><\/div><div class=\"w-iconbox us_custom_807946b3 jc-margin-h-center jc-max-w-800 iconpos_left style_default color_custom align_left no_text\"><a target=\"_blank\" href=\"https:\/\/pib-extra.com\/wp-content\/uploads\/2022\/03\/1933_001.pdf\" class=\"w-iconbox-link\" aria-label=\"Obavijest o obradi osobnih podataka putem videonadzora\"><div class=\"w-iconbox-icon\" style=\"font-size:1.4rem;--icon-color:#d92152;\"><i class=\"fas fa-file-pdf\"><\/i><\/div><\/a><div class=\"w-iconbox-meta\"><h6 class=\"w-iconbox-title\" style=\"font-size:1rem;\"><a target=\"_blank\" href=\"https:\/\/pib-extra.com\/wp-content\/uploads\/2022\/03\/1933_001.pdf\" class=\"w-iconbox-link\" aria-label=\"Obavijest o obradi osobnih podataka putem videonadzora\">Obavijest o obradi osobnih podataka putem videonadzora<\/a><\/h6><\/div><\/div><div class=\"w-separator size_small\"><\/div><div class=\"wpb_text_column jc-margin-h-center jc-max-w-800\"><div class=\"wpb_wrapper\"><h3>UVJETI KORI\u0160TENJA WEB STRANICA I SADR\u017dAJA<\/h3>\n<p>Svi posjetitelji web stranice koji su do\u0161li preko adresa www.pib-extra.hr ili bilo koje druge adrese pristaju na uvjete kori\u0161tenja koji su u nastavku. Sve korisnike koji se ne sla\u017eu s navedenim uvjetima molimo da ne koriste ovu web stranicu za pregled.<\/p>\n<p>Tvrtka PIB extra d.o.o. zadr\u017eava pravo promjene uvjeta kori\u0161tenja bez prethodne najave i to djelomi\u010dno ili u potpunosti u bilo koje vrijeme. Molimo Vas da prije pregleda stranice provjerite Uvjete kori\u0161tenja kako ne bi dolazilo do nesporazuma prilikom kontaktiranja.<\/p>\n<p>Tvrtka PIB extra d.o.o. ne jam\u010di stalnu dostupnost stranice www.pib-extra.hr, ne jam\u010di da stranica ne\u0107e sadr\u017eavati gre\u0161ke te to\u010dnost i pouzdanost objavljenih podataka ili istovjetnost prikazanih slika sa stvarnim artiklima. Kori\u0161tenje web stranica je na izri\u010ditu vlastitu odgovornost. Tvrtka PIB extra d.o.o. ne odgovara za bilo kakvu \u0161tetu nastalu kori\u0161tenjem stranice www.pib-extra.hr.<\/p>\n<p>Svi prikupljeni podaci strogo se \u010duvaju i dostupni su samo djelatnicima tvrtke PIB extra d.o.o. Svi djelatnici i partneri tvrtke PIB extra d.o.o. odgovorni su za po\u0161tivanje na\u010dela za\u0161tite privatnosti.<\/p>\n<h3>AUTORSKA PRAVA<\/h3>\n<p>Autorska prava su u cijelosti zadr\u017eana. Cjelokupan sadr\u017eaj i formati na stranicama\u00a0<a href=\"https:\/\/pib-extra.com\/\">www.pib-extra.hr<\/a>\u00a0su vlasni\u0161tvo tvrtke PIB extra d.o.o. Sav sadr\u017eaj koji se nalazi na na\u0161im stranicama, ukoliko nije u osobne svrhe, ne smije se bez na\u0161eg dopu\u0161tenja koristiti niti dalje ustupati tre\u0107im strankama. Autorska prava u bilo kojem skinutom materijalu nisu prenosiva na Vas u slu\u010daju bilo kakvog skidanja ili kopiranja. Nije dozvoljeno reproducirati objavljivati, distribuirati, pokazivati, modificirati, kreirati derivirani rad, u cjelini ili u dijelovima, bilo koji dio sadr\u017eaja, stranica.<\/p>\n<h3>PRIKUPLJANJE OSOBNIH PODATAKA<\/h3>\n<p>Osobni podatak jest svaki podatak pomo\u0107u kojeg se mo\u017ee utvrditi identitet pojedinca izravno ili neizravno, posebno kroz identifikacijski broj, podatke o lokaciji, mre\u017eni identifikator ili uz pomo\u0107 jednog ili vi\u0161e \u010dimbenika svojstvenih za fizi\u010dki, fiziolo\u0161ki, genetski, mentalni, ekonomski, kulturni ili socijalni identitet tog pojedinca.<\/p>\n<p>Va\u017eno je napomenuti da Va\u0161e osobne podatke prikupljamo isklju\u010divo onda kada nam svojom voljom date takve informacije ili kada je to potrebno za npr. sklapanje ugovora na Va\u0161 zahtjev. Te podatke prikupljamo kada ispunite obrazac (kontakt ili natje\u010daj za posao) te kada svoje osobne podatke ostavite telefonom ili elektroni\u010dkom po\u0161tom kada koristite na\u0161e usluge.<\/p>\n<h3>PRIKUPLJANJE NEOSOBNIH PODATAKA (COOKIES POLICY)<\/h3>\n<p>Neosobne informacije i podatke prikupljamo putem na\u0161ih servera ili kori\u0161tenjem \u201ekola\u010di\u0107a\u201c (eng. cookies). Prihva\u0107anjem kola\u010di\u0107a, prihva\u0107ate na\u0161u politiku o kola\u010di\u0107ima.<\/p>\n<p>Kako bi ova web stranica radila ispravno sa svim svojim funkcionalnostima te da bi mogli dalje raditi na unaprje\u0111enju stranice i pobolj\u0161anju korisni\u010dkog iskustva, potrebni su nam kola\u010di\u0107i. Obvezni smo prije spremanja kola\u010di\u0107a zatra\u017eiti Va\u0161 pristanak. To zna\u010di da kori\u0161tenjem ove web stranice pristajete na uporabu tih datoteka. Ako onemogu\u0107ite kola\u010di\u0107e, ne\u0107ete mo\u0107i koristiti pojedine funkcionalnosti web mjesta koje su podr\u017eane tom tehnologijom.<\/p>\n<p>Termin cookies koristimo za sve datoteke koje na prethodno opisani na\u010din prikupljaju podatke. Postoji nekoliko tipova kola\u010di\u0107a:<\/p>\n<p>Privremeni kola\u010di\u0107i (sesije):\u00a0automatski se uklanjaju s Va\u0161eg ra\u010dunala kada zatvorite web preglednik. Pomo\u0107u njih web mjesta pohranjuju privremene podatke (npr. stavke u ko\u0161arici za kupnju)<\/p>\n<p>Stalni kola\u010di\u0107i:\u00a0ostaju spremljeni na Va\u0161em ra\u010dunalu i nakon zatvaranja web preglednika. Pomo\u0107u njih web stranice pohranjuju podatke \u2013 naj\u010de\u0161\u0107e je rije\u010d o Va\u0161im postavkama kod kori\u0161tenja stranice. Stalni kola\u010di\u0107i \u0107e ostati na Va\u0161em ra\u010dunalu tako dugo dok ih ru\u010dno ne uklonite ili dok im ne istekne rok.<\/p>\n<p>Kola\u010di\u0107i prve strane:\u00a0dolaze s web mjesta kojeg gledate, a to su privremeni ili stalni. Pomo\u0107u njih web mjesta pohranjuju podatke kao \u0161to su ime i lozinka, s ciljem da se ne morate prijavljivati prilikom svakog posjeta.<\/p>\n<p>Kola\u010di\u0107i tre\u0107e strane:\u00a0pripadaju razli\u010ditim domenama od onog prikazanog u adresnoj traci. Web stranice mogu sadr\u017eavati sadr\u017eaj iz drugih podru\u010dja (kao \u0161to su banneri), \u0161to otvara mogu\u0107nost za pra\u0107enje korisni\u010dke povijesti pregledavanja. Mogu\u0107nosti pode\u0161avanja privatnosti u ve\u0107ini modernih preglednika omogu\u0107uju blokiranje kola\u010di\u0107a tre\u0107e strane.<\/p>\n<p>Kako onemogu\u0107iti kola\u010di\u0107e?<br \/>\nIsklju\u010divanjem kola\u010di\u0107a odlu\u010dujete ho\u0107ete li dopustiti njihovo pohranjivanje na Va\u0161em ra\u010dunalu. Postavke mogu se kontrolirati i mijenjati u Va\u0161em web pregledniku. Za informacije o postavkama kola\u010di\u0107a, odaberite web-preglednik koji koristite: \u2022\u00a0<a href=\"https:\/\/support.google.com\/accounts\/answer\/61416?co=GENIE.Platform=Desktop&amp;hl=en\" target=\"_blank\" rel=\"noopener\">Chrome\u00a0<\/a>\u2022\u00a0<a href=\"https:\/\/support.mozilla.org\/en-US\/kb\/enable-and-disable-cookies-website-preferences\" target=\"_blank\" rel=\"noopener\">Firefox\u00a0<\/a>\u2022\u00a0<a href=\"https:\/\/support.microsoft.com\/en-us\/help\/17442\/windows-internet-explorer-delete-manage-cookies\" target=\"_blank\" rel=\"noopener\">Internet Explorer<\/a>\u00a0\u2022\u00a0<a href=\"https:\/\/blogs.opera.com\/news\/2015\/08\/how-to-manage-cookies-in-opera\/\" target=\"_blank\" rel=\"noopener\">Opera<\/a>\u00a0\u2022\u00a0<a href=\"https:\/\/support.apple.com\/guide\/safari\/manage-cookies-and-website-data-sfri11471\/mac\" target=\"_blank\" rel=\"noopener\">Safari<\/a>.<\/p>\n<p>Ako onemogu\u0107ite kola\u010di\u0107e, ne\u0107ete mo\u0107i koristiti pojedine funkcionalnosti web stranice.<\/p>\n<h3>SVRHA OBRADE PODATAKA<\/h3>\n<p>Tvrtka PIB extra d.o.o. prikuplja Va\u0161e osobne i neosobne informacije u jednu ili vi\u0161e navedenih svrha:<\/p>\n<ul>\n<li>radi personalizacije va\u0161eg pretra\u017eivanja, odnosno odgovaranje na Va\u0161e individualne potrebe<\/li>\n<li>radi pobolj\u0161anja na\u0161e web stranice, a time i pobolj\u0161anja Va\u0161eg korisni\u010dkog iskustva<\/li>\n<li>za unaprje\u0111enje na\u0161ih usluga<\/li>\n<li>za uspostavu komunikacije s Vama<\/li>\n<\/ul>\n<h3>ROK \u010cUVANJA PODATAKA I ODUSTANAK<\/h3>\n<p>Prikupljeni osobni podaci pohranjuju se na vrijeme potrebno za ispunjenje svrhe prikupljanja, a u skladu sa Zakonom o za\u0161titi osobnih podataka te se nakon toga bri\u0161u.<\/p>\n<p>Korisnik u svako doba mo\u017ee povu\u0107i svoju privolu pisanom obavijesti, osim ako se radi o obradi podataka u statisti\u010dke svrhe, kada osobni podaci ne omogu\u0107uju identifikaciju osobe na koju se odnose. Korisnik mo\u017ee zatra\u017eiti i izmjenu ili ispravak osobnih podataka koje je svojevoljno dao na obradu.<\/p>\n<h3>KONTAKT PODACI ZA UPITE ILI PRITU\u017dBE<\/h3>\n<p>Prema zakonu o za\u0161titi potro\u0161a\u010da, obavje\u0161tavamo Vas da, ukoliko imate primjedbe pisani prigovor mo\u017eete poslati:<\/p>\n<ul>\n<li>po\u0161tom na adresu: PIB extra, Bra\u0107e Radi\u0107 67, \u0160tefanec, 40 000 \u010cakovec<\/li>\n<li>elektroni\u010dkom po\u0161tom na e-mail: <a href=\"mailto:pib-extra@pib-extra.hr\">pib-extra@pib-extra.hr<\/a><\/li>\n<\/ul>\n<p>Na Va\u0161 prigovor odgovorit \u0107emo u pisanom obliku u roku 15 dana od zaprimanja istog.<\/p>\n<\/div><\/div><\/div><\/div><\/div><\/div><\/section>\n","protected":false},"excerpt":{"rendered":"","protected":false},"author":4,"featured_media":0,"parent":0,"menu_order":68,"comment_status":"closed","ping_status":"closed","template":"","meta":{"_acf_changed":false,"footnotes":""},"class_list":["post-19526","page","type-page","status-publish","hentry"],"acf":[],"yoast_head":"<!-- This site is optimized with the Yoast SEO plugin v27.4 - https:\/\/yoast.com\/product\/yoast-seo-wordpress\/ -->\n<title>Politique de confidentialit\u00e9 - PIB extra<\/title>\n<meta name=\"robots\" content=\"noindex, nofollow\" \/>\n<meta property=\"og:locale\" content=\"fr_FR\" \/>\n<meta property=\"og:type\" content=\"article\" \/>\n<meta property=\"og:title\" content=\"Politique de confidentialit\u00e9 - PIB extra\" \/>\n<meta property=\"og:url\" content=\"https:\/\/pib-extra.com\/fr\/politique-de-confidentialite\/\" \/>\n<meta property=\"og:site_name\" content=\"PIB extra\" \/>\n<meta property=\"article:publisher\" content=\"https:\/\/www.facebook.com\/pibextra\" \/>\n<meta property=\"article:modified_time\" content=\"2024-02-14T13:27:13+00:00\" \/>\n<meta property=\"og:image\" content=\"https:\/\/pib-extra.com\/wp-content\/uploads\/2024\/01\/pib-extra-cover.jpg\" \/>\n\t<meta property=\"og:image:width\" content=\"1200\" \/>\n\t<meta property=\"og:image:height\" content=\"675\" \/>\n\t<meta property=\"og:image:type\" content=\"image\/jpeg\" \/>\n<meta name=\"twitter:card\" content=\"summary_large_image\" \/>\n<script type=\"application\/ld+json\" class=\"yoast-schema-graph\">{\"@context\":\"https:\\\/\\\/schema.org\",\"@graph\":[{\"@type\":\"WebPage\",\"@id\":\"https:\\\/\\\/pib-extra.com\\\/fr\\\/politique-de-confidentialite\\\/\",\"url\":\"https:\\\/\\\/pib-extra.com\\\/fr\\\/politique-de-confidentialite\\\/\",\"name\":\"Politique de confidentialit\u00e9 - PIB extra\",\"isPartOf\":{\"@id\":\"https:\\\/\\\/pib-extra.com\\\/fr\\\/#website\"},\"datePublished\":\"2022-03-18T06:05:46+00:00\",\"dateModified\":\"2024-02-14T13:27:13+00:00\",\"breadcrumb\":{\"@id\":\"https:\\\/\\\/pib-extra.com\\\/fr\\\/politique-de-confidentialite\\\/#breadcrumb\"},\"inLanguage\":\"fr-FR\",\"potentialAction\":[{\"@type\":\"ReadAction\",\"target\":[\"https:\\\/\\\/pib-extra.com\\\/fr\\\/politique-de-confidentialite\\\/\"]}]},{\"@type\":\"BreadcrumbList\",\"@id\":\"https:\\\/\\\/pib-extra.com\\\/fr\\\/politique-de-confidentialite\\\/#breadcrumb\",\"itemListElement\":[{\"@type\":\"ListItem\",\"position\":1,\"name\":\"Po\u010detna stranica\",\"item\":\"https:\\\/\\\/pib-extra.com\\\/fr\\\/\"},{\"@type\":\"ListItem\",\"position\":2,\"name\":\"Politique de confidentialit\u00e9\"}]},{\"@type\":\"WebSite\",\"@id\":\"https:\\\/\\\/pib-extra.com\\\/fr\\\/#website\",\"url\":\"https:\\\/\\\/pib-extra.com\\\/fr\\\/\",\"name\":\"PIB extra\",\"description\":\"Izrada drvenih modela za ljevaonice\",\"publisher\":{\"@id\":\"https:\\\/\\\/pib-extra.com\\\/fr\\\/#organization\"},\"potentialAction\":[{\"@type\":\"SearchAction\",\"target\":{\"@type\":\"EntryPoint\",\"urlTemplate\":\"https:\\\/\\\/pib-extra.com\\\/fr\\\/?s={search_term_string}\"},\"query-input\":{\"@type\":\"PropertyValueSpecification\",\"valueRequired\":true,\"valueName\":\"search_term_string\"}}],\"inLanguage\":\"fr-FR\"},{\"@type\":\"Organization\",\"@id\":\"https:\\\/\\\/pib-extra.com\\\/fr\\\/#organization\",\"name\":\"PIB extra\",\"url\":\"https:\\\/\\\/pib-extra.com\\\/fr\\\/\",\"logo\":{\"@type\":\"ImageObject\",\"inLanguage\":\"fr-FR\",\"@id\":\"https:\\\/\\\/pib-extra.com\\\/fr\\\/#\\\/schema\\\/logo\\\/image\\\/\",\"url\":\"https:\\\/\\\/pib-extra.com\\\/wp-content\\\/uploads\\\/2024\\\/01\\\/favicon.png\",\"contentUrl\":\"https:\\\/\\\/pib-extra.com\\\/wp-content\\\/uploads\\\/2024\\\/01\\\/favicon.png\",\"width\":512,\"height\":512,\"caption\":\"PIB extra\"},\"image\":{\"@id\":\"https:\\\/\\\/pib-extra.com\\\/fr\\\/#\\\/schema\\\/logo\\\/image\\\/\"},\"sameAs\":[\"https:\\\/\\\/www.facebook.com\\\/pibextra\",\"https:\\\/\\\/www.linkedin.com\\\/company\\\/pib-extra-d-o-o-\\\/\"]}]}<\/script>\n<!-- \/ Yoast SEO plugin. -->","yoast_head_json":{"title":"Politique de confidentialit\u00e9 - PIB extra","robots":{"index":"noindex","follow":"nofollow"},"og_locale":"fr_FR","og_type":"article","og_title":"Politique de confidentialit\u00e9 - PIB extra","og_url":"https:\/\/pib-extra.com\/fr\/politique-de-confidentialite\/","og_site_name":"PIB extra","article_publisher":"https:\/\/www.facebook.com\/pibextra","article_modified_time":"2024-02-14T13:27:13+00:00","og_image":[{"width":1200,"height":675,"url":"https:\/\/pib-extra.com\/wp-content\/uploads\/2024\/01\/pib-extra-cover.jpg","type":"image\/jpeg"}],"twitter_card":"summary_large_image","schema":{"@context":"https:\/\/schema.org","@graph":[{"@type":"WebPage","@id":"https:\/\/pib-extra.com\/fr\/politique-de-confidentialite\/","url":"https:\/\/pib-extra.com\/fr\/politique-de-confidentialite\/","name":"Politique de confidentialit\u00e9 - PIB extra","isPartOf":{"@id":"https:\/\/pib-extra.com\/fr\/#website"},"datePublished":"2022-03-18T06:05:46+00:00","dateModified":"2024-02-14T13:27:13+00:00","breadcrumb":{"@id":"https:\/\/pib-extra.com\/fr\/politique-de-confidentialite\/#breadcrumb"},"inLanguage":"fr-FR","potentialAction":[{"@type":"ReadAction","target":["https:\/\/pib-extra.com\/fr\/politique-de-confidentialite\/"]}]},{"@type":"BreadcrumbList","@id":"https:\/\/pib-extra.com\/fr\/politique-de-confidentialite\/#breadcrumb","itemListElement":[{"@type":"ListItem","position":1,"name":"Po\u010detna stranica","item":"https:\/\/pib-extra.com\/fr\/"},{"@type":"ListItem","position":2,"name":"Politique de confidentialit\u00e9"}]},{"@type":"WebSite","@id":"https:\/\/pib-extra.com\/fr\/#website","url":"https:\/\/pib-extra.com\/fr\/","name":"PIB extra","description":"Izrada drvenih modela za ljevaonice","publisher":{"@id":"https:\/\/pib-extra.com\/fr\/#organization"},"potentialAction":[{"@type":"SearchAction","target":{"@type":"EntryPoint","urlTemplate":"https:\/\/pib-extra.com\/fr\/?s={search_term_string}"},"query-input":{"@type":"PropertyValueSpecification","valueRequired":true,"valueName":"search_term_string"}}],"inLanguage":"fr-FR"},{"@type":"Organization","@id":"https:\/\/pib-extra.com\/fr\/#organization","name":"PIB extra","url":"https:\/\/pib-extra.com\/fr\/","logo":{"@type":"ImageObject","inLanguage":"fr-FR","@id":"https:\/\/pib-extra.com\/fr\/#\/schema\/logo\/image\/","url":"https:\/\/pib-extra.com\/wp-content\/uploads\/2024\/01\/favicon.png","contentUrl":"https:\/\/pib-extra.com\/wp-content\/uploads\/2024\/01\/favicon.png","width":512,"height":512,"caption":"PIB extra"},"image":{"@id":"https:\/\/pib-extra.com\/fr\/#\/schema\/logo\/image\/"},"sameAs":["https:\/\/www.facebook.com\/pibextra","https:\/\/www.linkedin.com\/company\/pib-extra-d-o-o-\/"]}]}},"_links":{"self":[{"href":"https:\/\/pib-extra.com\/fr\/wp-json\/wp\/v2\/pages\/19526","targetHints":{"allow":["GET"]}}],"collection":[{"href":"https:\/\/pib-extra.com\/fr\/wp-json\/wp\/v2\/pages"}],"about":[{"href":"https:\/\/pib-extra.com\/fr\/wp-json\/wp\/v2\/types\/page"}],"author":[{"embeddable":true,"href":"https:\/\/pib-extra.com\/fr\/wp-json\/wp\/v2\/users\/4"}],"replies":[{"embeddable":true,"href":"https:\/\/pib-extra.com\/fr\/wp-json\/wp\/v2\/comments?post=19526"}],"version-history":[{"count":2,"href":"https:\/\/pib-extra.com\/fr\/wp-json\/wp\/v2\/pages\/19526\/revisions"}],"predecessor-version":[{"id":19534,"href":"https:\/\/pib-extra.com\/fr\/wp-json\/wp\/v2\/pages\/19526\/revisions\/19534"}],"wp:attachment":[{"href":"https:\/\/pib-extra.com\/fr\/wp-json\/wp\/v2\/media?parent=19526"}],"curies":[{"name":"wp","href":"https:\/\/api.w.org\/{rel}","templated":true}]}}