{"id":19487,"date":"2015-10-07T09:05:34","date_gmt":"2015-10-07T07:05:34","guid":{"rendered":"https:\/\/pib-extra.com\/a-propos\/"},"modified":"2024-02-14T14:27:13","modified_gmt":"2024-02-14T13:27:13","slug":"a-propos","status":"publish","type":"page","link":"https:\/\/pib-extra.com\/fr\/a-propos\/","title":{"rendered":"A propos"},"content":{"rendered":"<section class=\"l-section wpb_row height_small width_custom\" style=\"--site-content-width:1340px;\"><div class=\"l-section-h i-cf\"><div class=\"g-cols vc_row via_grid cols_2 laptops-cols_inherit tablets-cols_inherit mobiles-cols_1 valign_middle type_default stacking_default\"><div class=\"wpb_column vc_column_container\"><div class=\"vc_column-inner\"><div class=\"wpb_text_column\"><div class=\"wpb_wrapper\"><p>L&rsquo;atelier de fabrication de mod\u00e8les PIB extra (SARL) est une firme au nord de la Croatie qui s&rsquo;occupe de fabrication des mod\u00e8les pour les fonderies (en allemand Giessereimodellbau, en anglais Foundry pattern production company). La firme est fond\u00e9e en 1993. Les propri\u00e9taires de PIB extra (SARL) sont <strong>Biserka<\/strong> et <strong>Ivan Petek<\/strong>. Le si\u00e8ge et l&rsquo;usine de production de la firme sont install\u00e9s dans la station \u0160tefanec, en zone \u00e9conomique \u00e0 4 kilom\u00e8tres de \u010cakovec, dans la r\u00e9gion de Me\u0111imurje. Le programme de fabrication comprend toutes sortes de mod\u00e8les et de noyaux destin\u00e9s \u00e0 mise en forme par moulage manuel et m\u00e9canique (en bois, en m\u00e9tal, en plastique, EPS) de tous les proc\u00e9d\u00e9s de fonderie utilis\u00e9s aujourd&rsquo;hui dans la construction de machines, dans la construction navale et de l&rsquo;\u00e9nergie. Afin de satisfaire les besoins du march\u00e9 tous les produits sont fabriqu\u00e9s selon les normes de qualit\u00e9 DIN EN 12890. Nous avons pris pour cible le march\u00e9 de l&rsquo;industrie de l&rsquo;\u00e9nergie (les bo\u00eetiers de turbines \u00e0 gaz et \u00e0 vapeur\u201a les pi\u00e8ces de parcs \u00e9oliens), les ateliers de laminage, la construction navale, la distribution de fluides (soupapes, pompes)\u201a ainsi que la construction g\u00e9n\u00e9rale de machines.<\/p>\n<\/div><\/div><\/div><\/div><div class=\"wpb_column vc_column_container stretched\"><div class=\"vc_column-inner\"><div class=\"w-image align_none\"><a ref=\"magnificPopup\" href=\"https:\/\/pib-extra.com\/wp-content\/uploads\/2024\/02\/pib-extra-gal-24-11.jpg\" aria-label=\"pib-extra-gal-24-11\" class=\"w-image-h\"><img decoding=\"async\" width=\"1024\" height=\"683\" src=\"https:\/\/pib-extra.com\/wp-content\/uploads\/2024\/02\/pib-extra-gal-24-11-1024x683.jpg\" class=\"attachment-large size-large\" alt=\"\" loading=\"lazy\" srcset=\"https:\/\/pib-extra.com\/wp-content\/uploads\/2024\/02\/pib-extra-gal-24-11-1024x683.jpg 1024w, https:\/\/pib-extra.com\/wp-content\/uploads\/2024\/02\/pib-extra-gal-24-11-300x200.jpg 300w, https:\/\/pib-extra.com\/wp-content\/uploads\/2024\/02\/pib-extra-gal-24-11.jpg 1536w\" sizes=\"auto, (max-width: 1024px) 100vw, 1024px\" \/><\/a><\/div><\/div><\/div><\/div><\/div><\/section><section class=\"l-section wpb_row jc-vise-o-nama height_small color_alternate\"><div class=\"l-section-h i-cf\"><div class=\"g-cols vc_row via_grid cols_1 laptops-cols_inherit tablets-cols_inherit mobiles-cols_1 valign_top type_default stacking_default\"><div class=\"wpb_column vc_column_container\"><div class=\"vc_column-inner\"><h2 class=\"w-text us_custom_40824568 jc-font-size-h1\"><span class=\"w-text-h\"><span class=\"w-text-value\">Vi\u0161e o nama<\/span><\/span><\/h2><\/div><\/div><\/div><\/div><\/section><section class=\"l-section wpb_row us_custom_19737bc8 jc-vise-o-nama height_small\"><div class=\"l-section-h i-cf\"><div class=\"g-cols vc_row via_grid cols_1 laptops-cols_inherit tablets-cols_inherit mobiles-cols_1 valign_top type_default stacking_default\"><div class=\"wpb_column vc_column_container\"><div class=\"vc_column-inner\"><div class=\"wpb_text_column us_custom_a0b8fac0\"><div class=\"wpb_wrapper\"><h2>KONKURENTSKA PREDNOST<\/h2>\n<p>Najve\u0107a prednost naspram konkurencije su <strong>ekstremno kratki rokovi isporuke kvalitetnih proizvoda s konkurentnim cijenama.<\/strong> To omogu\u0107uje fleksibilna i mlada ekipa koja radi u tri smjene, kako bismo tr\u017ei\u0161tu pru\u017eili ono \u0161to drugi ne mogu &#8211; ekstremno kratke rokove isporuke, kvalitetan proizvod i konkurentne cijene. Modelarija PIB extra d.o.o. je <strong>100%-tni izvoznik<\/strong>, s glavninom kupaca u zemljama EU-a, uglavnom u Njema\u010dkoj, Austriji, Italiji. Uspje\u0161nom marketin\u0161kom kampanjom probili smo se na skandinavsko tr\u017ei\u0161te te tr\u017ei\u0161ta van Europe, kao \u0161to su <strong>SAD, Kanada i Ujedinjeni Arapski Emirati. <\/strong>Tvrtka posjeduje certifikat upravljanja kvalitetom ISO 9001:2015 \u0161to mo\u017eete provjeriti putem QR koda.<\/p>\n<\/div><\/div><div class=\"w-separator size_small\"><\/div><\/div><\/div><\/div><\/div><\/section><section class=\"l-section wpb_row us_custom_887a049b jc-vise-o-nama height_small\"><div class=\"l-section-h i-cf\"><div class=\"g-cols vc_row via_grid cols_2 laptops-cols_inherit tablets-cols_inherit mobiles-cols_2 valign_top type_default stacking_default\" style=\"--columns-gap:1.5rem;\"><div class=\"wpb_column vc_column_container\"><div class=\"vc_column-inner\"><div class=\"w-image us_custom_1cf23be4 has_height align_center\"><div class=\"w-image-h\"><img decoding=\"async\" width=\"250\" height=\"262\" src=\"https:\/\/pib-extra.com\/wp-content\/uploads\/2022\/10\/hrv.jpg\" class=\"attachment-large size-large\" alt=\"\" loading=\"lazy\" \/><\/div><\/div><\/div><\/div><div class=\"wpb_column vc_column_container\"><div class=\"vc_column-inner\"><div class=\"w-image us_custom_1cf23be4 has_height align_center\"><div class=\"w-image-h\"><img decoding=\"async\" width=\"591\" height=\"622\" src=\"https:\/\/pib-extra.com\/wp-content\/uploads\/2022\/10\/QualitySysCert_ISO9001.jpg\" class=\"attachment-large size-large\" alt=\"\" loading=\"lazy\" srcset=\"https:\/\/pib-extra.com\/wp-content\/uploads\/2022\/10\/QualitySysCert_ISO9001.jpg 591w, https:\/\/pib-extra.com\/wp-content\/uploads\/2022\/10\/QualitySysCert_ISO9001-285x300.jpg 285w\" sizes=\"auto, (max-width: 591px) 100vw, 591px\" \/><\/div><\/div><\/div><\/div><\/div><\/div><\/section><section class=\"l-section wpb_row height_small color_alternate\"><div class=\"l-section-h i-cf\"><div class=\"g-cols vc_row via_grid cols_1 laptops-cols_inherit tablets-cols_inherit mobiles-cols_1 valign_top type_default stacking_default\"><div class=\"wpb_column vc_column_container\"><div class=\"vc_column-inner\"><h2 class=\"w-text us_custom_40824568 jc-font-size-h1\"><span class=\"w-text-h\"><span class=\"w-text-value\">Histoire<\/span><\/span><\/h2><\/div><\/div><\/div><\/div><\/section><section class=\"l-section wpb_row us_custom_19737bc8 height_small\"><div class=\"l-section-h i-cf\"><div class=\"g-cols vc_row via_grid cols_1 laptops-cols_inherit tablets-cols_inherit mobiles-cols_1 valign_top type_default stacking_default\"><div class=\"wpb_column vc_column_container\"><div class=\"vc_column-inner\"><div class=\"wpb_text_column us_custom_a0b8fac0\"><div class=\"wpb_wrapper\"><p>L\u2019atelier de fabrication de mod\u00e8les PIB extra (SARL) a \u00e9t\u00e9 \u00e9tabli en 1993. Les propri\u00e9taires sont <strong>Biserka<\/strong> et <strong>Ivan Petek<\/strong>. La premi\u00e8re usine de production a \u00e9t\u00e9 install\u00e9e dans le sous-sol de la maison familiale sur une surface de 100 m<sup>2<\/sup>. Puis, en 2000 a \u00e9t\u00e9 construit le premier hall de production plus grand\u201a 800 m<sup>2<\/sup> de surface localis\u00e9 au 67 Rue Bra\u0107e Radi\u0107a, \u0160tefanec. Au fil du temps il est devenu trop petit pour la croissance rapide de la firme et en 2008 a commenc\u00e9 la construction d\u2019un autre hall encore plus grand. Le nouveau hall de production\u201a 3.200 m<sup>2<\/sup> de surface avec son pont roulant de capacit\u00e9 de huit tonnes, \u00e9tait sp\u00e9cialis\u00e9 pour la fabrication de grands mod\u00e8les. Apr\u00e8s cela la superficie totale des deux halls de production \u00e9tait 4.200 m<sup>2<\/sup>.<\/p>\n<p>Gr\u00e2ce \u00e0 la campagne de marketing et \u00e0 l\u2019expansion dans de nouveaux march\u00e9s, la firme PIB extra (SARL) a commenc\u00e9 en 2014 avec un plus grand investissement li\u00e9 \u00e0 l\u2019agrandissement des halls de production et \u00e0 l\u2019achat d\u2019\u00e9quipements achev\u00e9s en \u00e9t\u00e9 2015. Suite \u00e0 cet investissement, de nouveax halls de production ainsi que 11.000 m<sup>2<\/sup> de bureaux pour <strong>une superficie totale d\u2019espace couvert de 15.200 m<sup>2<\/sup><\/strong>. La surface totale de la propri\u00e9t\u00e9 de PIB extra (SARL) s&rsquo;\u00e9tend d\u00e9sormais sur <strong>80.000 m<sup>2<\/sup><\/strong>.<\/p>\n<p>La firme est orient\u00e9e vers l\u2019exportation. Au march\u00e9 europ\u00e9en on a reconnu <strong>les efforts\u201a la qualit\u00e9 et la constance de cette firme<\/strong> et ils sont toujours tr\u00e8s bien \u00e9valu\u00e9s. La firme PIB extra est aujourd\u2019hui une respectable entreprise europ\u00e9enne.<\/p>\n<\/div><\/div><div class=\"w-separator size_small\"><\/div><\/div><\/div><\/div><\/div><\/section><section class=\"l-section wpb_row us_custom_887a049b jc-wrapper-images height_small width_custom\" style=\"--site-content-width:1670px;\"><div class=\"l-section-h i-cf\"><div class=\"g-cols vc_row via_grid cols_1 laptops-cols_inherit tablets-cols_inherit mobiles-cols_1 valign_top type_default\" style=\"--columns-gap:0.5rem;\"><div class=\"wpb_column vc_column_container\"><div class=\"vc_column-inner\"><div class=\"w-hwrapper valign_middle wrap stack_on_mobiles align_center\" style=\"--hwrapper-gap:0.4rem\"><div class=\"w-image us_custom_0a2fa9cb has_height align_none\"><div class=\"w-image-h\"><img decoding=\"async\" width=\"624\" height=\"375\" src=\"https:\/\/pib-extra.com\/wp-content\/uploads\/2024\/01\/2023-2024.jpg\" class=\"attachment-large size-large\" alt=\"\" loading=\"lazy\" srcset=\"https:\/\/pib-extra.com\/wp-content\/uploads\/2024\/01\/2023-2024.jpg 624w, https:\/\/pib-extra.com\/wp-content\/uploads\/2024\/01\/2023-2024-300x180.jpg 300w\" sizes=\"auto, (max-width: 624px) 100vw, 624px\" \/><\/div><\/div><div class=\"w-image us_custom_0a2fa9cb has_height align_none\"><div class=\"w-image-h\"><img decoding=\"async\" width=\"539\" height=\"375\" src=\"https:\/\/pib-extra.com\/wp-content\/uploads\/2024\/01\/2014-2015.jpg\" class=\"attachment-large size-large\" alt=\"\" loading=\"lazy\" srcset=\"https:\/\/pib-extra.com\/wp-content\/uploads\/2024\/01\/2014-2015.jpg 539w, https:\/\/pib-extra.com\/wp-content\/uploads\/2024\/01\/2014-2015-300x209.jpg 300w\" sizes=\"auto, (max-width: 539px) 100vw, 539px\" \/><\/div><\/div><div class=\"w-image us_custom_0a2fa9cb has_height align_none\"><div class=\"w-image-h\"><img decoding=\"async\" width=\"809\" height=\"375\" src=\"https:\/\/pib-extra.com\/wp-content\/uploads\/2024\/01\/2008.jpg\" class=\"attachment-large size-large\" alt=\"\" loading=\"lazy\" srcset=\"https:\/\/pib-extra.com\/wp-content\/uploads\/2024\/01\/2008.jpg 809w, https:\/\/pib-extra.com\/wp-content\/uploads\/2024\/01\/2008-300x139.jpg 300w\" sizes=\"auto, (max-width: 809px) 100vw, 809px\" \/><\/div><\/div><div class=\"w-image us_custom_0a2fa9cb has_height align_none\"><div class=\"w-image-h\"><img decoding=\"async\" width=\"808\" height=\"375\" src=\"https:\/\/pib-extra.com\/wp-content\/uploads\/2024\/01\/2000.jpg\" class=\"attachment-large size-large\" alt=\"\" loading=\"lazy\" srcset=\"https:\/\/pib-extra.com\/wp-content\/uploads\/2024\/01\/2000.jpg 808w, https:\/\/pib-extra.com\/wp-content\/uploads\/2024\/01\/2000-300x139.jpg 300w\" sizes=\"auto, (max-width: 808px) 100vw, 808px\" \/><\/div><\/div><div class=\"w-image us_custom_0a2fa9cb has_height align_none\"><div class=\"w-image-h\"><img decoding=\"async\" width=\"540\" height=\"375\" src=\"https:\/\/pib-extra.com\/wp-content\/uploads\/2024\/01\/1993.jpg\" class=\"attachment-large size-large\" alt=\"\" loading=\"lazy\" srcset=\"https:\/\/pib-extra.com\/wp-content\/uploads\/2024\/01\/1993.jpg 540w, https:\/\/pib-extra.com\/wp-content\/uploads\/2024\/01\/1993-300x208.jpg 300w\" sizes=\"auto, (max-width: 540px) 100vw, 540px\" \/><\/div><\/div><\/div><\/div><\/div><\/div><\/div><\/section><section class=\"l-section wpb_row height_small color_alternate\"><div class=\"l-section-h i-cf\"><div class=\"g-cols vc_row via_grid cols_1 laptops-cols_inherit tablets-cols_inherit mobiles-cols_1 valign_top type_default stacking_default\"><div class=\"wpb_column vc_column_container\"><div class=\"vc_column-inner\"><h2 class=\"w-text us_custom_40824568 jc-font-size-h1\"><span class=\"w-text-h\"><span class=\"w-text-value\">\u00c9quipe du personnel<\/span><\/span><\/h2><\/div><\/div><\/div><\/div><\/section><section class=\"l-section wpb_row us_custom_19737bc8 height_small\"><div class=\"l-section-h i-cf\"><div class=\"g-cols vc_row via_grid cols_1 laptops-cols_inherit tablets-cols_inherit mobiles-cols_1 valign_top type_default stacking_default\"><div class=\"wpb_column vc_column_container\"><div class=\"vc_column-inner\"><div class=\"wpb_text_column us_custom_a0b8fac0\"><div class=\"wpb_wrapper\"><p><strong>Dans la firme PIB extra (SARL) nous croyons vraiment que les gens sont notre ressource la plus pr\u00e9cieuse. Actuellement PIB extra (SARL) embauche 220 d\u2019ouvriers.<\/strong><\/p>\n<p> Le secteur technique est compos\u00e9 de <strong>25 techniciens<\/strong> qui poss\u00e8dent les connaissances n\u00e9cessaires pour tous les types de mise en oeuvre des processus de production. Le secteur technique travaille par \u00e9quipe de deux huit et les techniciens sont disponibles <strong>16 heures par<\/strong> jour pour les questions techniques et le d\u00e9veloppement des produits. La firme s&rsquo;est d\u00e9velopp\u00e9e en passant de la fa\u00e7on traditionelle de fabrication des mod\u00e8les vers les syst\u00e8mes informatiques CAD\/CAM de fabrication des produits par des dessins 2D (AUTOCAD) jusqu&rsquo; \u00e0 la mod\u00e9lisation 3D (SOLIDWORKS) et l&rsquo;usinage des pi\u00e8ces sur les machines CNC en utilisant des outils avanc\u00e9s CAM (DEPO CAM, Siemens NX).<\/p>\n<p>La croissance du nombre d&#8217;employ\u00e9s dans l&rsquo;atelier de fabrication de mod\u00e8les PIB Extra (SARL) est repr\u00e9sent\u00e9 par un graphique.<\/p>\n<\/div><\/div><\/div><\/div><\/div><\/div><\/section><section class=\"l-section wpb_row height_small\"><div class=\"l-section-h i-cf\"><div class=\"g-cols vc_row via_grid cols_2 laptops-cols_inherit tablets-cols_inherit mobiles-cols_1 valign_top type_default stacking_default\"><div class=\"wpb_column vc_column_container\"><div class=\"vc_column-inner\"><h3 class=\"w-text us_custom_e7fa261e\"><span class=\"w-text-h\"><span class=\"w-text-value\">Zone de production<\/span><\/span><\/h3><div class=\"w-image us_custom_d00c28c3 has_height align_center\"><div class=\"w-image-h\"><img decoding=\"async\" width=\"450\" height=\"444\" src=\"https:\/\/pib-extra.com\/wp-content\/uploads\/2024\/01\/graph-m2-2023.jpg\" class=\"attachment-large size-large\" alt=\"\" loading=\"lazy\" srcset=\"https:\/\/pib-extra.com\/wp-content\/uploads\/2024\/01\/graph-m2-2023.jpg 450w, https:\/\/pib-extra.com\/wp-content\/uploads\/2024\/01\/graph-m2-2023-300x296.jpg 300w\" sizes=\"auto, (max-width: 450px) 100vw, 450px\" \/><\/div><\/div><\/div><\/div><div class=\"wpb_column vc_column_container\"><div class=\"vc_column-inner\"><h3 class=\"w-text us_custom_e7fa261e\"><span class=\"w-text-h\"><span class=\"w-text-value\">Employ\u00e9s<\/span><\/span><\/h3><div class=\"w-image us_custom_d00c28c3 has_height align_center\"><div class=\"w-image-h\"><img decoding=\"async\" width=\"438\" height=\"444\" src=\"https:\/\/pib-extra.com\/wp-content\/uploads\/2024\/01\/graph-employees-2023.jpg\" class=\"attachment-large size-large\" alt=\"\" loading=\"lazy\" srcset=\"https:\/\/pib-extra.com\/wp-content\/uploads\/2024\/01\/graph-employees-2023.jpg 438w, https:\/\/pib-extra.com\/wp-content\/uploads\/2024\/01\/graph-employees-2023-296x300.jpg 296w\" sizes=\"auto, (max-width: 438px) 100vw, 438px\" \/><\/div><\/div><\/div><\/div><\/div><\/div><\/section>\n","protected":false},"excerpt":{"rendered":"","protected":false},"author":4,"featured_media":0,"parent":0,"menu_order":74,"comment_status":"closed","ping_status":"closed","template":"","meta":{"_acf_changed":false,"footnotes":""},"class_list":["post-19487","page","type-page","status-publish","hentry"],"acf":[],"yoast_head":"<!-- This site is optimized with the Yoast SEO plugin v27.3 - https:\/\/yoast.com\/product\/yoast-seo-wordpress\/ -->\n<title>A propos - PIB extra<\/title>\n<meta name=\"robots\" content=\"index, follow, max-snippet:-1, max-image-preview:large, max-video-preview:-1\" \/>\n<link rel=\"canonical\" href=\"https:\/\/pib-extra.com\/fr\/a-propos\/\" \/>\n<meta property=\"og:locale\" content=\"fr_FR\" \/>\n<meta property=\"og:type\" content=\"article\" \/>\n<meta property=\"og:title\" content=\"A propos - PIB extra\" \/>\n<meta property=\"og:url\" content=\"https:\/\/pib-extra.com\/fr\/a-propos\/\" \/>\n<meta property=\"og:site_name\" content=\"PIB extra\" \/>\n<meta property=\"article:publisher\" content=\"https:\/\/www.facebook.com\/pibextra\" \/>\n<meta property=\"article:modified_time\" content=\"2024-02-14T13:27:13+00:00\" \/>\n<meta property=\"og:image\" content=\"https:\/\/pib-extra.com\/wp-content\/uploads\/2024\/01\/pib-extra-cover.jpg\" \/>\n\t<meta property=\"og:image:width\" content=\"1200\" \/>\n\t<meta property=\"og:image:height\" content=\"675\" \/>\n\t<meta property=\"og:image:type\" content=\"image\/jpeg\" \/>\n<meta name=\"twitter:card\" content=\"summary_large_image\" \/>\n<script type=\"application\/ld+json\" class=\"yoast-schema-graph\">{\"@context\":\"https:\\\/\\\/schema.org\",\"@graph\":[{\"@type\":\"WebPage\",\"@id\":\"https:\\\/\\\/pib-extra.com\\\/fr\\\/a-propos\\\/\",\"url\":\"https:\\\/\\\/pib-extra.com\\\/fr\\\/a-propos\\\/\",\"name\":\"A propos - PIB extra\",\"isPartOf\":{\"@id\":\"https:\\\/\\\/pib-extra.com\\\/fr\\\/#website\"},\"datePublished\":\"2015-10-07T07:05:34+00:00\",\"dateModified\":\"2024-02-14T13:27:13+00:00\",\"breadcrumb\":{\"@id\":\"https:\\\/\\\/pib-extra.com\\\/fr\\\/a-propos\\\/#breadcrumb\"},\"inLanguage\":\"fr-FR\",\"potentialAction\":[{\"@type\":\"ReadAction\",\"target\":[\"https:\\\/\\\/pib-extra.com\\\/fr\\\/a-propos\\\/\"]}]},{\"@type\":\"BreadcrumbList\",\"@id\":\"https:\\\/\\\/pib-extra.com\\\/fr\\\/a-propos\\\/#breadcrumb\",\"itemListElement\":[{\"@type\":\"ListItem\",\"position\":1,\"name\":\"Po\u010detna stranica\",\"item\":\"https:\\\/\\\/pib-extra.com\\\/fr\\\/\"},{\"@type\":\"ListItem\",\"position\":2,\"name\":\"A propos\"}]},{\"@type\":\"WebSite\",\"@id\":\"https:\\\/\\\/pib-extra.com\\\/fr\\\/#website\",\"url\":\"https:\\\/\\\/pib-extra.com\\\/fr\\\/\",\"name\":\"PIB extra\",\"description\":\"Izrada drvenih modela za ljevaonice\",\"publisher\":{\"@id\":\"https:\\\/\\\/pib-extra.com\\\/fr\\\/#organization\"},\"potentialAction\":[{\"@type\":\"SearchAction\",\"target\":{\"@type\":\"EntryPoint\",\"urlTemplate\":\"https:\\\/\\\/pib-extra.com\\\/fr\\\/?s={search_term_string}\"},\"query-input\":{\"@type\":\"PropertyValueSpecification\",\"valueRequired\":true,\"valueName\":\"search_term_string\"}}],\"inLanguage\":\"fr-FR\"},{\"@type\":\"Organization\",\"@id\":\"https:\\\/\\\/pib-extra.com\\\/fr\\\/#organization\",\"name\":\"PIB extra\",\"url\":\"https:\\\/\\\/pib-extra.com\\\/fr\\\/\",\"logo\":{\"@type\":\"ImageObject\",\"inLanguage\":\"fr-FR\",\"@id\":\"https:\\\/\\\/pib-extra.com\\\/fr\\\/#\\\/schema\\\/logo\\\/image\\\/\",\"url\":\"https:\\\/\\\/pib-extra.com\\\/wp-content\\\/uploads\\\/2024\\\/01\\\/favicon.png\",\"contentUrl\":\"https:\\\/\\\/pib-extra.com\\\/wp-content\\\/uploads\\\/2024\\\/01\\\/favicon.png\",\"width\":512,\"height\":512,\"caption\":\"PIB extra\"},\"image\":{\"@id\":\"https:\\\/\\\/pib-extra.com\\\/fr\\\/#\\\/schema\\\/logo\\\/image\\\/\"},\"sameAs\":[\"https:\\\/\\\/www.facebook.com\\\/pibextra\",\"https:\\\/\\\/www.linkedin.com\\\/company\\\/pib-extra-d-o-o-\\\/\"]}]}<\/script>\n<!-- \/ Yoast SEO plugin. -->","yoast_head_json":{"title":"A propos - PIB extra","robots":{"index":"index","follow":"follow","max-snippet":"max-snippet:-1","max-image-preview":"max-image-preview:large","max-video-preview":"max-video-preview:-1"},"canonical":"https:\/\/pib-extra.com\/fr\/a-propos\/","og_locale":"fr_FR","og_type":"article","og_title":"A propos - PIB extra","og_url":"https:\/\/pib-extra.com\/fr\/a-propos\/","og_site_name":"PIB extra","article_publisher":"https:\/\/www.facebook.com\/pibextra","article_modified_time":"2024-02-14T13:27:13+00:00","og_image":[{"width":1200,"height":675,"url":"https:\/\/pib-extra.com\/wp-content\/uploads\/2024\/01\/pib-extra-cover.jpg","type":"image\/jpeg"}],"twitter_card":"summary_large_image","schema":{"@context":"https:\/\/schema.org","@graph":[{"@type":"WebPage","@id":"https:\/\/pib-extra.com\/fr\/a-propos\/","url":"https:\/\/pib-extra.com\/fr\/a-propos\/","name":"A propos - PIB extra","isPartOf":{"@id":"https:\/\/pib-extra.com\/fr\/#website"},"datePublished":"2015-10-07T07:05:34+00:00","dateModified":"2024-02-14T13:27:13+00:00","breadcrumb":{"@id":"https:\/\/pib-extra.com\/fr\/a-propos\/#breadcrumb"},"inLanguage":"fr-FR","potentialAction":[{"@type":"ReadAction","target":["https:\/\/pib-extra.com\/fr\/a-propos\/"]}]},{"@type":"BreadcrumbList","@id":"https:\/\/pib-extra.com\/fr\/a-propos\/#breadcrumb","itemListElement":[{"@type":"ListItem","position":1,"name":"Po\u010detna stranica","item":"https:\/\/pib-extra.com\/fr\/"},{"@type":"ListItem","position":2,"name":"A propos"}]},{"@type":"WebSite","@id":"https:\/\/pib-extra.com\/fr\/#website","url":"https:\/\/pib-extra.com\/fr\/","name":"PIB extra","description":"Izrada drvenih modela za ljevaonice","publisher":{"@id":"https:\/\/pib-extra.com\/fr\/#organization"},"potentialAction":[{"@type":"SearchAction","target":{"@type":"EntryPoint","urlTemplate":"https:\/\/pib-extra.com\/fr\/?s={search_term_string}"},"query-input":{"@type":"PropertyValueSpecification","valueRequired":true,"valueName":"search_term_string"}}],"inLanguage":"fr-FR"},{"@type":"Organization","@id":"https:\/\/pib-extra.com\/fr\/#organization","name":"PIB extra","url":"https:\/\/pib-extra.com\/fr\/","logo":{"@type":"ImageObject","inLanguage":"fr-FR","@id":"https:\/\/pib-extra.com\/fr\/#\/schema\/logo\/image\/","url":"https:\/\/pib-extra.com\/wp-content\/uploads\/2024\/01\/favicon.png","contentUrl":"https:\/\/pib-extra.com\/wp-content\/uploads\/2024\/01\/favicon.png","width":512,"height":512,"caption":"PIB extra"},"image":{"@id":"https:\/\/pib-extra.com\/fr\/#\/schema\/logo\/image\/"},"sameAs":["https:\/\/www.facebook.com\/pibextra","https:\/\/www.linkedin.com\/company\/pib-extra-d-o-o-\/"]}]}},"_links":{"self":[{"href":"https:\/\/pib-extra.com\/fr\/wp-json\/wp\/v2\/pages\/19487","targetHints":{"allow":["GET"]}}],"collection":[{"href":"https:\/\/pib-extra.com\/fr\/wp-json\/wp\/v2\/pages"}],"about":[{"href":"https:\/\/pib-extra.com\/fr\/wp-json\/wp\/v2\/types\/page"}],"author":[{"embeddable":true,"href":"https:\/\/pib-extra.com\/fr\/wp-json\/wp\/v2\/users\/4"}],"replies":[{"embeddable":true,"href":"https:\/\/pib-extra.com\/fr\/wp-json\/wp\/v2\/comments?post=19487"}],"version-history":[{"count":6,"href":"https:\/\/pib-extra.com\/fr\/wp-json\/wp\/v2\/pages\/19487\/revisions"}],"predecessor-version":[{"id":20099,"href":"https:\/\/pib-extra.com\/fr\/wp-json\/wp\/v2\/pages\/19487\/revisions\/20099"}],"wp:attachment":[{"href":"https:\/\/pib-extra.com\/fr\/wp-json\/wp\/v2\/media?parent=19487"}],"curies":[{"name":"wp","href":"https:\/\/api.w.org\/{rel}","templated":true}]}}