{"id":19439,"date":"2015-10-07T09:07:11","date_gmt":"2015-10-07T07:07:11","guid":{"rendered":"https:\/\/pib-extra.com\/contact\/"},"modified":"2024-11-13T05:21:36","modified_gmt":"2024-11-13T04:21:36","slug":"contact","status":"publish","type":"page","link":"https:\/\/pib-extra.com\/fr\/contact\/","title":{"rendered":"Contact"},"content":{"rendered":"<section class=\"l-section wpb_row us_custom_aa29dcc4 height_small\"><div class=\"l-section-h i-cf\"><div class=\"g-cols vc_row via_grid cols_2 laptops-cols_inherit tablets-cols_inherit mobiles-cols_1 valign_middle type_default stacking_default\"><div class=\"wpb_column vc_column_container\"><div class=\"vc_column-inner\"><div class=\"w-iconbox us_custom_0d89c9ec jc-iconbox-title-700 iconpos_left style_default color_custom align_left\"><div class=\"w-iconbox-icon\" style=\"font-size:1.2rem;--icon-color:rgba(76,76,76,0.70);\"><i class=\"fas fa-map-marker-alt\"><\/i><\/div><div class=\"w-iconbox-meta\"><p class=\"w-iconbox-title\">PIB extra d.o.o.<\/p><div class=\"w-iconbox-text\"><p>Matije Gupca 20, \u0160tefanec<br \/>40 000 \u010cakovec, Croatie<br \/>VAT ID: HR28439393498<\/p>\n<\/div><\/div><\/div><div class=\"w-iconbox us_custom_0d89c9ec jc-iconbox-title-700 iconpos_left style_default color_custom align_left\"><div class=\"w-iconbox-icon\" style=\"font-size:1.2rem;--icon-color:rgba(76,76,76,0.70);\"><i class=\"fas fa-city\"><\/i><\/div><div class=\"w-iconbox-meta\"><p class=\"w-iconbox-title\">L\u2019adresse des usines de production:<\/p><div class=\"w-iconbox-text\"><p>Bra\u0107e Radi\u0107 67, \u0160tefanec<\/p>\n<\/div><\/div><\/div><div class=\"w-iconbox us_custom_1497cdd9 jc-iconbox-title-700 iconpos_left style_default color_custom align_left no_title\"><div class=\"w-iconbox-icon\" style=\"font-size:1.2rem;--icon-color:rgba(76,76,76,0.70);\"><i class=\"fas fa-phone\"><\/i><\/div><div class=\"w-iconbox-meta\"><div class=\"w-iconbox-text\"><p><a href=\"tel:+38540338050\">+385 40 338 050<\/a><\/p>\n<\/div><\/div><\/div><div class=\"w-iconbox us_custom_0d89c9ec jc-iconbox-title-700 iconpos_left style_default color_custom align_left no_title\"><div class=\"w-iconbox-icon\" style=\"font-size:1.2rem;--icon-color:rgba(76,76,76,0.70);\"><i class=\"fas fa-envelope\"><\/i><\/div><div class=\"w-iconbox-meta\"><div class=\"w-iconbox-text\"><p><a href=\"mailto:pib-extra@pib-extra.hr\">pib-extra@pib-extra.hr<\/a><\/p>\n<\/div><\/div><\/div><div class=\"w-iconbox us_custom_0d89c9ec jc-iconbox-title-700 iconpos_left style_default color_custom align_left\"><div class=\"w-iconbox-icon\" style=\"font-size:1.2rem;--icon-color:rgba(76,76,76,0.70);\"><i class=\"fas fa-clock\"><\/i><\/div><div class=\"w-iconbox-meta\"><p class=\"w-iconbox-title\">HEURES D\u2019OUVERTURE POUR LES CLIENTS:<\/p><div class=\"w-iconbox-text\"><p>lundi \u2013 vendredi: 6:00 &#8211; 22:00<br \/>samedi: 6:00 &#8211; 14:00<\/p>\n<\/div><\/div><\/div><div class=\"w-iconbox us_custom_74cb7892 iconpos_left style_default color_custom align_left no_text\"><a target=\"_blank\" rel=\"nofollow\" href=\"https:\/\/www.booking.com\/searchresults.hr.html?ss=\u0160tefanec,+Me\u0111imurje+County,+Croatia\" class=\"w-iconbox-link\" aria-label=\"H\u00e9bergement proche\"><div class=\"w-iconbox-icon\" style=\"font-size:1.2rem;--icon-color:rgba(76,76,76,0.70);\"><i class=\"fas fa-concierge-bell\"><\/i><\/div><\/a><div class=\"w-iconbox-meta\"><h6 class=\"w-iconbox-title\"><a target=\"_blank\" rel=\"nofollow\" href=\"https:\/\/www.booking.com\/searchresults.hr.html?ss=\u0160tefanec,+Me\u0111imurje+County,+Croatia\" class=\"w-iconbox-link\" aria-label=\"H\u00e9bergement proche\">H\u00e9bergement proche<\/a><\/h6><\/div><\/div><div class=\"w-iconbox us_custom_74cb7892 iconpos_left style_default color_custom align_left no_text\"><a target=\"_blank\" rel=\"nofollow\" href=\"https:\/\/www.google.hr\/maps\/dir\/Maribor,+Slovenija\/46.3648946,16.496678\/@46.4483508,15.5292205,161608m\/data=!3m2!1e3!4b1!4m9!4m8!1m5!1m1!1s0x476f77a6ea402051:0x1053af90bc0daa22!2m2!1d15.6458812!2d46.5546503!1m0!3e0\" class=\"w-iconbox-link\" aria-label=\"Comment nous joindre \u00e0 partir de MARIBOR (SLOV\u00c9NIE)\"><div class=\"w-iconbox-icon\" style=\"font-size:1.2rem;--icon-color:rgba(76,76,76,0.70);\"><i class=\"fas fa-route\"><\/i><\/div><\/a><div class=\"w-iconbox-meta\"><h6 class=\"w-iconbox-title\"><a target=\"_blank\" rel=\"nofollow\" href=\"https:\/\/www.google.hr\/maps\/dir\/Maribor,+Slovenija\/46.3648946,16.496678\/@46.4483508,15.5292205,161608m\/data=!3m2!1e3!4b1!4m9!4m8!1m5!1m1!1s0x476f77a6ea402051:0x1053af90bc0daa22!2m2!1d15.6458812!2d46.5546503!1m0!3e0\" class=\"w-iconbox-link\" aria-label=\"Comment nous joindre \u00e0 partir de MARIBOR (SLOV\u00c9NIE)\">Comment nous joindre \u00e0 partir de MARIBOR (SLOV\u00c9NIE)<\/a><\/h6><\/div><\/div><div class=\"w-iconbox iconpos_left style_default color_custom align_left no_text\"><a target=\"_blank\" rel=\"nofollow\" href=\"https:\/\/www.google.hr\/maps\/dir\/Zra\u010dna+luka+Zagreb,+Ulica+Rudolfa+Fizira+1,+10150,+Zagreb\/46.3648871,16.4967308\/@46.0235677,15.8449567,144370m\/data=!3m1!1e3!4m9!4m8!1m5!1m1!1s0x47667ee85c7fab29:0x9ef60b3c28e288f6!2m2!1d16.0674365!2d45.7407504!1m0!3e0\" class=\"w-iconbox-link\" aria-label=\"Comment nous joindre \u00e0 partir d\u2019 A\u00c9ROPORT de ZAGREB (CROATIE)\"><div class=\"w-iconbox-icon\" style=\"font-size:1.2rem;--icon-color:rgba(76,76,76,0.70);\"><i class=\"fas fa-route\"><\/i><\/div><\/a><div class=\"w-iconbox-meta\"><h6 class=\"w-iconbox-title\"><a target=\"_blank\" rel=\"nofollow\" href=\"https:\/\/www.google.hr\/maps\/dir\/Zra\u010dna+luka+Zagreb,+Ulica+Rudolfa+Fizira+1,+10150,+Zagreb\/46.3648871,16.4967308\/@46.0235677,15.8449567,144370m\/data=!3m1!1e3!4m9!4m8!1m5!1m1!1s0x47667ee85c7fab29:0x9ef60b3c28e288f6!2m2!1d16.0674365!2d45.7407504!1m0!3e0\" class=\"w-iconbox-link\" aria-label=\"Comment nous joindre \u00e0 partir d\u2019 A\u00c9ROPORT de ZAGREB (CROATIE)\">Comment nous joindre \u00e0 partir d\u2019 A\u00c9ROPORT de ZAGREB (CROATIE)<\/a><\/h6><\/div><\/div><\/div><\/div><div class=\"wpb_column vc_column_container stretched\"><div class=\"vc_column-inner\"><div class=\"wpb_text_column\"><div class=\"wpb_wrapper\"><iframe style=\"border: 0;\" src=\"https:\/\/www.google.com\/maps\/embed?pb=!1m18!1m12!1m3!1d12475.545338478483!2d16.489252978916582!3d46.36494759659465!2m3!1f0!2f0!3f0!3m2!1i1024!2i768!4f13.1!3m3!1m2!1s0x4768aef54cd318f1%3A0x5142ccff9e02ef44!2sPIB%20extra%20d.o.o.!5e1!3m2!1shr!2shr!4v1705061758124!5m2!1sfr!2shr\" width=\"100%\" height=\"490\" allowfullscreen=\"allowfullscreen\"><\/iframe>\n<\/div><\/div><\/div><\/div><\/div><\/div><\/section><section class=\"l-section wpb_row us_custom_19737bc8 height_small color_alternate\"><div class=\"l-section-h i-cf\"><div class=\"g-cols vc_row via_grid cols_4 laptops-cols_inherit tablets-cols_2 mobiles-cols_1 valign_top type_default stacking_default\" style=\"--columns-gap:1.5rem;--laptops-columns-gap:1.5rem;--tablets-columns-gap:1.5rem;--mobiles-columns-gap:0.2rem;\"><div class=\"wpb_column vc_column_container\"><div class=\"vc_column-inner\"><div class=\"w-iconbox us_custom_0d89c9ec jc-iconbox-title-700 iconpos_top style_default color_custom align_center\"><div class=\"w-iconbox-icon\" style=\"font-size:2.2rem;--icon-color:rgba(76,76,76,0.70);\"><i class=\"fas fa-user-headset\"><\/i><\/div><div class=\"w-iconbox-meta\"><p class=\"w-iconbox-title\">Service technique<\/p><div class=\"w-iconbox-text\"><p>Bojan FOR\u0160TNARI\u0106<br \/><a href=\"mailto:bojan.forstnaric@pib-extra.hr\">bojan.forstnaric@pib-extra.hr<\/a><br \/>tel. <a href=\"tel:+38540338055\">+385 40 338 055<\/a><\/p>\n<\/div><\/div><\/div><\/div><\/div><div class=\"wpb_column vc_column_container\"><div class=\"vc_column-inner\"><div class=\"w-iconbox us_custom_0d89c9ec jc-iconbox-title-700 iconpos_top style_default color_custom align_center\"><div class=\"w-iconbox-icon\" style=\"font-size:2.2rem;--icon-color:rgba(76,76,76,0.70);\"><i class=\"fas fa-user-cog\"><\/i><\/div><div class=\"w-iconbox-meta\"><p class=\"w-iconbox-title\">Service des achats<\/p><div class=\"w-iconbox-text\"><p>Zoran FURDI<br \/><a href=\"mailto:zoran.furdi@pib-extra.hr\">zoran.furdi@pib-extra.hr<\/a><br \/>tel. <a href=\"tel:+38540338060\">+385 40 338 060<\/a><\/p>\n<\/div><\/div><\/div><\/div><\/div><div class=\"wpb_column vc_column_container\"><div class=\"vc_column-inner\"><div class=\"w-iconbox us_custom_0d89c9ec jc-iconbox-title-700 iconpos_top style_default color_custom align_center\"><div class=\"w-iconbox-icon\" style=\"font-size:2.2rem;--icon-color:rgba(76,76,76,0.70);\"><i class=\"fas fa-user-chart\"><\/i><\/div><div class=\"w-iconbox-meta\"><p class=\"w-iconbox-title\">Vente et marketing<\/p><div class=\"w-iconbox-text\"><p>Antonio KRANJ\u010cEC, univ.bacc.inf<br \/><a href=\"mailto:antonio.k@pib-extra.hr\">antonio.k@pib-extra.hr<\/a><br \/>tel. <a href=\"tel:+38540338069\">+385 40 338 069<\/a><br \/>mob. <a href=\"tel:+385989347372\">+385 98 934 7372<\/a><\/p>\n<\/div><\/div><\/div><\/div><\/div><div class=\"wpb_column vc_column_container\"><div class=\"vc_column-inner\"><div class=\"w-iconbox us_custom_0d89c9ec jc-iconbox-title-700 iconpos_top style_default color_custom align_center\"><div class=\"w-iconbox-icon\" style=\"font-size:2.2rem;--icon-color:rgba(76,76,76,0.70);\"><i class=\"fas fa-user-chart\"><\/i><\/div><div class=\"w-iconbox-meta\"><p class=\"w-iconbox-title\">Vente et marketing<\/p><div class=\"w-iconbox-text\"><p>Danijel KORO\u0160, mag.oec<br \/><a href=\"mailto:koros@pib-extra.hr\">koros@pib-extra.hr<\/a><br \/>tel. <a href=\"tel:+38540338058\">+385 40 338 058<\/a><br \/>mob. <a href=\"tel:+38598208769\">+385 98 208 769<\/a><\/p>\n<\/div><\/div><\/div><\/div><\/div><\/div><\/div><\/section><section class=\"l-section wpb_row us_custom_887a049b height_small width_custom color_alternate\" style=\"--site-content-width:570px;\"><div class=\"l-section-h i-cf\"><div class=\"g-cols vc_row via_grid cols_2 laptops-cols_inherit tablets-cols_2 mobiles-cols_1 valign_top type_default stacking_default\" style=\"--columns-gap:1.5rem;--laptops-columns-gap:1.5rem;--tablets-columns-gap:1.5rem;--mobiles-columns-gap:0.2rem;\"><div class=\"wpb_column vc_column_container\"><div class=\"vc_column-inner\"><div class=\"w-iconbox us_custom_0d89c9ec jc-iconbox-title-700 iconpos_top style_default color_custom align_center\"><div class=\"w-iconbox-icon\" style=\"font-size:2.2rem;--icon-color:rgba(76,76,76,0.70);\"><i class=\"fas fa-user-tie\"><\/i><\/div><div class=\"w-iconbox-meta\"><p class=\"w-iconbox-title\">Directeur technique<\/p><div class=\"w-iconbox-text\"><p>Ivan PETEK, dipl. ing. stroj.<br \/><a href=\"mailto:petek.i@pib-extra.hr\">petek.i@pib-extra.hr<\/a><br \/>tel. <a href=\"tel:+38540338050\">+385 40 338 050<\/a><\/p>\n<\/div><\/div><\/div><\/div><\/div><div class=\"wpb_column vc_column_container\"><div class=\"vc_column-inner\"><div class=\"w-iconbox us_custom_0d89c9ec jc-iconbox-title-700 iconpos_top style_default color_custom align_center icontype_img\"><div class=\"w-iconbox-icon\" style=\"font-size:2.2rem;--icon-color:rgba(76,76,76,0.70);\"><img decoding=\"async\" width=\"200\" height=\"200\" src=\"https:\/\/pib-extra.com\/wp-content\/uploads\/2024\/01\/finance-director.png\" class=\"attachment-full size-full\" alt=\"finance director\" srcset=\"https:\/\/pib-extra.com\/wp-content\/uploads\/2024\/01\/finance-director.png 200w, https:\/\/pib-extra.com\/wp-content\/uploads\/2024\/01\/finance-director-150x150.png 150w\" sizes=\"(max-width: 200px) 100vw, 200px\" \/><\/div><div class=\"w-iconbox-meta\"><p class=\"w-iconbox-title\">Chef des services financiers<\/p><div class=\"w-iconbox-text\"><p>Biserka PETEK<br \/><a href=\"mailto:petek@pib-extra.hr\">petek@pib-extra.hr<\/a><br \/>tel. <a href=\"tel:+38540338050\">+385 40 338 050<\/a><\/p>\n<\/div><\/div><\/div><\/div><\/div><\/div><\/div><\/section><section class=\"l-section wpb_row height_small\"><div class=\"l-section-h i-cf\"><div class=\"g-cols vc_row via_grid cols_1 laptops-cols_inherit tablets-cols_inherit mobiles-cols_1 valign_top type_default stacking_default\"><div class=\"wpb_column vc_column_container\"><div class=\"vc_column-inner\"><h2 class=\"w-text us_custom_7c5f6a71\"><span class=\"w-text-h\"><span class=\"w-text-value\">Envoyez-nous une demande<\/span><\/span><\/h2>\n<div class=\"wpcf7 no-js us_custom_b6a0cdd2 w-form layout_ver for_cform\" id=\"wpcf7-f19662-o1\" lang=\"fr-FR\" dir=\"ltr\" data-wpcf7-id=\"19662\">\n<div class=\"screen-reader-response\"><p role=\"status\" aria-live=\"polite\" aria-atomic=\"true\"><\/p> <ul><\/ul><\/div>\n<form action=\"\/fr\/wp-json\/wp\/v2\/pages\/19439#wpcf7-f19662-o1\" method=\"post\" class=\"wpcf7-form init\" aria-label=\"Formulaire de contact\" novalidate=\"novalidate\" data-status=\"init\">\n<fieldset class=\"hidden-fields-container\"><input type=\"hidden\" name=\"_wpcf7\" value=\"19662\" \/><input type=\"hidden\" name=\"_wpcf7_version\" value=\"6.1.5\" \/><input type=\"hidden\" name=\"_wpcf7_locale\" value=\"fr_FR\" \/><input type=\"hidden\" name=\"_wpcf7_unit_tag\" value=\"wpcf7-f19662-o1\" \/><input type=\"hidden\" name=\"_wpcf7_container_post\" value=\"0\" \/><input type=\"hidden\" name=\"_wpcf7_posted_data_hash\" value=\"\" \/>\n<\/fieldset>\n<div class=\"w-form-h\">\n\n<div class=\"w-form-row for_text required has_label move_label with_icon\">\n  <div class=\"w-form-row-label\">\n    <span>Nom et surnom*<\/span>\n  <\/div>\n  <div class=\"w-form-row-field\">\n<i class=\"fal fa-user\"><\/i>\n    <span class=\"wpcf7-form-control-wrap\" data-name=\"your-name\"><input size=\"40\" maxlength=\"400\" class=\"wpcf7-form-control wpcf7-text wpcf7-validates-as-required\" aria-required=\"true\" aria-invalid=\"false\" value=\"\" type=\"text\" name=\"your-name\" \/><\/span>\n  <\/div>\n<\/div>\n\n<div class=\"w-form-row for_text required has_label move_label with_icon\">\n  <div class=\"w-form-row-label\">  \n    <span>E-mail*<\/span>\n  <\/div>\n  <div class=\"w-form-row-field\">\n    <i class=\"fal fa-envelope\"><\/i>  \n    <span class=\"wpcf7-form-control-wrap\" data-name=\"your-email\"><input size=\"40\" maxlength=\"400\" class=\"wpcf7-form-control wpcf7-email wpcf7-validates-as-required wpcf7-text wpcf7-validates-as-email\" aria-required=\"true\" aria-invalid=\"false\" value=\"\" type=\"email\" name=\"your-email\" \/><\/span>\n  <\/div>\n<\/div>\n\n<div class=\"w-form-row for_text required has_label move_label with_icon\">\n  <div class=\"w-form-row-label\">\n    <span>Votre message*<\/span>\n  <\/div>\n  <div class=\"w-form-row-field\">\n    <i class=\"fal fa-pencil\"><\/i>\n    <span class=\"wpcf7-form-control-wrap\" data-name=\"your-message\"><textarea cols=\"40\" rows=\"10\" maxlength=\"2000\" class=\"wpcf7-form-control wpcf7-textarea wpcf7-validates-as-required\" aria-required=\"true\" aria-invalid=\"false\" name=\"your-message\"><\/textarea><\/span>\n  <\/div>\n<\/div>\n\n<div class=\"w-form-row for_agreement required\">\n  <div class=\"w-form-row-field\">\n    En envoyant une demande, vous acceptez la <a href=\"https:\/\/pib-extra.com\/fr\/politique-de-confidentialite\/\" target=\"_blank\">Politique de confidentialit\u00e9.<\/a>\n  <\/div>\n<\/div>\n\n<div class=\"w-form-row for_submit\">\n  <div class=\"w-form-row-field\">\n    <input class=\"wpcf7-form-control wpcf7-submit has-spinner w-btn us-btn-style_1\" type=\"submit\" value=\"ENVOYER UNE DEMANDE\" \/>\n  <\/div>\n<\/div>\n\n<\/div><p style=\"display: none !important;\" class=\"akismet-fields-container\" data-prefix=\"_wpcf7_ak_\"><label>&#916;<textarea name=\"_wpcf7_ak_hp_textarea\" cols=\"45\" rows=\"8\" maxlength=\"100\"><\/textarea><\/label><input type=\"hidden\" id=\"ak_js_1\" name=\"_wpcf7_ak_js\" value=\"7\"\/><script>document.getElementById( \"ak_js_1\" ).setAttribute( \"value\", ( new Date() ).getTime() );<\/script><\/p><div class=\"wpcf7-response-output\" aria-hidden=\"true\"><\/div>\n<\/form>\n<\/div>\n<\/div><\/div><\/div><\/div><\/section>\n","protected":false},"excerpt":{"rendered":"","protected":false},"author":4,"featured_media":0,"parent":0,"menu_order":63,"comment_status":"closed","ping_status":"closed","template":"","meta":{"_acf_changed":false,"footnotes":""},"class_list":["post-19439","page","type-page","status-publish","hentry"],"acf":[],"yoast_head":"<!-- This site is optimized with the Yoast SEO plugin v27.3 - https:\/\/yoast.com\/product\/yoast-seo-wordpress\/ -->\n<title>Contact - PIB extra<\/title>\n<meta name=\"robots\" content=\"index, follow, max-snippet:-1, max-image-preview:large, max-video-preview:-1\" \/>\n<link rel=\"canonical\" href=\"https:\/\/pib-extra.com\/fr\/contact\/\" \/>\n<meta property=\"og:locale\" content=\"fr_FR\" \/>\n<meta property=\"og:type\" content=\"article\" \/>\n<meta property=\"og:title\" content=\"Contact - PIB extra\" \/>\n<meta property=\"og:url\" content=\"https:\/\/pib-extra.com\/fr\/contact\/\" \/>\n<meta property=\"og:site_name\" content=\"PIB extra\" \/>\n<meta property=\"article:publisher\" content=\"https:\/\/www.facebook.com\/pibextra\" \/>\n<meta property=\"article:modified_time\" content=\"2024-11-13T04:21:36+00:00\" \/>\n<meta property=\"og:image\" content=\"https:\/\/pib-extra.com\/wp-content\/uploads\/2024\/01\/pib-extra-cover.jpg\" \/>\n\t<meta property=\"og:image:width\" content=\"1200\" \/>\n\t<meta property=\"og:image:height\" content=\"675\" \/>\n\t<meta property=\"og:image:type\" content=\"image\/jpeg\" \/>\n<meta name=\"twitter:card\" content=\"summary_large_image\" \/>\n<script type=\"application\/ld+json\" class=\"yoast-schema-graph\">{\"@context\":\"https:\\\/\\\/schema.org\",\"@graph\":[{\"@type\":\"WebPage\",\"@id\":\"https:\\\/\\\/pib-extra.com\\\/fr\\\/contact\\\/\",\"url\":\"https:\\\/\\\/pib-extra.com\\\/fr\\\/contact\\\/\",\"name\":\"Contact - PIB extra\",\"isPartOf\":{\"@id\":\"https:\\\/\\\/pib-extra.com\\\/fr\\\/#website\"},\"datePublished\":\"2015-10-07T07:07:11+00:00\",\"dateModified\":\"2024-11-13T04:21:36+00:00\",\"breadcrumb\":{\"@id\":\"https:\\\/\\\/pib-extra.com\\\/fr\\\/contact\\\/#breadcrumb\"},\"inLanguage\":\"fr-FR\",\"potentialAction\":[{\"@type\":\"ReadAction\",\"target\":[\"https:\\\/\\\/pib-extra.com\\\/fr\\\/contact\\\/\"]}]},{\"@type\":\"BreadcrumbList\",\"@id\":\"https:\\\/\\\/pib-extra.com\\\/fr\\\/contact\\\/#breadcrumb\",\"itemListElement\":[{\"@type\":\"ListItem\",\"position\":1,\"name\":\"Po\u010detna stranica\",\"item\":\"https:\\\/\\\/pib-extra.com\\\/fr\\\/\"},{\"@type\":\"ListItem\",\"position\":2,\"name\":\"Contact\"}]},{\"@type\":\"WebSite\",\"@id\":\"https:\\\/\\\/pib-extra.com\\\/fr\\\/#website\",\"url\":\"https:\\\/\\\/pib-extra.com\\\/fr\\\/\",\"name\":\"PIB extra\",\"description\":\"Izrada drvenih modela za ljevaonice\",\"publisher\":{\"@id\":\"https:\\\/\\\/pib-extra.com\\\/fr\\\/#organization\"},\"potentialAction\":[{\"@type\":\"SearchAction\",\"target\":{\"@type\":\"EntryPoint\",\"urlTemplate\":\"https:\\\/\\\/pib-extra.com\\\/fr\\\/?s={search_term_string}\"},\"query-input\":{\"@type\":\"PropertyValueSpecification\",\"valueRequired\":true,\"valueName\":\"search_term_string\"}}],\"inLanguage\":\"fr-FR\"},{\"@type\":\"Organization\",\"@id\":\"https:\\\/\\\/pib-extra.com\\\/fr\\\/#organization\",\"name\":\"PIB extra\",\"url\":\"https:\\\/\\\/pib-extra.com\\\/fr\\\/\",\"logo\":{\"@type\":\"ImageObject\",\"inLanguage\":\"fr-FR\",\"@id\":\"https:\\\/\\\/pib-extra.com\\\/fr\\\/#\\\/schema\\\/logo\\\/image\\\/\",\"url\":\"https:\\\/\\\/pib-extra.com\\\/wp-content\\\/uploads\\\/2024\\\/01\\\/favicon.png\",\"contentUrl\":\"https:\\\/\\\/pib-extra.com\\\/wp-content\\\/uploads\\\/2024\\\/01\\\/favicon.png\",\"width\":512,\"height\":512,\"caption\":\"PIB extra\"},\"image\":{\"@id\":\"https:\\\/\\\/pib-extra.com\\\/fr\\\/#\\\/schema\\\/logo\\\/image\\\/\"},\"sameAs\":[\"https:\\\/\\\/www.facebook.com\\\/pibextra\",\"https:\\\/\\\/www.linkedin.com\\\/company\\\/pib-extra-d-o-o-\\\/\"]}]}<\/script>\n<!-- \/ Yoast SEO plugin. -->","yoast_head_json":{"title":"Contact - PIB extra","robots":{"index":"index","follow":"follow","max-snippet":"max-snippet:-1","max-image-preview":"max-image-preview:large","max-video-preview":"max-video-preview:-1"},"canonical":"https:\/\/pib-extra.com\/fr\/contact\/","og_locale":"fr_FR","og_type":"article","og_title":"Contact - PIB extra","og_url":"https:\/\/pib-extra.com\/fr\/contact\/","og_site_name":"PIB extra","article_publisher":"https:\/\/www.facebook.com\/pibextra","article_modified_time":"2024-11-13T04:21:36+00:00","og_image":[{"width":1200,"height":675,"url":"https:\/\/pib-extra.com\/wp-content\/uploads\/2024\/01\/pib-extra-cover.jpg","type":"image\/jpeg"}],"twitter_card":"summary_large_image","schema":{"@context":"https:\/\/schema.org","@graph":[{"@type":"WebPage","@id":"https:\/\/pib-extra.com\/fr\/contact\/","url":"https:\/\/pib-extra.com\/fr\/contact\/","name":"Contact - PIB extra","isPartOf":{"@id":"https:\/\/pib-extra.com\/fr\/#website"},"datePublished":"2015-10-07T07:07:11+00:00","dateModified":"2024-11-13T04:21:36+00:00","breadcrumb":{"@id":"https:\/\/pib-extra.com\/fr\/contact\/#breadcrumb"},"inLanguage":"fr-FR","potentialAction":[{"@type":"ReadAction","target":["https:\/\/pib-extra.com\/fr\/contact\/"]}]},{"@type":"BreadcrumbList","@id":"https:\/\/pib-extra.com\/fr\/contact\/#breadcrumb","itemListElement":[{"@type":"ListItem","position":1,"name":"Po\u010detna stranica","item":"https:\/\/pib-extra.com\/fr\/"},{"@type":"ListItem","position":2,"name":"Contact"}]},{"@type":"WebSite","@id":"https:\/\/pib-extra.com\/fr\/#website","url":"https:\/\/pib-extra.com\/fr\/","name":"PIB extra","description":"Izrada drvenih modela za ljevaonice","publisher":{"@id":"https:\/\/pib-extra.com\/fr\/#organization"},"potentialAction":[{"@type":"SearchAction","target":{"@type":"EntryPoint","urlTemplate":"https:\/\/pib-extra.com\/fr\/?s={search_term_string}"},"query-input":{"@type":"PropertyValueSpecification","valueRequired":true,"valueName":"search_term_string"}}],"inLanguage":"fr-FR"},{"@type":"Organization","@id":"https:\/\/pib-extra.com\/fr\/#organization","name":"PIB extra","url":"https:\/\/pib-extra.com\/fr\/","logo":{"@type":"ImageObject","inLanguage":"fr-FR","@id":"https:\/\/pib-extra.com\/fr\/#\/schema\/logo\/image\/","url":"https:\/\/pib-extra.com\/wp-content\/uploads\/2024\/01\/favicon.png","contentUrl":"https:\/\/pib-extra.com\/wp-content\/uploads\/2024\/01\/favicon.png","width":512,"height":512,"caption":"PIB extra"},"image":{"@id":"https:\/\/pib-extra.com\/fr\/#\/schema\/logo\/image\/"},"sameAs":["https:\/\/www.facebook.com\/pibextra","https:\/\/www.linkedin.com\/company\/pib-extra-d-o-o-\/"]}]}},"_links":{"self":[{"href":"https:\/\/pib-extra.com\/fr\/wp-json\/wp\/v2\/pages\/19439","targetHints":{"allow":["GET"]}}],"collection":[{"href":"https:\/\/pib-extra.com\/fr\/wp-json\/wp\/v2\/pages"}],"about":[{"href":"https:\/\/pib-extra.com\/fr\/wp-json\/wp\/v2\/types\/page"}],"author":[{"embeddable":true,"href":"https:\/\/pib-extra.com\/fr\/wp-json\/wp\/v2\/users\/4"}],"replies":[{"embeddable":true,"href":"https:\/\/pib-extra.com\/fr\/wp-json\/wp\/v2\/comments?post=19439"}],"version-history":[{"count":12,"href":"https:\/\/pib-extra.com\/fr\/wp-json\/wp\/v2\/pages\/19439\/revisions"}],"predecessor-version":[{"id":22622,"href":"https:\/\/pib-extra.com\/fr\/wp-json\/wp\/v2\/pages\/19439\/revisions\/22622"}],"wp:attachment":[{"href":"https:\/\/pib-extra.com\/fr\/wp-json\/wp\/v2\/media?parent=19439"}],"curies":[{"name":"wp","href":"https:\/\/api.w.org\/{rel}","templated":true}]}}