{"id":19405,"date":"2015-10-07T09:05:51","date_gmt":"2015-10-07T07:05:51","guid":{"rendered":"https:\/\/pib-extra.com\/equipement\/"},"modified":"2024-02-14T14:27:15","modified_gmt":"2024-02-14T13:27:15","slug":"equipement","status":"publish","type":"page","link":"https:\/\/pib-extra.com\/fr\/equipement\/","title":{"rendered":"\u00c9quipement"},"content":{"rendered":"<section class=\"l-section wpb_row height_small\"><div class=\"l-section-h i-cf\"><div class=\"g-cols vc_row via_grid cols_3-2 laptops-cols_inherit tablets-cols_inherit mobiles-cols_1 valign_top type_default stacking_default\"><div class=\"wpb_column vc_column_container\"><div class=\"vc_column-inner\"><div class=\"wpb_text_column\"><div class=\"wpb_wrapper\"><p>L&rsquo;atelier de fabrication de mod\u00e8les PIB extra (SARL) dispose d&rsquo;une zone couverte de production <strong>20.000 m<sup>2<\/sup><\/strong> de surface, dont 900 m<sup>2<\/sup> de surface est destin\u00e9 aux bureaux de soutien technique et au d\u00e9veloppement des produits. La fabrication des mod\u00e8les est effectu\u00e9e en plusieurs \u00e9tapes du processus de production et a lieu dans six halls interconnect\u00e9s. Toutes les installations de production sont \u00e9quip\u00e9es de ponts roulants qui sont utilis\u00e9s pour manipuler des mod\u00e8les dans la fabrication. Afin d&rsquo;\u00eatre toujours pr\u00eats \u00e0 r\u00e9pondre aux demandes de nos clients et \u00e0 pouvoir commencer tout de suite la fabrication, nous disposons d\u2019un grand stockage de bois sec et de contreplaqu\u00e9. L&rsquo;atelier de fabrication de mod\u00e8les PIB extra (SARL) durant le processus de fabrication ne produit pas de d\u00e9chets dangeureux. Il ne s\u2019agit que de d\u00e9chets industriels habituels (d\u00e9chets de m\u00e9tal\u201a emballage de rev\u00eatements et peintures) \u00e9limin\u00e9s par des ramasseurs de d\u00e9chets autoris\u00e9s, conform\u00e9ment aux r\u00e8glements et r\u00e8gles juridiques.<\/p>\n<p><strong>\u00c9tant donn\u00e9 que nous attachons une attention particuli\u00e8re \u00e0 l\u2019efficacit\u00e9 \u00e9nerg\u00e9tique, d\u00e9chets de bois (la sciure et les restes de bois) sont utilis\u00e9s pour le chauffage des halls de production \u2013 en 2011 on a construit une nouvelle chaufferie de 320 kW, ainsi qu\u2019un entrep\u00f4t (d\u00e9p\u00f4t de la sciure) 310 m<sup>3<\/sup> de surface utilis\u00e9e pour chauffer l\u2019usine enti\u00e8re.<\/strong><\/p>\n<\/div><\/div><\/div><\/div><div class=\"wpb_column vc_column_container us_custom_063d64d5 has_bg_color stretched\"><div class=\"vc_column-inner\"><div class=\"w-separator us_custom_7b16b104 size_medium\"><\/div><\/div><\/div><\/div><\/div><\/section><section class=\"l-section wpb_row height_small color_alternate\"><div class=\"l-section-h i-cf\"><div class=\"g-cols vc_row via_grid cols_1 laptops-cols_inherit tablets-cols_inherit mobiles-cols_1 valign_top type_default stacking_default\"><div class=\"wpb_column vc_column_container\"><div class=\"vc_column-inner\"><h2 class=\"w-text us_custom_40824568 jc-font-size-h1\"><span class=\"w-text-h\"><span class=\"w-text-value\">\u00c9quipements et machines<\/span><\/span><\/h2><\/div><\/div><\/div><\/div><\/section><section class=\"l-section wpb_row height_small\"><div class=\"l-section-h i-cf\"><div class=\"g-cols vc_row via_grid cols_2-3 laptops-cols_inherit tablets-cols_inherit mobiles-cols_1 valign_middle type_default reversed stacking_default\"><div class=\"wpb_column vc_column_container us_custom_9769f093 has_bg_color stretched\"><div class=\"vc_column-inner\"><div class=\"w-separator us_custom_a3120420 size_medium\"><\/div><\/div><\/div><div class=\"wpb_column vc_column_container\"><div class=\"vc_column-inner\"><div class=\"wpb_text_column\"><div class=\"wpb_wrapper\"><p>Tous les produits sont fa\u00e7onn\u00e9s <strong>sur les machines modernes CNC \u00e0 5 axes<\/strong>. Les mod\u00e8les \u00e9lectroniques 3D sont modelis\u00e9s \u00e0 partir du dessin 2D ou de ce que le client envoie. Cette m\u00e9thode de fabrication permet la gestion rationnelle des ressources et une pr\u00e9cision plus grande que celle obtenue par les proc\u00e9dures de mod\u00e9lisation classique. La qualit\u00e9 de tels produits est <strong>plus \u00e9lev\u00e9e<\/strong> et le d\u00e9lai de fabrication est beaucoup <strong>plus court<\/strong>.<\/p>\n<p>L&rsquo;atelier de fabrication de mod\u00e8les PIB extra (SARL) poss\u00e8de plusieurs CNC machines plus petites \u00e0 3 axes et cinq nouvelles CNC machines \u00e0 5 axes, parmi lesquelles se distinguent deux machines de grandes dimensions pour la fabrication des mod\u00e8les les plus grands et les plus complexes.<\/p>\n<p>Les dimensions de travail des plus grandes machines qui sont actuellement en production <strong>sont 13 x 5 x 2,5 m et 20 x 8 x 2,5 m<\/strong>.<\/p>\n<\/div><\/div><\/div><\/div><\/div><\/div><\/section>\n","protected":false},"excerpt":{"rendered":"","protected":false},"author":4,"featured_media":18743,"parent":0,"menu_order":96,"comment_status":"closed","ping_status":"closed","template":"","meta":{"_acf_changed":false,"footnotes":""},"class_list":["post-19405","page","type-page","status-publish","has-post-thumbnail","hentry"],"acf":[],"yoast_head":"<!-- This site is optimized with the Yoast SEO plugin v27.4 - https:\/\/yoast.com\/product\/yoast-seo-wordpress\/ -->\n<title>\u00c9quipement - PIB extra<\/title>\n<meta name=\"robots\" content=\"index, follow, max-snippet:-1, max-image-preview:large, max-video-preview:-1\" \/>\n<link rel=\"canonical\" href=\"https:\/\/pib-extra.com\/fr\/equipement\/\" \/>\n<meta property=\"og:locale\" content=\"fr_FR\" \/>\n<meta property=\"og:type\" content=\"article\" \/>\n<meta property=\"og:title\" content=\"\u00c9quipement - PIB extra\" \/>\n<meta property=\"og:url\" content=\"https:\/\/pib-extra.com\/fr\/equipement\/\" \/>\n<meta property=\"og:site_name\" content=\"PIB extra\" \/>\n<meta property=\"article:publisher\" content=\"https:\/\/www.facebook.com\/pibextra\" \/>\n<meta property=\"article:modified_time\" content=\"2024-02-14T13:27:15+00:00\" \/>\n<meta property=\"og:image\" content=\"https:\/\/pib-extra.com\/wp-content\/uploads\/2021\/01\/PIBextra-0122-3.jpg\" \/>\n\t<meta property=\"og:image:width\" content=\"1920\" \/>\n\t<meta property=\"og:image:height\" content=\"1080\" \/>\n\t<meta property=\"og:image:type\" content=\"image\/jpeg\" \/>\n<meta name=\"twitter:card\" content=\"summary_large_image\" \/>\n<script type=\"application\/ld+json\" class=\"yoast-schema-graph\">{\"@context\":\"https:\\\/\\\/schema.org\",\"@graph\":[{\"@type\":\"WebPage\",\"@id\":\"https:\\\/\\\/pib-extra.com\\\/fr\\\/equipement\\\/\",\"url\":\"https:\\\/\\\/pib-extra.com\\\/fr\\\/equipement\\\/\",\"name\":\"\u00c9quipement - PIB extra\",\"isPartOf\":{\"@id\":\"https:\\\/\\\/pib-extra.com\\\/fr\\\/#website\"},\"primaryImageOfPage\":{\"@id\":\"https:\\\/\\\/pib-extra.com\\\/fr\\\/equipement\\\/#primaryimage\"},\"image\":{\"@id\":\"https:\\\/\\\/pib-extra.com\\\/fr\\\/equipement\\\/#primaryimage\"},\"thumbnailUrl\":\"https:\\\/\\\/pib-extra.com\\\/wp-content\\\/uploads\\\/2021\\\/01\\\/PIBextra-0122-3.jpg\",\"datePublished\":\"2015-10-07T07:05:51+00:00\",\"dateModified\":\"2024-02-14T13:27:15+00:00\",\"breadcrumb\":{\"@id\":\"https:\\\/\\\/pib-extra.com\\\/fr\\\/equipement\\\/#breadcrumb\"},\"inLanguage\":\"fr-FR\",\"potentialAction\":[{\"@type\":\"ReadAction\",\"target\":[\"https:\\\/\\\/pib-extra.com\\\/fr\\\/equipement\\\/\"]}]},{\"@type\":\"ImageObject\",\"inLanguage\":\"fr-FR\",\"@id\":\"https:\\\/\\\/pib-extra.com\\\/fr\\\/equipement\\\/#primaryimage\",\"url\":\"https:\\\/\\\/pib-extra.com\\\/wp-content\\\/uploads\\\/2021\\\/01\\\/PIBextra-0122-3.jpg\",\"contentUrl\":\"https:\\\/\\\/pib-extra.com\\\/wp-content\\\/uploads\\\/2021\\\/01\\\/PIBextra-0122-3.jpg\",\"width\":1920,\"height\":1080},{\"@type\":\"BreadcrumbList\",\"@id\":\"https:\\\/\\\/pib-extra.com\\\/fr\\\/equipement\\\/#breadcrumb\",\"itemListElement\":[{\"@type\":\"ListItem\",\"position\":1,\"name\":\"Po\u010detna stranica\",\"item\":\"https:\\\/\\\/pib-extra.com\\\/fr\\\/\"},{\"@type\":\"ListItem\",\"position\":2,\"name\":\"\u00c9quipement\"}]},{\"@type\":\"WebSite\",\"@id\":\"https:\\\/\\\/pib-extra.com\\\/fr\\\/#website\",\"url\":\"https:\\\/\\\/pib-extra.com\\\/fr\\\/\",\"name\":\"PIB extra\",\"description\":\"Izrada drvenih modela za ljevaonice\",\"publisher\":{\"@id\":\"https:\\\/\\\/pib-extra.com\\\/fr\\\/#organization\"},\"potentialAction\":[{\"@type\":\"SearchAction\",\"target\":{\"@type\":\"EntryPoint\",\"urlTemplate\":\"https:\\\/\\\/pib-extra.com\\\/fr\\\/?s={search_term_string}\"},\"query-input\":{\"@type\":\"PropertyValueSpecification\",\"valueRequired\":true,\"valueName\":\"search_term_string\"}}],\"inLanguage\":\"fr-FR\"},{\"@type\":\"Organization\",\"@id\":\"https:\\\/\\\/pib-extra.com\\\/fr\\\/#organization\",\"name\":\"PIB extra\",\"url\":\"https:\\\/\\\/pib-extra.com\\\/fr\\\/\",\"logo\":{\"@type\":\"ImageObject\",\"inLanguage\":\"fr-FR\",\"@id\":\"https:\\\/\\\/pib-extra.com\\\/fr\\\/#\\\/schema\\\/logo\\\/image\\\/\",\"url\":\"https:\\\/\\\/pib-extra.com\\\/wp-content\\\/uploads\\\/2024\\\/01\\\/favicon.png\",\"contentUrl\":\"https:\\\/\\\/pib-extra.com\\\/wp-content\\\/uploads\\\/2024\\\/01\\\/favicon.png\",\"width\":512,\"height\":512,\"caption\":\"PIB extra\"},\"image\":{\"@id\":\"https:\\\/\\\/pib-extra.com\\\/fr\\\/#\\\/schema\\\/logo\\\/image\\\/\"},\"sameAs\":[\"https:\\\/\\\/www.facebook.com\\\/pibextra\",\"https:\\\/\\\/www.linkedin.com\\\/company\\\/pib-extra-d-o-o-\\\/\"]}]}<\/script>\n<!-- \/ Yoast SEO plugin. -->","yoast_head_json":{"title":"\u00c9quipement - PIB extra","robots":{"index":"index","follow":"follow","max-snippet":"max-snippet:-1","max-image-preview":"max-image-preview:large","max-video-preview":"max-video-preview:-1"},"canonical":"https:\/\/pib-extra.com\/fr\/equipement\/","og_locale":"fr_FR","og_type":"article","og_title":"\u00c9quipement - PIB extra","og_url":"https:\/\/pib-extra.com\/fr\/equipement\/","og_site_name":"PIB extra","article_publisher":"https:\/\/www.facebook.com\/pibextra","article_modified_time":"2024-02-14T13:27:15+00:00","og_image":[{"width":1920,"height":1080,"url":"https:\/\/pib-extra.com\/wp-content\/uploads\/2021\/01\/PIBextra-0122-3.jpg","type":"image\/jpeg"}],"twitter_card":"summary_large_image","schema":{"@context":"https:\/\/schema.org","@graph":[{"@type":"WebPage","@id":"https:\/\/pib-extra.com\/fr\/equipement\/","url":"https:\/\/pib-extra.com\/fr\/equipement\/","name":"\u00c9quipement - PIB extra","isPartOf":{"@id":"https:\/\/pib-extra.com\/fr\/#website"},"primaryImageOfPage":{"@id":"https:\/\/pib-extra.com\/fr\/equipement\/#primaryimage"},"image":{"@id":"https:\/\/pib-extra.com\/fr\/equipement\/#primaryimage"},"thumbnailUrl":"https:\/\/pib-extra.com\/wp-content\/uploads\/2021\/01\/PIBextra-0122-3.jpg","datePublished":"2015-10-07T07:05:51+00:00","dateModified":"2024-02-14T13:27:15+00:00","breadcrumb":{"@id":"https:\/\/pib-extra.com\/fr\/equipement\/#breadcrumb"},"inLanguage":"fr-FR","potentialAction":[{"@type":"ReadAction","target":["https:\/\/pib-extra.com\/fr\/equipement\/"]}]},{"@type":"ImageObject","inLanguage":"fr-FR","@id":"https:\/\/pib-extra.com\/fr\/equipement\/#primaryimage","url":"https:\/\/pib-extra.com\/wp-content\/uploads\/2021\/01\/PIBextra-0122-3.jpg","contentUrl":"https:\/\/pib-extra.com\/wp-content\/uploads\/2021\/01\/PIBextra-0122-3.jpg","width":1920,"height":1080},{"@type":"BreadcrumbList","@id":"https:\/\/pib-extra.com\/fr\/equipement\/#breadcrumb","itemListElement":[{"@type":"ListItem","position":1,"name":"Po\u010detna stranica","item":"https:\/\/pib-extra.com\/fr\/"},{"@type":"ListItem","position":2,"name":"\u00c9quipement"}]},{"@type":"WebSite","@id":"https:\/\/pib-extra.com\/fr\/#website","url":"https:\/\/pib-extra.com\/fr\/","name":"PIB extra","description":"Izrada drvenih modela za ljevaonice","publisher":{"@id":"https:\/\/pib-extra.com\/fr\/#organization"},"potentialAction":[{"@type":"SearchAction","target":{"@type":"EntryPoint","urlTemplate":"https:\/\/pib-extra.com\/fr\/?s={search_term_string}"},"query-input":{"@type":"PropertyValueSpecification","valueRequired":true,"valueName":"search_term_string"}}],"inLanguage":"fr-FR"},{"@type":"Organization","@id":"https:\/\/pib-extra.com\/fr\/#organization","name":"PIB extra","url":"https:\/\/pib-extra.com\/fr\/","logo":{"@type":"ImageObject","inLanguage":"fr-FR","@id":"https:\/\/pib-extra.com\/fr\/#\/schema\/logo\/image\/","url":"https:\/\/pib-extra.com\/wp-content\/uploads\/2024\/01\/favicon.png","contentUrl":"https:\/\/pib-extra.com\/wp-content\/uploads\/2024\/01\/favicon.png","width":512,"height":512,"caption":"PIB extra"},"image":{"@id":"https:\/\/pib-extra.com\/fr\/#\/schema\/logo\/image\/"},"sameAs":["https:\/\/www.facebook.com\/pibextra","https:\/\/www.linkedin.com\/company\/pib-extra-d-o-o-\/"]}]}},"_links":{"self":[{"href":"https:\/\/pib-extra.com\/fr\/wp-json\/wp\/v2\/pages\/19405","targetHints":{"allow":["GET"]}}],"collection":[{"href":"https:\/\/pib-extra.com\/fr\/wp-json\/wp\/v2\/pages"}],"about":[{"href":"https:\/\/pib-extra.com\/fr\/wp-json\/wp\/v2\/types\/page"}],"author":[{"embeddable":true,"href":"https:\/\/pib-extra.com\/fr\/wp-json\/wp\/v2\/users\/4"}],"replies":[{"embeddable":true,"href":"https:\/\/pib-extra.com\/fr\/wp-json\/wp\/v2\/comments?post=19405"}],"version-history":[{"count":5,"href":"https:\/\/pib-extra.com\/fr\/wp-json\/wp\/v2\/pages\/19405\/revisions"}],"predecessor-version":[{"id":19410,"href":"https:\/\/pib-extra.com\/fr\/wp-json\/wp\/v2\/pages\/19405\/revisions\/19410"}],"wp:featuredmedia":[{"embeddable":true,"href":"https:\/\/pib-extra.com\/fr\/wp-json\/wp\/v2\/media\/18743"}],"wp:attachment":[{"href":"https:\/\/pib-extra.com\/fr\/wp-json\/wp\/v2\/media?parent=19405"}],"curies":[{"name":"wp","href":"https:\/\/api.w.org\/{rel}","templated":true}]}}