{"id":19387,"date":"2015-10-07T09:06:09","date_gmt":"2015-10-07T07:06:09","guid":{"rendered":"https:\/\/pib-extra.com\/technologie\/"},"modified":"2024-02-14T14:27:14","modified_gmt":"2024-02-14T13:27:14","slug":"technologie","status":"publish","type":"page","link":"https:\/\/pib-extra.com\/fr\/technologie\/","title":{"rendered":"Technologie"},"content":{"rendered":"<section class=\"l-section wpb_row height_small width_custom\" style=\"--site-content-width:1340px;\"><div class=\"l-section-h i-cf\"><div class=\"g-cols vc_row via_grid cols_2 laptops-cols_inherit tablets-cols_inherit mobiles-cols_1 valign_top type_default stacking_default\"><div class=\"wpb_column vc_column_container\"><div class=\"vc_column-inner\"><div class=\"wpb_text_column\"><div class=\"wpb_wrapper\"><p>La fabrication <strong>des mod\u00e8les pour les fonderies<\/strong> dans l\u2019atelier PIB extra (SARL) comporte plusieurs \u00e9tapes. Lorsque le client fait la demande d&rsquo;une offre (par e-mail, par fax ou par \u00e9crit), dans un d\u00e9lai tr\u00e8s court (habituellement un ou deux jours) on fait le calcul des co\u00fbts de production et on envoie au client la meilleure offre dans un bref d\u00e9lai de livraison (moins de huit jours) pour fabriquer le produit d\u2019une qualit\u00e9 d\u00e9termin\u00e9e par le client. Dans le 90 % des cas avec la demande d&rsquo;une offre nous recevons les esquisses 2D avec un brouillon aproximatif de technologie (division du mod\u00e8le, du noyau, des pi\u00e8ces interchangeables etc.). Pour faire notre offre il suffit de se mettre d&rsquo;accord avec le client sur la technologie du moulage primaire. Quant \u00e0 la r\u00e9alisation des projets, <strong>les clients sont inform\u00e9s en permanence sur l&rsquo;\u00e9tat de leurs commandes<\/strong> par la documentation num\u00e9rique et par la communication avec leurs secteurs techniques. La nouveaut\u00e9 que l&rsquo;atelier PIB extra (SARL) offre sur le march\u00e9 c&rsquo;est le service <strong>d&rsquo;ing\u00e9nierie de retour (en anglais Reverse engineering) et du balayage \u00e9lectronique 3D<\/strong>. Selon ce processus nous sommes en mesure d&rsquo;obtenir\u201a de la pi\u00e8ce finie et \u00e0 l&rsquo;aide du balayage\u201a la documentation 2D et 3D. Pour ce proc\u00e9d\u00e9 nous utilisons un \u00e9quipement moderne d\u2019un fabricant de renomm\u00e9e mondiale FARO.<\/p>\n<\/div><\/div><\/div><\/div><div class=\"wpb_column vc_column_container\"><div class=\"vc_column-inner\"><div class=\"w-slider style_none fit_scaledown nav_dots count_3\"><div class=\"w-slider-h\" aria-hidden=\"true\"><div class=\"royalSlider\"><div class=\"rsContent\"><a class=\"rsImg\" data-rsw=\"656\" data-rsh=\"437\" href=\"https:\/\/pib-extra.com\/wp-content\/uploads\/2024\/01\/tehnologija.jpg\"><span data-alt=\"\"><\/span><\/a><\/div><div class=\"rsContent\"><a class=\"rsImg\" data-rsw=\"1024\" data-rsh=\"683\" href=\"https:\/\/pib-extra.com\/wp-content\/uploads\/2021\/01\/PIB-Extra-1676_1620x1080-1-1024x683.jpg\"><span data-alt=\"\"><\/span><\/a><\/div><div class=\"rsContent\"><a class=\"rsImg\" data-rsw=\"1024\" data-rsh=\"683\" href=\"https:\/\/pib-extra.com\/wp-content\/uploads\/2024\/01\/DSCF4550-1024x683.jpg\"><span data-alt=\"\"><\/span><\/a><\/div><\/div><img decoding=\"async\" src=\"https:\/\/pib-extra.com\/wp-content\/uploads\/2024\/01\/tehnologija.jpg\" width=\"656\" height=\"437\" alt loading=\"lazy\"><\/div><div class=\"w-slider-json\" onclick='return {&quot;autoScaleSlider&quot;:true,&quot;addActiveClass&quot;:true,&quot;loop&quot;:true,&quot;fadeInLoadedSlide&quot;:false,&quot;slidesSpacing&quot;:0,&quot;imageScalePadding&quot;:0,&quot;numImagesToPreload&quot;:2,&quot;arrowsNav&quot;:true,&quot;arrowsNavAutoHide&quot;:false,&quot;transitionType&quot;:&quot;fade&quot;,&quot;transitionSpeed&quot;:250,&quot;block&quot;:{&quot;moveEffect&quot;:&quot;none&quot;,&quot;speed&quot;:300},&quot;thumbs&quot;:{&quot;fitInViewport&quot;:false,&quot;firstMargin&quot;:false,&quot;spacing&quot;:4},&quot;controlNavigation&quot;:&quot;bullets&quot;,&quot;autoplay&quot;:{&quot;enabled&quot;:true,&quot;pauseOnHover&quot;:true,&quot;delay&quot;:4000},&quot;autoScaleSliderWidth&quot;:656,&quot;autoScaleSliderHeight&quot;:437}'><\/div><\/div><\/div><\/div><\/div><\/div><\/section><section class=\"l-section wpb_row height_small color_alternate\"><div class=\"l-section-h i-cf\"><div class=\"g-cols vc_row via_grid cols_1 laptops-cols_inherit tablets-cols_inherit mobiles-cols_1 valign_top type_default stacking_default\"><div class=\"wpb_column vc_column_container\"><div class=\"vc_column-inner\"><h2 class=\"w-text us_custom_40824568 jc-font-size-h1\"><span class=\"w-text-h\"><span class=\"w-text-value\">D\u00e9roulemet de la production<\/span><\/span><\/h2><\/div><\/div><\/div><\/div><\/section><section class=\"l-section wpb_row height_small\"><div class=\"l-section-h i-cf\"><div class=\"g-cols vc_row via_grid cols_1 laptops-cols_inherit tablets-cols_inherit mobiles-cols_1 valign_top type_default stacking_default\"><div class=\"wpb_column vc_column_container\"><div class=\"vc_column-inner\"><div class=\"wpb_text_column\"><div class=\"wpb_wrapper\"><ol>\n<li>Apr\u00e8s la mod\u00e9lisation CAD, notre d\u00e9partement technique\u201a sur la base de vos croquis et esquisses 2D (ou 3D), envoie de nouvelles donn\u00e9e 3D compl\u00e9t\u00e9es qui comprennent un aper\u00e7u 3D de la technologie de coulage, le mod\u00e8le, la division, les noyaux, les noyaux particuli\u00e8rs\u2026 Nous envoyons cet aper\u00e7u 3D au client un jour apr\u00e8s la commande par e-mail au format 3D pdf ou au format excel, de sorte que le client peut voir et contr\u00f4ler la r\u00e9alisation technique. Le client peut observer et d\u00e9cider de modifier ou ajouter quelque chose.<\/li>\n<li>Le plan \u00e0 la mesure de 1:1 (aufris) ainsi que d\u2019autres parties importantes (ancienne \u00e9cole de mod\u00e9lisation \u2013 tous les dessins dans une vari\u00e9t\u00e9 de couleurs et mesures) \u2013 la division du mod\u00e8le, les suppl\u00e9ments destin\u00e9s au traitement, les c\u00f4nes etc. Nous envoyons tout cela au client par e-mail au format PDF ou DWG, qu\u2019il puisse inspecter et v\u00e9rifier toutes les mesures. De telle fa\u00e7on que le client soit s\u00fbr de ce qui lui sera livr\u00e9.<\/li>\n<li>Notre usine de production fabrique les mod\u00e8les par \u00e9quipes de trois huit et les mod\u00e8les finaux sont achev\u00e9s dans un d\u00e9lai tr\u00e8s court (la production moderne CAD\/CAM). L\u2019atelier PIB extra (SARL) garantit la qualit\u00e9. Deux jours avant la livraison on envoie par e-mail les photos des mod\u00e8les finis, du noyau etc.<\/li>\n<\/ol>\n<\/div><\/div><div class=\"w-separator size_small\"><\/div><div class=\"w-image align_center\"><div class=\"w-image-h\"><img decoding=\"async\" width=\"1024\" height=\"720\" src=\"https:\/\/pib-extra.com\/wp-content\/uploads\/2024\/01\/proizvodnjaFR-1024x720.jpg\" class=\"attachment-large size-large\" alt=\"D\u00c9ROULEMET DE LA PRODUCTION\" loading=\"lazy\" srcset=\"https:\/\/pib-extra.com\/wp-content\/uploads\/2024\/01\/proizvodnjaFR-1024x720.jpg 1024w, https:\/\/pib-extra.com\/wp-content\/uploads\/2024\/01\/proizvodnjaFR-300x211.jpg 300w, https:\/\/pib-extra.com\/wp-content\/uploads\/2024\/01\/proizvodnjaFR.jpg 1534w\" sizes=\"auto, (max-width: 1024px) 100vw, 1024px\" \/><\/div><\/div><\/div><\/div><\/div><\/div><\/section>\n","protected":false},"excerpt":{"rendered":"","protected":false},"author":4,"featured_media":18713,"parent":0,"menu_order":90,"comment_status":"closed","ping_status":"closed","template":"","meta":{"_acf_changed":false,"footnotes":""},"class_list":["post-19387","page","type-page","status-publish","has-post-thumbnail","hentry"],"acf":[],"yoast_head":"<!-- This site is optimized with the Yoast SEO plugin v27.5 - https:\/\/yoast.com\/product\/yoast-seo-wordpress\/ -->\n<title>Technologie - PIB extra<\/title>\n<meta name=\"robots\" content=\"index, follow, max-snippet:-1, max-image-preview:large, max-video-preview:-1\" \/>\n<link rel=\"canonical\" href=\"https:\/\/pib-extra.com\/fr\/technologie\/\" \/>\n<meta property=\"og:locale\" content=\"fr_FR\" \/>\n<meta property=\"og:type\" content=\"article\" \/>\n<meta property=\"og:title\" content=\"Technologie - PIB extra\" \/>\n<meta property=\"og:url\" content=\"https:\/\/pib-extra.com\/fr\/technologie\/\" \/>\n<meta property=\"og:site_name\" content=\"PIB extra\" \/>\n<meta property=\"article:publisher\" content=\"https:\/\/www.facebook.com\/pibextra\" \/>\n<meta property=\"article:modified_time\" content=\"2024-02-14T13:27:14+00:00\" \/>\n<meta property=\"og:image\" content=\"https:\/\/pib-extra.com\/wp-content\/uploads\/2021\/01\/PIB-Extra-1676_1620x1080-1.jpg\" \/>\n\t<meta property=\"og:image:width\" content=\"1620\" \/>\n\t<meta property=\"og:image:height\" content=\"1080\" \/>\n\t<meta property=\"og:image:type\" content=\"image\/jpeg\" \/>\n<meta name=\"twitter:card\" content=\"summary_large_image\" \/>\n<script type=\"application\/ld+json\" class=\"yoast-schema-graph\">{\"@context\":\"https:\\\/\\\/schema.org\",\"@graph\":[{\"@type\":\"WebPage\",\"@id\":\"https:\\\/\\\/pib-extra.com\\\/fr\\\/technologie\\\/\",\"url\":\"https:\\\/\\\/pib-extra.com\\\/fr\\\/technologie\\\/\",\"name\":\"Technologie - PIB extra\",\"isPartOf\":{\"@id\":\"https:\\\/\\\/pib-extra.com\\\/fr\\\/#website\"},\"primaryImageOfPage\":{\"@id\":\"https:\\\/\\\/pib-extra.com\\\/fr\\\/technologie\\\/#primaryimage\"},\"image\":{\"@id\":\"https:\\\/\\\/pib-extra.com\\\/fr\\\/technologie\\\/#primaryimage\"},\"thumbnailUrl\":\"https:\\\/\\\/pib-extra.com\\\/wp-content\\\/uploads\\\/2021\\\/01\\\/PIB-Extra-1676_1620x1080-1.jpg\",\"datePublished\":\"2015-10-07T07:06:09+00:00\",\"dateModified\":\"2024-02-14T13:27:14+00:00\",\"breadcrumb\":{\"@id\":\"https:\\\/\\\/pib-extra.com\\\/fr\\\/technologie\\\/#breadcrumb\"},\"inLanguage\":\"fr-FR\",\"potentialAction\":[{\"@type\":\"ReadAction\",\"target\":[\"https:\\\/\\\/pib-extra.com\\\/fr\\\/technologie\\\/\"]}]},{\"@type\":\"ImageObject\",\"inLanguage\":\"fr-FR\",\"@id\":\"https:\\\/\\\/pib-extra.com\\\/fr\\\/technologie\\\/#primaryimage\",\"url\":\"https:\\\/\\\/pib-extra.com\\\/wp-content\\\/uploads\\\/2021\\\/01\\\/PIB-Extra-1676_1620x1080-1.jpg\",\"contentUrl\":\"https:\\\/\\\/pib-extra.com\\\/wp-content\\\/uploads\\\/2021\\\/01\\\/PIB-Extra-1676_1620x1080-1.jpg\",\"width\":1620,\"height\":1080},{\"@type\":\"BreadcrumbList\",\"@id\":\"https:\\\/\\\/pib-extra.com\\\/fr\\\/technologie\\\/#breadcrumb\",\"itemListElement\":[{\"@type\":\"ListItem\",\"position\":1,\"name\":\"Po\u010detna stranica\",\"item\":\"https:\\\/\\\/pib-extra.com\\\/fr\\\/\"},{\"@type\":\"ListItem\",\"position\":2,\"name\":\"Technologie\"}]},{\"@type\":\"WebSite\",\"@id\":\"https:\\\/\\\/pib-extra.com\\\/fr\\\/#website\",\"url\":\"https:\\\/\\\/pib-extra.com\\\/fr\\\/\",\"name\":\"PIB extra\",\"description\":\"Izrada drvenih modela za ljevaonice\",\"publisher\":{\"@id\":\"https:\\\/\\\/pib-extra.com\\\/fr\\\/#organization\"},\"potentialAction\":[{\"@type\":\"SearchAction\",\"target\":{\"@type\":\"EntryPoint\",\"urlTemplate\":\"https:\\\/\\\/pib-extra.com\\\/fr\\\/?s={search_term_string}\"},\"query-input\":{\"@type\":\"PropertyValueSpecification\",\"valueRequired\":true,\"valueName\":\"search_term_string\"}}],\"inLanguage\":\"fr-FR\"},{\"@type\":\"Organization\",\"@id\":\"https:\\\/\\\/pib-extra.com\\\/fr\\\/#organization\",\"name\":\"PIB extra\",\"url\":\"https:\\\/\\\/pib-extra.com\\\/fr\\\/\",\"logo\":{\"@type\":\"ImageObject\",\"inLanguage\":\"fr-FR\",\"@id\":\"https:\\\/\\\/pib-extra.com\\\/fr\\\/#\\\/schema\\\/logo\\\/image\\\/\",\"url\":\"https:\\\/\\\/pib-extra.com\\\/wp-content\\\/uploads\\\/2024\\\/01\\\/favicon.png\",\"contentUrl\":\"https:\\\/\\\/pib-extra.com\\\/wp-content\\\/uploads\\\/2024\\\/01\\\/favicon.png\",\"width\":512,\"height\":512,\"caption\":\"PIB extra\"},\"image\":{\"@id\":\"https:\\\/\\\/pib-extra.com\\\/fr\\\/#\\\/schema\\\/logo\\\/image\\\/\"},\"sameAs\":[\"https:\\\/\\\/www.facebook.com\\\/pibextra\",\"https:\\\/\\\/www.linkedin.com\\\/company\\\/pib-extra-d-o-o-\\\/\"]}]}<\/script>\n<!-- \/ Yoast SEO plugin. -->","yoast_head_json":{"title":"Technologie - PIB extra","robots":{"index":"index","follow":"follow","max-snippet":"max-snippet:-1","max-image-preview":"max-image-preview:large","max-video-preview":"max-video-preview:-1"},"canonical":"https:\/\/pib-extra.com\/fr\/technologie\/","og_locale":"fr_FR","og_type":"article","og_title":"Technologie - PIB extra","og_url":"https:\/\/pib-extra.com\/fr\/technologie\/","og_site_name":"PIB extra","article_publisher":"https:\/\/www.facebook.com\/pibextra","article_modified_time":"2024-02-14T13:27:14+00:00","og_image":[{"width":1620,"height":1080,"url":"https:\/\/pib-extra.com\/wp-content\/uploads\/2021\/01\/PIB-Extra-1676_1620x1080-1.jpg","type":"image\/jpeg"}],"twitter_card":"summary_large_image","schema":{"@context":"https:\/\/schema.org","@graph":[{"@type":"WebPage","@id":"https:\/\/pib-extra.com\/fr\/technologie\/","url":"https:\/\/pib-extra.com\/fr\/technologie\/","name":"Technologie - PIB extra","isPartOf":{"@id":"https:\/\/pib-extra.com\/fr\/#website"},"primaryImageOfPage":{"@id":"https:\/\/pib-extra.com\/fr\/technologie\/#primaryimage"},"image":{"@id":"https:\/\/pib-extra.com\/fr\/technologie\/#primaryimage"},"thumbnailUrl":"https:\/\/pib-extra.com\/wp-content\/uploads\/2021\/01\/PIB-Extra-1676_1620x1080-1.jpg","datePublished":"2015-10-07T07:06:09+00:00","dateModified":"2024-02-14T13:27:14+00:00","breadcrumb":{"@id":"https:\/\/pib-extra.com\/fr\/technologie\/#breadcrumb"},"inLanguage":"fr-FR","potentialAction":[{"@type":"ReadAction","target":["https:\/\/pib-extra.com\/fr\/technologie\/"]}]},{"@type":"ImageObject","inLanguage":"fr-FR","@id":"https:\/\/pib-extra.com\/fr\/technologie\/#primaryimage","url":"https:\/\/pib-extra.com\/wp-content\/uploads\/2021\/01\/PIB-Extra-1676_1620x1080-1.jpg","contentUrl":"https:\/\/pib-extra.com\/wp-content\/uploads\/2021\/01\/PIB-Extra-1676_1620x1080-1.jpg","width":1620,"height":1080},{"@type":"BreadcrumbList","@id":"https:\/\/pib-extra.com\/fr\/technologie\/#breadcrumb","itemListElement":[{"@type":"ListItem","position":1,"name":"Po\u010detna stranica","item":"https:\/\/pib-extra.com\/fr\/"},{"@type":"ListItem","position":2,"name":"Technologie"}]},{"@type":"WebSite","@id":"https:\/\/pib-extra.com\/fr\/#website","url":"https:\/\/pib-extra.com\/fr\/","name":"PIB extra","description":"Izrada drvenih modela za ljevaonice","publisher":{"@id":"https:\/\/pib-extra.com\/fr\/#organization"},"potentialAction":[{"@type":"SearchAction","target":{"@type":"EntryPoint","urlTemplate":"https:\/\/pib-extra.com\/fr\/?s={search_term_string}"},"query-input":{"@type":"PropertyValueSpecification","valueRequired":true,"valueName":"search_term_string"}}],"inLanguage":"fr-FR"},{"@type":"Organization","@id":"https:\/\/pib-extra.com\/fr\/#organization","name":"PIB extra","url":"https:\/\/pib-extra.com\/fr\/","logo":{"@type":"ImageObject","inLanguage":"fr-FR","@id":"https:\/\/pib-extra.com\/fr\/#\/schema\/logo\/image\/","url":"https:\/\/pib-extra.com\/wp-content\/uploads\/2024\/01\/favicon.png","contentUrl":"https:\/\/pib-extra.com\/wp-content\/uploads\/2024\/01\/favicon.png","width":512,"height":512,"caption":"PIB extra"},"image":{"@id":"https:\/\/pib-extra.com\/fr\/#\/schema\/logo\/image\/"},"sameAs":["https:\/\/www.facebook.com\/pibextra","https:\/\/www.linkedin.com\/company\/pib-extra-d-o-o-\/"]}]}},"_links":{"self":[{"href":"https:\/\/pib-extra.com\/fr\/wp-json\/wp\/v2\/pages\/19387","targetHints":{"allow":["GET"]}}],"collection":[{"href":"https:\/\/pib-extra.com\/fr\/wp-json\/wp\/v2\/pages"}],"about":[{"href":"https:\/\/pib-extra.com\/fr\/wp-json\/wp\/v2\/types\/page"}],"author":[{"embeddable":true,"href":"https:\/\/pib-extra.com\/fr\/wp-json\/wp\/v2\/users\/4"}],"replies":[{"embeddable":true,"href":"https:\/\/pib-extra.com\/fr\/wp-json\/wp\/v2\/comments?post=19387"}],"version-history":[{"count":5,"href":"https:\/\/pib-extra.com\/fr\/wp-json\/wp\/v2\/pages\/19387\/revisions"}],"predecessor-version":[{"id":19392,"href":"https:\/\/pib-extra.com\/fr\/wp-json\/wp\/v2\/pages\/19387\/revisions\/19392"}],"wp:featuredmedia":[{"embeddable":true,"href":"https:\/\/pib-extra.com\/fr\/wp-json\/wp\/v2\/media\/18713"}],"wp:attachment":[{"href":"https:\/\/pib-extra.com\/fr\/wp-json\/wp\/v2\/media?parent=19387"}],"curies":[{"name":"wp","href":"https:\/\/api.w.org\/{rel}","templated":true}]}}