{"id":19499,"date":"2015-10-07T09:05:34","date_gmt":"2015-10-07T07:05:34","guid":{"rendered":"https:\/\/pib-extra.com\/empresa\/"},"modified":"2024-02-14T14:27:14","modified_gmt":"2024-02-14T13:27:14","slug":"empresa","status":"publish","type":"page","link":"https:\/\/pib-extra.com\/es\/empresa\/","title":{"rendered":"Empresa"},"content":{"rendered":"<section class=\"l-section wpb_row height_small width_custom\" style=\"--site-content-width:1340px;\"><div class=\"l-section-h i-cf\"><div class=\"g-cols vc_row via_grid cols_2 laptops-cols_inherit tablets-cols_inherit mobiles-cols_1 valign_middle type_default stacking_default\"><div class=\"wpb_column vc_column_container\"><div class=\"vc_column-inner\"><div class=\"wpb_text_column\"><div class=\"wpb_wrapper\"><p>La planta de fundici\u00f3n PIB es una empresa en el norte de Croacia, cuya actividad principal es la producci\u00f3n de los patrones de fundici\u00f3n (Germ. Giessereimodellbau). Fue fundada en el a\u00f1o 1993. Los propietarios de la planta de fundici\u00f3n PIB son <strong>Biserka<\/strong> e <strong>Iv\u00e1n Petek<\/strong>. La sede y la producci\u00f3n de la empresa se encuentran en el pueblo \u0160tefanec, en la zona econ\u00f3mica, a 4 kil\u00f3metros de distancia de \u010cakovec, en el condado de Me\u0111imurje. El programa de producci\u00f3n incluye todo tipo de patrones y \u00e9mbolos para el moldeo manual y mec\u00e1nico (madera, metal, pl\u00e1stico, EPS) para todos los procesos de fundici\u00f3n, que se utilizan hoy en d\u00eda en la ingenier\u00eda mec\u00e1nica, la construcci\u00f3n naval y la energ\u00e9tica. Todos los productos se fabrican de acuerdo con las normas DIN EN 12890 de calidad para complacer completamente las necesidades del mercado. El mercado objetivo es la industria de la energ\u00eda (el n\u00facleo de las turbinas de gas y vapor, las partes de turbinas de viento), trenes de laminaci\u00f3n, la construcci\u00f3n naval, la distribuci\u00f3n de fluido (v\u00e1lvulas, bombas) y la ingenier\u00eda mec\u00e1nica general.<\/p>\n<\/div><\/div><\/div><\/div><div class=\"wpb_column vc_column_container stretched\"><div class=\"vc_column-inner\"><div class=\"w-image align_none\"><a ref=\"magnificPopup\" href=\"https:\/\/pib-extra.com\/wp-content\/uploads\/2024\/02\/pib-extra-gal-24-11.jpg\" aria-label=\"pib-extra-gal-24-11\" class=\"w-image-h\"><img decoding=\"async\" width=\"1024\" height=\"683\" src=\"https:\/\/pib-extra.com\/wp-content\/uploads\/2024\/02\/pib-extra-gal-24-11-1024x683.jpg\" class=\"attachment-large size-large\" alt=\"\" loading=\"lazy\" srcset=\"https:\/\/pib-extra.com\/wp-content\/uploads\/2024\/02\/pib-extra-gal-24-11-1024x683.jpg 1024w, https:\/\/pib-extra.com\/wp-content\/uploads\/2024\/02\/pib-extra-gal-24-11-300x200.jpg 300w, https:\/\/pib-extra.com\/wp-content\/uploads\/2024\/02\/pib-extra-gal-24-11.jpg 1536w\" sizes=\"auto, (max-width: 1024px) 100vw, 1024px\" \/><\/a><\/div><\/div><\/div><\/div><\/div><\/section><section class=\"l-section wpb_row jc-vise-o-nama height_small color_alternate\"><div class=\"l-section-h i-cf\"><div class=\"g-cols vc_row via_grid cols_1 laptops-cols_inherit tablets-cols_inherit mobiles-cols_1 valign_top type_default stacking_default\"><div class=\"wpb_column vc_column_container\"><div class=\"vc_column-inner\"><h2 class=\"w-text us_custom_40824568 jc-font-size-h1\"><span class=\"w-text-h\"><span class=\"w-text-value\">Vi\u0161e o nama<\/span><\/span><\/h2><\/div><\/div><\/div><\/div><\/section><section class=\"l-section wpb_row us_custom_19737bc8 jc-vise-o-nama height_small\"><div class=\"l-section-h i-cf\"><div class=\"g-cols vc_row via_grid cols_1 laptops-cols_inherit tablets-cols_inherit mobiles-cols_1 valign_top type_default stacking_default\"><div class=\"wpb_column vc_column_container\"><div class=\"vc_column-inner\"><div class=\"wpb_text_column us_custom_a0b8fac0\"><div class=\"wpb_wrapper\"><h2>KONKURENTSKA PREDNOST<\/h2>\n<p>Najve\u0107a prednost naspram konkurencije su <strong>ekstremno kratki rokovi isporuke kvalitetnih proizvoda s konkurentnim cijenama.<\/strong> To omogu\u0107uje fleksibilna i mlada ekipa koja radi u tri smjene, kako bismo tr\u017ei\u0161tu pru\u017eili ono \u0161to drugi ne mogu &#8211; ekstremno kratke rokove isporuke, kvalitetan proizvod i konkurentne cijene. Modelarija PIB extra d.o.o. je <strong>100%-tni izvoznik<\/strong>, s glavninom kupaca u zemljama EU-a, uglavnom u Njema\u010dkoj, Austriji, Italiji. Uspje\u0161nom marketin\u0161kom kampanjom probili smo se na skandinavsko tr\u017ei\u0161te te tr\u017ei\u0161ta van Europe, kao \u0161to su <strong>SAD, Kanada i Ujedinjeni Arapski Emirati. <\/strong>Tvrtka posjeduje certifikat upravljanja kvalitetom ISO 9001:2015 \u0161to mo\u017eete provjeriti putem QR koda.<\/p>\n<\/div><\/div><div class=\"w-separator size_small\"><\/div><\/div><\/div><\/div><\/div><\/section><section class=\"l-section wpb_row us_custom_887a049b jc-vise-o-nama height_small\"><div class=\"l-section-h i-cf\"><div class=\"g-cols vc_row via_grid cols_2 laptops-cols_inherit tablets-cols_inherit mobiles-cols_2 valign_top type_default stacking_default\" style=\"--columns-gap:1.5rem;\"><div class=\"wpb_column vc_column_container\"><div class=\"vc_column-inner\"><div class=\"w-image us_custom_1cf23be4 has_height align_center\"><div class=\"w-image-h\"><img decoding=\"async\" width=\"250\" height=\"262\" src=\"https:\/\/pib-extra.com\/wp-content\/uploads\/2022\/10\/hrv.jpg\" class=\"attachment-large size-large\" alt=\"\" loading=\"lazy\" \/><\/div><\/div><\/div><\/div><div class=\"wpb_column vc_column_container\"><div class=\"vc_column-inner\"><div class=\"w-image us_custom_1cf23be4 has_height align_center\"><div class=\"w-image-h\"><img decoding=\"async\" width=\"591\" height=\"622\" src=\"https:\/\/pib-extra.com\/wp-content\/uploads\/2022\/10\/QualitySysCert_ISO9001.jpg\" class=\"attachment-large size-large\" alt=\"\" loading=\"lazy\" srcset=\"https:\/\/pib-extra.com\/wp-content\/uploads\/2022\/10\/QualitySysCert_ISO9001.jpg 591w, https:\/\/pib-extra.com\/wp-content\/uploads\/2022\/10\/QualitySysCert_ISO9001-285x300.jpg 285w\" sizes=\"auto, (max-width: 591px) 100vw, 591px\" \/><\/div><\/div><\/div><\/div><\/div><\/div><\/section><section class=\"l-section wpb_row height_small color_alternate\"><div class=\"l-section-h i-cf\"><div class=\"g-cols vc_row via_grid cols_1 laptops-cols_inherit tablets-cols_inherit mobiles-cols_1 valign_top type_default stacking_default\"><div class=\"wpb_column vc_column_container\"><div class=\"vc_column-inner\"><h2 class=\"w-text us_custom_40824568 jc-font-size-h1\"><span class=\"w-text-h\"><span class=\"w-text-value\">Historia<\/span><\/span><\/h2><\/div><\/div><\/div><\/div><\/section><section class=\"l-section wpb_row us_custom_19737bc8 height_small\"><div class=\"l-section-h i-cf\"><div class=\"g-cols vc_row via_grid cols_1 laptops-cols_inherit tablets-cols_inherit mobiles-cols_1 valign_top type_default stacking_default\"><div class=\"wpb_column vc_column_container\"><div class=\"vc_column-inner\"><div class=\"wpb_text_column us_custom_a0b8fac0\"><div class=\"wpb_wrapper\"><p>La planta de fundici\u00f3n PIB fue fundada en el a\u00f1o 1993 y los propietarios de la empresa son <strong>Biserka<\/strong> e <strong>Iv\u00e1n Petek<\/strong>. La primera f\u00e1brica se encontraba en el s\u00f3tano de la casa familiar, en unos 100 m<sup>2<\/sup>. Luego, en 2000, hemos construido una f\u00e1brica m\u00e1s grande de 800 m<sup>2<\/sup> en la direcci\u00f3n Bra\u0107e Radi\u0107a 67, \u0160tefanec. Con el tiempo, esta f\u00e1brica fue demasiado peque\u00f1a para el crecimiento repentino de la compa\u00f1\u00eda y en 2008 comencemos la construcci\u00f3n de la segunda, la f\u00e1brica m\u00e1s grande. La nueva f\u00e1brica, con el tama\u00f1o de 3.200 m<sup>2<\/sup>, con una gr\u00faa de capacidad carga de ocho toneladas, se especializ\u00f3 en la fabricaci\u00f3n de los patrones muy grandes. Despu\u00e9s, la superficie total de ambas partes de la f\u00e1brica fue 4.200 m<sup>2<\/sup>.<\/p>\n<p>Gracias a una campa\u00f1a de marketing muy exitosa y la expansi\u00f3n a nuevos mercados, en 2014 La planta de fundici\u00f3n PIB lanz\u00f3 su mayor inversi\u00f3n: la ampliaci\u00f3n de la f\u00e1brica y la compra de maquinaria, que se complet\u00f3 en el verano de 2015. El producto de esta inversi\u00f3n fue la construcci\u00f3n de una nueva nave de producci\u00f3n y el \u00e1rea de las oficinas de espacio de 11.000 m<sup>2<\/sup>. Hoy, la superficie total del espacio cubierto es <strong>15.200 m<sup>2<\/sup><\/strong>. La zona completa pertenece a la planta de fundici\u00f3n PIB, y asciende a <strong>80.000 m<sup>2<\/sup><\/strong>.<\/p>\n<p>El objetivo de la compa\u00f1\u00eda es exportar. Hemos sido reconocidos por el mercado europeo y nuestros clientes valoran <strong>nuestro esfuerzo, la calidad y la coherencia de nuestra empresa<\/strong>. Podemos concluir que hoy en d\u00eda, la compa\u00f1\u00eda PIB extra es una empresa europea sobresaliente.<\/p>\n<\/div><\/div><div class=\"w-separator size_small\"><\/div><\/div><\/div><\/div><\/div><\/section><section class=\"l-section wpb_row us_custom_887a049b jc-wrapper-images height_small width_custom\" style=\"--site-content-width:1670px;\"><div class=\"l-section-h i-cf\"><div class=\"g-cols vc_row via_grid cols_1 laptops-cols_inherit tablets-cols_inherit mobiles-cols_1 valign_top type_default\" style=\"--columns-gap:0.5rem;\"><div class=\"wpb_column vc_column_container\"><div class=\"vc_column-inner\"><div class=\"w-hwrapper valign_middle wrap stack_on_mobiles align_center\" style=\"--hwrapper-gap:0.4rem\"><div class=\"w-image us_custom_0a2fa9cb has_height align_none\"><div class=\"w-image-h\"><img decoding=\"async\" width=\"624\" height=\"375\" src=\"https:\/\/pib-extra.com\/wp-content\/uploads\/2024\/01\/2023-2024.jpg\" class=\"attachment-large size-large\" alt=\"\" loading=\"lazy\" srcset=\"https:\/\/pib-extra.com\/wp-content\/uploads\/2024\/01\/2023-2024.jpg 624w, https:\/\/pib-extra.com\/wp-content\/uploads\/2024\/01\/2023-2024-300x180.jpg 300w\" sizes=\"auto, (max-width: 624px) 100vw, 624px\" \/><\/div><\/div><div class=\"w-image us_custom_0a2fa9cb has_height align_none\"><div class=\"w-image-h\"><img decoding=\"async\" width=\"539\" height=\"375\" src=\"https:\/\/pib-extra.com\/wp-content\/uploads\/2024\/01\/2014-2015.jpg\" class=\"attachment-large size-large\" alt=\"\" loading=\"lazy\" srcset=\"https:\/\/pib-extra.com\/wp-content\/uploads\/2024\/01\/2014-2015.jpg 539w, https:\/\/pib-extra.com\/wp-content\/uploads\/2024\/01\/2014-2015-300x209.jpg 300w\" sizes=\"auto, (max-width: 539px) 100vw, 539px\" \/><\/div><\/div><div class=\"w-image us_custom_0a2fa9cb has_height align_none\"><div class=\"w-image-h\"><img decoding=\"async\" width=\"809\" height=\"375\" src=\"https:\/\/pib-extra.com\/wp-content\/uploads\/2024\/01\/2008.jpg\" class=\"attachment-large size-large\" alt=\"\" loading=\"lazy\" srcset=\"https:\/\/pib-extra.com\/wp-content\/uploads\/2024\/01\/2008.jpg 809w, https:\/\/pib-extra.com\/wp-content\/uploads\/2024\/01\/2008-300x139.jpg 300w\" sizes=\"auto, (max-width: 809px) 100vw, 809px\" \/><\/div><\/div><div class=\"w-image us_custom_0a2fa9cb has_height align_none\"><div class=\"w-image-h\"><img decoding=\"async\" width=\"808\" height=\"375\" src=\"https:\/\/pib-extra.com\/wp-content\/uploads\/2024\/01\/2000.jpg\" class=\"attachment-large size-large\" alt=\"\" loading=\"lazy\" srcset=\"https:\/\/pib-extra.com\/wp-content\/uploads\/2024\/01\/2000.jpg 808w, https:\/\/pib-extra.com\/wp-content\/uploads\/2024\/01\/2000-300x139.jpg 300w\" sizes=\"auto, (max-width: 808px) 100vw, 808px\" \/><\/div><\/div><div class=\"w-image us_custom_0a2fa9cb has_height align_none\"><div class=\"w-image-h\"><img decoding=\"async\" width=\"540\" height=\"375\" src=\"https:\/\/pib-extra.com\/wp-content\/uploads\/2024\/01\/1993.jpg\" class=\"attachment-large size-large\" alt=\"\" loading=\"lazy\" srcset=\"https:\/\/pib-extra.com\/wp-content\/uploads\/2024\/01\/1993.jpg 540w, https:\/\/pib-extra.com\/wp-content\/uploads\/2024\/01\/1993-300x208.jpg 300w\" sizes=\"auto, (max-width: 540px) 100vw, 540px\" \/><\/div><\/div><\/div><\/div><\/div><\/div><\/div><\/section><section class=\"l-section wpb_row height_small color_alternate\"><div class=\"l-section-h i-cf\"><div class=\"g-cols vc_row via_grid cols_1 laptops-cols_inherit tablets-cols_inherit mobiles-cols_1 valign_top type_default stacking_default\"><div class=\"wpb_column vc_column_container\"><div class=\"vc_column-inner\"><h2 class=\"w-text us_custom_40824568 jc-font-size-h1\"><span class=\"w-text-h\"><span class=\"w-text-value\">El Equipo<\/span><\/span><\/h2><\/div><\/div><\/div><\/div><\/section><section class=\"l-section wpb_row us_custom_19737bc8 height_small\"><div class=\"l-section-h i-cf\"><div class=\"g-cols vc_row via_grid cols_1 laptops-cols_inherit tablets-cols_inherit mobiles-cols_1 valign_top type_default stacking_default\"><div class=\"wpb_column vc_column_container\"><div class=\"vc_column-inner\"><div class=\"wpb_text_column us_custom_a0b8fac0\"><div class=\"wpb_wrapper\"><p><strong>Nosotros, en la planta de fundici\u00f3n PIB realmente creemos que nuestro recurso m\u00e1s valioso son nuestros empleados. Actualmente la planta de fundici\u00f3n PIB emplea a 220 trabajadores.<\/strong><\/p>\n<p> Departamento t\u00e9cnico est\u00e1 formado de <strong>25 tecn\u00f3logos<\/strong> que disponen de conocimiento necesario para todos los tipos de preparaci\u00f3n de los procesos de producci\u00f3n. Servicio t\u00e9cnico trabaja en dos turnos y nuestros tecn\u00f3logos est\u00e1n disponibles <strong>16 horas<\/strong> cada d\u00eda para todas las preguntas t\u00e9cnicas y sobre el progreso de la ejecuci\u00f3n de los productos. La empresa comenz\u00f3 a trabajar con las formas tradicionales de la producci\u00f3n del patr\u00f3n usando los procesos CAD \/ CAM a partir de dibujos 2D (Autocad) hasta los modelos 3D (SolidWorks), y el proceso de las piezas en modernas m\u00e1quinas CNC, utilizando herramientas avanzadas CAM (DEPO CAM, Siemens NX).<\/p>\n<p>El gr\u00e1fico muestra el aumento en el n\u00famero de empleados en la planta de fundici\u00f3n PIB.<\/p>\n<\/div><\/div><\/div><\/div><\/div><\/div><\/section><section class=\"l-section wpb_row height_small\"><div class=\"l-section-h i-cf\"><div class=\"g-cols vc_row via_grid cols_2 laptops-cols_inherit tablets-cols_inherit mobiles-cols_1 valign_top type_default stacking_default\"><div class=\"wpb_column vc_column_container\"><div class=\"vc_column-inner\"><h3 class=\"w-text us_custom_e7fa261e\"><span class=\"w-text-h\"><span class=\"w-text-value\">\u00c1rea de producci\u00f3n<\/span><\/span><\/h3><div class=\"w-image us_custom_d00c28c3 has_height align_center\"><div class=\"w-image-h\"><img decoding=\"async\" width=\"450\" height=\"444\" src=\"https:\/\/pib-extra.com\/wp-content\/uploads\/2024\/01\/graph-m2-2023.jpg\" class=\"attachment-large size-large\" alt=\"\" loading=\"lazy\" srcset=\"https:\/\/pib-extra.com\/wp-content\/uploads\/2024\/01\/graph-m2-2023.jpg 450w, https:\/\/pib-extra.com\/wp-content\/uploads\/2024\/01\/graph-m2-2023-300x296.jpg 300w\" sizes=\"auto, (max-width: 450px) 100vw, 450px\" \/><\/div><\/div><\/div><\/div><div class=\"wpb_column vc_column_container\"><div class=\"vc_column-inner\"><h3 class=\"w-text us_custom_e7fa261e\"><span class=\"w-text-h\"><span class=\"w-text-value\">Empleados<\/span><\/span><\/h3><div class=\"w-image us_custom_d00c28c3 has_height align_center\"><div class=\"w-image-h\"><img decoding=\"async\" width=\"438\" height=\"444\" src=\"https:\/\/pib-extra.com\/wp-content\/uploads\/2024\/01\/graph-employees-2023.jpg\" class=\"attachment-large size-large\" alt=\"\" loading=\"lazy\" srcset=\"https:\/\/pib-extra.com\/wp-content\/uploads\/2024\/01\/graph-employees-2023.jpg 438w, https:\/\/pib-extra.com\/wp-content\/uploads\/2024\/01\/graph-employees-2023-296x300.jpg 296w\" sizes=\"auto, (max-width: 438px) 100vw, 438px\" \/><\/div><\/div><\/div><\/div><\/div><\/div><\/section>\n","protected":false},"excerpt":{"rendered":"","protected":false},"author":4,"featured_media":0,"parent":0,"menu_order":74,"comment_status":"closed","ping_status":"closed","template":"","meta":{"_acf_changed":false,"footnotes":""},"class_list":["post-19499","page","type-page","status-publish","hentry"],"acf":[],"yoast_head":"<!-- This site is optimized with the Yoast SEO plugin v27.4 - https:\/\/yoast.com\/product\/yoast-seo-wordpress\/ -->\n<title>Empresa - PIB extra<\/title>\n<meta name=\"robots\" content=\"index, follow, max-snippet:-1, max-image-preview:large, max-video-preview:-1\" \/>\n<link rel=\"canonical\" href=\"https:\/\/pib-extra.com\/es\/empresa\/\" \/>\n<meta property=\"og:locale\" content=\"es_ES\" \/>\n<meta property=\"og:type\" content=\"article\" \/>\n<meta property=\"og:title\" content=\"Empresa - PIB extra\" \/>\n<meta property=\"og:url\" content=\"https:\/\/pib-extra.com\/es\/empresa\/\" \/>\n<meta property=\"og:site_name\" content=\"PIB extra\" \/>\n<meta property=\"article:publisher\" content=\"https:\/\/www.facebook.com\/pibextra\" \/>\n<meta property=\"article:modified_time\" content=\"2024-02-14T13:27:14+00:00\" \/>\n<meta property=\"og:image\" content=\"https:\/\/pib-extra.com\/wp-content\/uploads\/2024\/01\/pib-extra-cover.jpg\" \/>\n\t<meta property=\"og:image:width\" content=\"1200\" \/>\n\t<meta property=\"og:image:height\" content=\"675\" \/>\n\t<meta property=\"og:image:type\" content=\"image\/jpeg\" \/>\n<meta name=\"twitter:card\" content=\"summary_large_image\" \/>\n<script type=\"application\/ld+json\" class=\"yoast-schema-graph\">{\"@context\":\"https:\\\/\\\/schema.org\",\"@graph\":[{\"@type\":\"WebPage\",\"@id\":\"https:\\\/\\\/pib-extra.com\\\/es\\\/empresa\\\/\",\"url\":\"https:\\\/\\\/pib-extra.com\\\/es\\\/empresa\\\/\",\"name\":\"Empresa - PIB extra\",\"isPartOf\":{\"@id\":\"https:\\\/\\\/pib-extra.com\\\/es\\\/#website\"},\"datePublished\":\"2015-10-07T07:05:34+00:00\",\"dateModified\":\"2024-02-14T13:27:14+00:00\",\"breadcrumb\":{\"@id\":\"https:\\\/\\\/pib-extra.com\\\/es\\\/empresa\\\/#breadcrumb\"},\"inLanguage\":\"es\",\"potentialAction\":[{\"@type\":\"ReadAction\",\"target\":[\"https:\\\/\\\/pib-extra.com\\\/es\\\/empresa\\\/\"]}]},{\"@type\":\"BreadcrumbList\",\"@id\":\"https:\\\/\\\/pib-extra.com\\\/es\\\/empresa\\\/#breadcrumb\",\"itemListElement\":[{\"@type\":\"ListItem\",\"position\":1,\"name\":\"Po\u010detna stranica\",\"item\":\"https:\\\/\\\/pib-extra.com\\\/es\\\/\"},{\"@type\":\"ListItem\",\"position\":2,\"name\":\"Empresa\"}]},{\"@type\":\"WebSite\",\"@id\":\"https:\\\/\\\/pib-extra.com\\\/es\\\/#website\",\"url\":\"https:\\\/\\\/pib-extra.com\\\/es\\\/\",\"name\":\"PIB extra\",\"description\":\"Izrada drvenih modela za ljevaonice\",\"publisher\":{\"@id\":\"https:\\\/\\\/pib-extra.com\\\/es\\\/#organization\"},\"potentialAction\":[{\"@type\":\"SearchAction\",\"target\":{\"@type\":\"EntryPoint\",\"urlTemplate\":\"https:\\\/\\\/pib-extra.com\\\/es\\\/?s={search_term_string}\"},\"query-input\":{\"@type\":\"PropertyValueSpecification\",\"valueRequired\":true,\"valueName\":\"search_term_string\"}}],\"inLanguage\":\"es\"},{\"@type\":\"Organization\",\"@id\":\"https:\\\/\\\/pib-extra.com\\\/es\\\/#organization\",\"name\":\"PIB extra\",\"url\":\"https:\\\/\\\/pib-extra.com\\\/es\\\/\",\"logo\":{\"@type\":\"ImageObject\",\"inLanguage\":\"es\",\"@id\":\"https:\\\/\\\/pib-extra.com\\\/es\\\/#\\\/schema\\\/logo\\\/image\\\/\",\"url\":\"https:\\\/\\\/pib-extra.com\\\/wp-content\\\/uploads\\\/2024\\\/01\\\/favicon.png\",\"contentUrl\":\"https:\\\/\\\/pib-extra.com\\\/wp-content\\\/uploads\\\/2024\\\/01\\\/favicon.png\",\"width\":512,\"height\":512,\"caption\":\"PIB extra\"},\"image\":{\"@id\":\"https:\\\/\\\/pib-extra.com\\\/es\\\/#\\\/schema\\\/logo\\\/image\\\/\"},\"sameAs\":[\"https:\\\/\\\/www.facebook.com\\\/pibextra\",\"https:\\\/\\\/www.linkedin.com\\\/company\\\/pib-extra-d-o-o-\\\/\"]}]}<\/script>\n<!-- \/ Yoast SEO plugin. -->","yoast_head_json":{"title":"Empresa - PIB extra","robots":{"index":"index","follow":"follow","max-snippet":"max-snippet:-1","max-image-preview":"max-image-preview:large","max-video-preview":"max-video-preview:-1"},"canonical":"https:\/\/pib-extra.com\/es\/empresa\/","og_locale":"es_ES","og_type":"article","og_title":"Empresa - PIB extra","og_url":"https:\/\/pib-extra.com\/es\/empresa\/","og_site_name":"PIB extra","article_publisher":"https:\/\/www.facebook.com\/pibextra","article_modified_time":"2024-02-14T13:27:14+00:00","og_image":[{"width":1200,"height":675,"url":"https:\/\/pib-extra.com\/wp-content\/uploads\/2024\/01\/pib-extra-cover.jpg","type":"image\/jpeg"}],"twitter_card":"summary_large_image","schema":{"@context":"https:\/\/schema.org","@graph":[{"@type":"WebPage","@id":"https:\/\/pib-extra.com\/es\/empresa\/","url":"https:\/\/pib-extra.com\/es\/empresa\/","name":"Empresa - PIB extra","isPartOf":{"@id":"https:\/\/pib-extra.com\/es\/#website"},"datePublished":"2015-10-07T07:05:34+00:00","dateModified":"2024-02-14T13:27:14+00:00","breadcrumb":{"@id":"https:\/\/pib-extra.com\/es\/empresa\/#breadcrumb"},"inLanguage":"es","potentialAction":[{"@type":"ReadAction","target":["https:\/\/pib-extra.com\/es\/empresa\/"]}]},{"@type":"BreadcrumbList","@id":"https:\/\/pib-extra.com\/es\/empresa\/#breadcrumb","itemListElement":[{"@type":"ListItem","position":1,"name":"Po\u010detna stranica","item":"https:\/\/pib-extra.com\/es\/"},{"@type":"ListItem","position":2,"name":"Empresa"}]},{"@type":"WebSite","@id":"https:\/\/pib-extra.com\/es\/#website","url":"https:\/\/pib-extra.com\/es\/","name":"PIB extra","description":"Izrada drvenih modela za ljevaonice","publisher":{"@id":"https:\/\/pib-extra.com\/es\/#organization"},"potentialAction":[{"@type":"SearchAction","target":{"@type":"EntryPoint","urlTemplate":"https:\/\/pib-extra.com\/es\/?s={search_term_string}"},"query-input":{"@type":"PropertyValueSpecification","valueRequired":true,"valueName":"search_term_string"}}],"inLanguage":"es"},{"@type":"Organization","@id":"https:\/\/pib-extra.com\/es\/#organization","name":"PIB extra","url":"https:\/\/pib-extra.com\/es\/","logo":{"@type":"ImageObject","inLanguage":"es","@id":"https:\/\/pib-extra.com\/es\/#\/schema\/logo\/image\/","url":"https:\/\/pib-extra.com\/wp-content\/uploads\/2024\/01\/favicon.png","contentUrl":"https:\/\/pib-extra.com\/wp-content\/uploads\/2024\/01\/favicon.png","width":512,"height":512,"caption":"PIB extra"},"image":{"@id":"https:\/\/pib-extra.com\/es\/#\/schema\/logo\/image\/"},"sameAs":["https:\/\/www.facebook.com\/pibextra","https:\/\/www.linkedin.com\/company\/pib-extra-d-o-o-\/"]}]}},"_links":{"self":[{"href":"https:\/\/pib-extra.com\/es\/wp-json\/wp\/v2\/pages\/19499","targetHints":{"allow":["GET"]}}],"collection":[{"href":"https:\/\/pib-extra.com\/es\/wp-json\/wp\/v2\/pages"}],"about":[{"href":"https:\/\/pib-extra.com\/es\/wp-json\/wp\/v2\/types\/page"}],"author":[{"embeddable":true,"href":"https:\/\/pib-extra.com\/es\/wp-json\/wp\/v2\/users\/4"}],"replies":[{"embeddable":true,"href":"https:\/\/pib-extra.com\/es\/wp-json\/wp\/v2\/comments?post=19499"}],"version-history":[{"count":6,"href":"https:\/\/pib-extra.com\/es\/wp-json\/wp\/v2\/pages\/19499\/revisions"}],"predecessor-version":[{"id":20102,"href":"https:\/\/pib-extra.com\/es\/wp-json\/wp\/v2\/pages\/19499\/revisions\/20102"}],"wp:attachment":[{"href":"https:\/\/pib-extra.com\/es\/wp-json\/wp\/v2\/media?parent=19499"}],"curies":[{"name":"wp","href":"https:\/\/api.w.org\/{rel}","templated":true}]}}