{"id":19417,"date":"2015-10-07T09:05:51","date_gmt":"2015-10-07T07:05:51","guid":{"rendered":"https:\/\/pib-extra.com\/equipo\/"},"modified":"2024-02-14T14:27:15","modified_gmt":"2024-02-14T13:27:15","slug":"equipo","status":"publish","type":"page","link":"https:\/\/pib-extra.com\/es\/equipo\/","title":{"rendered":"Equipo"},"content":{"rendered":"<section class=\"l-section wpb_row height_small\"><div class=\"l-section-h i-cf\"><div class=\"g-cols vc_row via_grid cols_3-2 laptops-cols_inherit tablets-cols_inherit mobiles-cols_1 valign_top type_default stacking_default\"><div class=\"wpb_column vc_column_container\"><div class=\"vc_column-inner\"><div class=\"wpb_text_column\"><div class=\"wpb_wrapper\"><p>La planta de fundici\u00f3n PIB tiene una superficie de la nave de producci\u00f3n cubierta de <strong>20.000 m<sup>2<\/sup><\/strong>, de los cuales 900 m<sup>2<\/sup> de oficinas son destinados para el apoyo t\u00e9cnico y el desarrollo de productos. La producci\u00f3n de los patrones se realiza en diferentes etapas del proceso de producci\u00f3n y se lleva a cabo en seis salas conectadas. odas las salas de producci\u00f3n est\u00e1n equipadas con puente- gr\u00faas que se utilizan para manipular los patrones en la producci\u00f3n. Para estar siempre preparados para las demandas de nuestros clientes y del comienzo inmediato de la producci\u00f3n, tenemos un gran almacenamiento de la madera seca y madera contrachapada. La planta de fundici\u00f3n PIB no produce residuos peligrosos durante su proceso de producci\u00f3n. Se trata del residuo industrial com\u00fan (chatarra, embalaje de pinturas) que se elimina mediante un colector de residuos autorizados, de acuerdo con las normas legales y las reglas.<\/p>\n<p><strong>Teniendo en cuenta que prestamos atenci\u00f3n especial a la eficiencia energ\u00e9tica, utilizamos los residuos de madera (aserr\u00edn y raspones) para calentar la planta de producci\u00f3n &#8211; en el a\u00f1o 2011 fue construida una nueva sala de calderas de 320 kW, con el silo (tanque aserr\u00edn) de 310 m<sup>3<\/sup>, que se utiliza para la calefacci\u00f3n de toda la instalaci\u00f3n.<\/strong><\/p>\n<\/div><\/div><\/div><\/div><div class=\"wpb_column vc_column_container us_custom_063d64d5 has_bg_color stretched\"><div class=\"vc_column-inner\"><div class=\"w-separator us_custom_7b16b104 size_medium\"><\/div><\/div><\/div><\/div><\/div><\/section><section class=\"l-section wpb_row height_small color_alternate\"><div class=\"l-section-h i-cf\"><div class=\"g-cols vc_row via_grid cols_1 laptops-cols_inherit tablets-cols_inherit mobiles-cols_1 valign_top type_default stacking_default\"><div class=\"wpb_column vc_column_container\"><div class=\"vc_column-inner\"><h2 class=\"w-text us_custom_40824568 jc-font-size-h1\"><span class=\"w-text-h\"><span class=\"w-text-value\">Maquinaria<\/span><\/span><\/h2><\/div><\/div><\/div><\/div><\/section><section class=\"l-section wpb_row height_small\"><div class=\"l-section-h i-cf\"><div class=\"g-cols vc_row via_grid cols_2-3 laptops-cols_inherit tablets-cols_inherit mobiles-cols_1 valign_middle type_default reversed stacking_default\"><div class=\"wpb_column vc_column_container us_custom_9769f093 has_bg_color stretched\"><div class=\"vc_column-inner\"><div class=\"w-separator us_custom_a3120420 size_medium\"><\/div><\/div><\/div><div class=\"wpb_column vc_column_container\"><div class=\"vc_column-inner\"><div class=\"wpb_text_column\"><div class=\"wpb_wrapper\"><p>Todos los productos se procesan en modernas <strong>m\u00e1quinas CNC de 5 ejes<\/strong>. Los 3D patrones electr\u00f3nicos se modelan desde los 2D dibujos o se env\u00edan por el cliente. Esta forma de producci\u00f3n permite la gesti\u00f3n racional de los recursos, y la mayor precisi\u00f3n que la del modelado convencional. La calidad de estos productos es <strong>mayor<\/strong> y el plazo de entrega es mucho <strong>m\u00e1s corto<\/strong>.<\/p>\n<p>La planta de fundici\u00f3n PIB posee 3 m\u00e1quinas CNC con 3 ejes y cinco nuevas m\u00e1quinas CNC de 5 ejes. Dos de esas m\u00e1quinas son m\u00e1quinas de grandes dimensiones para la producci\u00f3n de los modelos m\u00e1s grandes y complejos.<\/p>\n<p>Las dimensiones de las mayores m\u00e1quinas que se utilizan actualmente en la producci\u00f3n son de <strong>13 x 5 x 2,5 m y 20 x 8 x 2,5 m<\/strong>.<\/p>\n<\/div><\/div><\/div><\/div><\/div><\/div><\/section>\n","protected":false},"excerpt":{"rendered":"","protected":false},"author":4,"featured_media":18746,"parent":0,"menu_order":96,"comment_status":"closed","ping_status":"closed","template":"","meta":{"_acf_changed":false,"footnotes":""},"class_list":["post-19417","page","type-page","status-publish","has-post-thumbnail","hentry"],"acf":[],"yoast_head":"<!-- This site is optimized with the Yoast SEO plugin v27.4 - https:\/\/yoast.com\/product\/yoast-seo-wordpress\/ -->\n<title>Equipo - PIB extra<\/title>\n<meta name=\"robots\" content=\"index, follow, max-snippet:-1, max-image-preview:large, max-video-preview:-1\" \/>\n<link rel=\"canonical\" href=\"https:\/\/pib-extra.com\/es\/equipo\/\" \/>\n<meta property=\"og:locale\" content=\"es_ES\" \/>\n<meta property=\"og:type\" content=\"article\" \/>\n<meta property=\"og:title\" content=\"Equipo - PIB extra\" \/>\n<meta property=\"og:url\" content=\"https:\/\/pib-extra.com\/es\/equipo\/\" \/>\n<meta property=\"og:site_name\" content=\"PIB extra\" \/>\n<meta property=\"article:publisher\" content=\"https:\/\/www.facebook.com\/pibextra\" \/>\n<meta property=\"article:modified_time\" content=\"2024-02-14T13:27:15+00:00\" \/>\n<meta property=\"og:image\" content=\"https:\/\/pib-extra.com\/wp-content\/uploads\/2021\/01\/PIBextra-0122-3.jpg\" \/>\n\t<meta property=\"og:image:width\" content=\"1920\" \/>\n\t<meta property=\"og:image:height\" content=\"1080\" \/>\n\t<meta property=\"og:image:type\" content=\"image\/jpeg\" \/>\n<meta name=\"twitter:card\" content=\"summary_large_image\" \/>\n<script type=\"application\/ld+json\" class=\"yoast-schema-graph\">{\"@context\":\"https:\\\/\\\/schema.org\",\"@graph\":[{\"@type\":\"WebPage\",\"@id\":\"https:\\\/\\\/pib-extra.com\\\/es\\\/equipo\\\/\",\"url\":\"https:\\\/\\\/pib-extra.com\\\/es\\\/equipo\\\/\",\"name\":\"Equipo - PIB extra\",\"isPartOf\":{\"@id\":\"https:\\\/\\\/pib-extra.com\\\/es\\\/#website\"},\"primaryImageOfPage\":{\"@id\":\"https:\\\/\\\/pib-extra.com\\\/es\\\/equipo\\\/#primaryimage\"},\"image\":{\"@id\":\"https:\\\/\\\/pib-extra.com\\\/es\\\/equipo\\\/#primaryimage\"},\"thumbnailUrl\":\"https:\\\/\\\/pib-extra.com\\\/wp-content\\\/uploads\\\/2021\\\/01\\\/PIBextra-0122-3.jpg\",\"datePublished\":\"2015-10-07T07:05:51+00:00\",\"dateModified\":\"2024-02-14T13:27:15+00:00\",\"breadcrumb\":{\"@id\":\"https:\\\/\\\/pib-extra.com\\\/es\\\/equipo\\\/#breadcrumb\"},\"inLanguage\":\"es\",\"potentialAction\":[{\"@type\":\"ReadAction\",\"target\":[\"https:\\\/\\\/pib-extra.com\\\/es\\\/equipo\\\/\"]}]},{\"@type\":\"ImageObject\",\"inLanguage\":\"es\",\"@id\":\"https:\\\/\\\/pib-extra.com\\\/es\\\/equipo\\\/#primaryimage\",\"url\":\"https:\\\/\\\/pib-extra.com\\\/wp-content\\\/uploads\\\/2021\\\/01\\\/PIBextra-0122-3.jpg\",\"contentUrl\":\"https:\\\/\\\/pib-extra.com\\\/wp-content\\\/uploads\\\/2021\\\/01\\\/PIBextra-0122-3.jpg\",\"width\":1920,\"height\":1080},{\"@type\":\"BreadcrumbList\",\"@id\":\"https:\\\/\\\/pib-extra.com\\\/es\\\/equipo\\\/#breadcrumb\",\"itemListElement\":[{\"@type\":\"ListItem\",\"position\":1,\"name\":\"Po\u010detna stranica\",\"item\":\"https:\\\/\\\/pib-extra.com\\\/es\\\/\"},{\"@type\":\"ListItem\",\"position\":2,\"name\":\"Equipo\"}]},{\"@type\":\"WebSite\",\"@id\":\"https:\\\/\\\/pib-extra.com\\\/es\\\/#website\",\"url\":\"https:\\\/\\\/pib-extra.com\\\/es\\\/\",\"name\":\"PIB extra\",\"description\":\"Izrada drvenih modela za ljevaonice\",\"publisher\":{\"@id\":\"https:\\\/\\\/pib-extra.com\\\/es\\\/#organization\"},\"potentialAction\":[{\"@type\":\"SearchAction\",\"target\":{\"@type\":\"EntryPoint\",\"urlTemplate\":\"https:\\\/\\\/pib-extra.com\\\/es\\\/?s={search_term_string}\"},\"query-input\":{\"@type\":\"PropertyValueSpecification\",\"valueRequired\":true,\"valueName\":\"search_term_string\"}}],\"inLanguage\":\"es\"},{\"@type\":\"Organization\",\"@id\":\"https:\\\/\\\/pib-extra.com\\\/es\\\/#organization\",\"name\":\"PIB extra\",\"url\":\"https:\\\/\\\/pib-extra.com\\\/es\\\/\",\"logo\":{\"@type\":\"ImageObject\",\"inLanguage\":\"es\",\"@id\":\"https:\\\/\\\/pib-extra.com\\\/es\\\/#\\\/schema\\\/logo\\\/image\\\/\",\"url\":\"https:\\\/\\\/pib-extra.com\\\/wp-content\\\/uploads\\\/2024\\\/01\\\/favicon.png\",\"contentUrl\":\"https:\\\/\\\/pib-extra.com\\\/wp-content\\\/uploads\\\/2024\\\/01\\\/favicon.png\",\"width\":512,\"height\":512,\"caption\":\"PIB extra\"},\"image\":{\"@id\":\"https:\\\/\\\/pib-extra.com\\\/es\\\/#\\\/schema\\\/logo\\\/image\\\/\"},\"sameAs\":[\"https:\\\/\\\/www.facebook.com\\\/pibextra\",\"https:\\\/\\\/www.linkedin.com\\\/company\\\/pib-extra-d-o-o-\\\/\"]}]}<\/script>\n<!-- \/ Yoast SEO plugin. -->","yoast_head_json":{"title":"Equipo - PIB extra","robots":{"index":"index","follow":"follow","max-snippet":"max-snippet:-1","max-image-preview":"max-image-preview:large","max-video-preview":"max-video-preview:-1"},"canonical":"https:\/\/pib-extra.com\/es\/equipo\/","og_locale":"es_ES","og_type":"article","og_title":"Equipo - PIB extra","og_url":"https:\/\/pib-extra.com\/es\/equipo\/","og_site_name":"PIB extra","article_publisher":"https:\/\/www.facebook.com\/pibextra","article_modified_time":"2024-02-14T13:27:15+00:00","og_image":[{"width":1920,"height":1080,"url":"https:\/\/pib-extra.com\/wp-content\/uploads\/2021\/01\/PIBextra-0122-3.jpg","type":"image\/jpeg"}],"twitter_card":"summary_large_image","schema":{"@context":"https:\/\/schema.org","@graph":[{"@type":"WebPage","@id":"https:\/\/pib-extra.com\/es\/equipo\/","url":"https:\/\/pib-extra.com\/es\/equipo\/","name":"Equipo - PIB extra","isPartOf":{"@id":"https:\/\/pib-extra.com\/es\/#website"},"primaryImageOfPage":{"@id":"https:\/\/pib-extra.com\/es\/equipo\/#primaryimage"},"image":{"@id":"https:\/\/pib-extra.com\/es\/equipo\/#primaryimage"},"thumbnailUrl":"https:\/\/pib-extra.com\/wp-content\/uploads\/2021\/01\/PIBextra-0122-3.jpg","datePublished":"2015-10-07T07:05:51+00:00","dateModified":"2024-02-14T13:27:15+00:00","breadcrumb":{"@id":"https:\/\/pib-extra.com\/es\/equipo\/#breadcrumb"},"inLanguage":"es","potentialAction":[{"@type":"ReadAction","target":["https:\/\/pib-extra.com\/es\/equipo\/"]}]},{"@type":"ImageObject","inLanguage":"es","@id":"https:\/\/pib-extra.com\/es\/equipo\/#primaryimage","url":"https:\/\/pib-extra.com\/wp-content\/uploads\/2021\/01\/PIBextra-0122-3.jpg","contentUrl":"https:\/\/pib-extra.com\/wp-content\/uploads\/2021\/01\/PIBextra-0122-3.jpg","width":1920,"height":1080},{"@type":"BreadcrumbList","@id":"https:\/\/pib-extra.com\/es\/equipo\/#breadcrumb","itemListElement":[{"@type":"ListItem","position":1,"name":"Po\u010detna stranica","item":"https:\/\/pib-extra.com\/es\/"},{"@type":"ListItem","position":2,"name":"Equipo"}]},{"@type":"WebSite","@id":"https:\/\/pib-extra.com\/es\/#website","url":"https:\/\/pib-extra.com\/es\/","name":"PIB extra","description":"Izrada drvenih modela za ljevaonice","publisher":{"@id":"https:\/\/pib-extra.com\/es\/#organization"},"potentialAction":[{"@type":"SearchAction","target":{"@type":"EntryPoint","urlTemplate":"https:\/\/pib-extra.com\/es\/?s={search_term_string}"},"query-input":{"@type":"PropertyValueSpecification","valueRequired":true,"valueName":"search_term_string"}}],"inLanguage":"es"},{"@type":"Organization","@id":"https:\/\/pib-extra.com\/es\/#organization","name":"PIB extra","url":"https:\/\/pib-extra.com\/es\/","logo":{"@type":"ImageObject","inLanguage":"es","@id":"https:\/\/pib-extra.com\/es\/#\/schema\/logo\/image\/","url":"https:\/\/pib-extra.com\/wp-content\/uploads\/2024\/01\/favicon.png","contentUrl":"https:\/\/pib-extra.com\/wp-content\/uploads\/2024\/01\/favicon.png","width":512,"height":512,"caption":"PIB extra"},"image":{"@id":"https:\/\/pib-extra.com\/es\/#\/schema\/logo\/image\/"},"sameAs":["https:\/\/www.facebook.com\/pibextra","https:\/\/www.linkedin.com\/company\/pib-extra-d-o-o-\/"]}]}},"_links":{"self":[{"href":"https:\/\/pib-extra.com\/es\/wp-json\/wp\/v2\/pages\/19417","targetHints":{"allow":["GET"]}}],"collection":[{"href":"https:\/\/pib-extra.com\/es\/wp-json\/wp\/v2\/pages"}],"about":[{"href":"https:\/\/pib-extra.com\/es\/wp-json\/wp\/v2\/types\/page"}],"author":[{"embeddable":true,"href":"https:\/\/pib-extra.com\/es\/wp-json\/wp\/v2\/users\/4"}],"replies":[{"embeddable":true,"href":"https:\/\/pib-extra.com\/es\/wp-json\/wp\/v2\/comments?post=19417"}],"version-history":[{"count":5,"href":"https:\/\/pib-extra.com\/es\/wp-json\/wp\/v2\/pages\/19417\/revisions"}],"predecessor-version":[{"id":19422,"href":"https:\/\/pib-extra.com\/es\/wp-json\/wp\/v2\/pages\/19417\/revisions\/19422"}],"wp:featuredmedia":[{"embeddable":true,"href":"https:\/\/pib-extra.com\/es\/wp-json\/wp\/v2\/media\/18746"}],"wp:attachment":[{"href":"https:\/\/pib-extra.com\/es\/wp-json\/wp\/v2\/media?parent=19417"}],"curies":[{"name":"wp","href":"https:\/\/api.w.org\/{rel}","templated":true}]}}