{"id":19399,"date":"2015-10-07T09:06:09","date_gmt":"2015-10-07T07:06:09","guid":{"rendered":"https:\/\/pib-extra.com\/tecnologia\/"},"modified":"2024-02-14T14:27:15","modified_gmt":"2024-02-14T13:27:15","slug":"tecnologia","status":"publish","type":"page","link":"https:\/\/pib-extra.com\/es\/tecnologia\/","title":{"rendered":"Tecnolog\u00eda"},"content":{"rendered":"<section class=\"l-section wpb_row height_small width_custom\" style=\"--site-content-width:1340px;\"><div class=\"l-section-h i-cf\"><div class=\"g-cols vc_row via_grid cols_2 laptops-cols_inherit tablets-cols_inherit mobiles-cols_1 valign_top type_default stacking_default\"><div class=\"wpb_column vc_column_container\"><div class=\"vc_column-inner\"><div class=\"wpb_text_column\"><div class=\"wpb_wrapper\"><p>La producci\u00f3n de <strong>los patrones de fundici\u00f3n<\/strong> en la planta de fundici\u00f3n PIB est\u00e1 organizada en varias etapas. Cuando recibimos una solicitud de propuesta del cliente (por e-mail, fax o en papel), en un per\u00edodo muy corto de tiempo (generalmente un d\u00eda o dos) calculamos los gastos de producci\u00f3n y enviamos al cliente el mejor oferta, con fecha de entrega cortos (menos de ocho d\u00edas), para el producto de la calidad especificada por el cliente. En el 90% de los casos, junto con la solicitud de propuesta, recibimos los dibujos 2D con un esquema (el esquema del patr\u00f3n, el n\u00facleo, piezas intercambiables, etc.). Para elaborar nuestra oferta, es suficiente ponerse de acuerdo con el cliente sobre la tecnolog\u00eda primaria de fundici\u00f3n. En cuanto a la realizaci\u00f3n de los proyectos, <strong>los clientes est\u00e1n constantemente informados sobre el estado de sus productos<\/strong> a trav\u00e9s de documentaci\u00f3n digital y la comunicaci\u00f3n con sus departamentos t\u00e9cnicos, para que tengan acceso a casi todas las etapas del proceso de producci\u00f3n. La novedad que ofrece la planta de fundici\u00f3n PIB es la <strong>ingenier\u00eda inversa y la digitalizaci\u00f3n en 3D<\/strong>. En ese proceso, mediante la exploraci\u00f3n, estamos en condiciones de obtener la documentaci\u00f3n 2D y 3D de la pieza terminada. Para este proceso utilizamos maquinaria moderna del famoso fabricante FARO.<\/p>\n<\/div><\/div><\/div><\/div><div class=\"wpb_column vc_column_container\"><div class=\"vc_column-inner\"><div class=\"w-slider style_none fit_scaledown nav_dots count_3\"><div class=\"w-slider-h\" aria-hidden=\"true\"><div class=\"royalSlider\"><div class=\"rsContent\"><a class=\"rsImg\" data-rsw=\"656\" data-rsh=\"437\" href=\"https:\/\/pib-extra.com\/wp-content\/uploads\/2024\/01\/tehnologija.jpg\"><span data-alt=\"\"><\/span><\/a><\/div><div class=\"rsContent\"><a class=\"rsImg\" data-rsw=\"1024\" data-rsh=\"683\" href=\"https:\/\/pib-extra.com\/wp-content\/uploads\/2021\/01\/PIB-Extra-1676_1620x1080-1-1024x683.jpg\"><span data-alt=\"\"><\/span><\/a><\/div><div class=\"rsContent\"><a class=\"rsImg\" data-rsw=\"1024\" data-rsh=\"683\" href=\"https:\/\/pib-extra.com\/wp-content\/uploads\/2024\/01\/DSCF4550-1024x683.jpg\"><span data-alt=\"\"><\/span><\/a><\/div><\/div><img decoding=\"async\" src=\"https:\/\/pib-extra.com\/wp-content\/uploads\/2024\/01\/tehnologija.jpg\" width=\"656\" height=\"437\" alt loading=\"lazy\"><\/div><div class=\"w-slider-json\" onclick='return {&quot;autoScaleSlider&quot;:true,&quot;addActiveClass&quot;:true,&quot;loop&quot;:true,&quot;fadeInLoadedSlide&quot;:false,&quot;slidesSpacing&quot;:0,&quot;imageScalePadding&quot;:0,&quot;numImagesToPreload&quot;:2,&quot;arrowsNav&quot;:true,&quot;arrowsNavAutoHide&quot;:false,&quot;transitionType&quot;:&quot;fade&quot;,&quot;transitionSpeed&quot;:250,&quot;block&quot;:{&quot;moveEffect&quot;:&quot;none&quot;,&quot;speed&quot;:300},&quot;thumbs&quot;:{&quot;fitInViewport&quot;:false,&quot;firstMargin&quot;:false,&quot;spacing&quot;:4},&quot;controlNavigation&quot;:&quot;bullets&quot;,&quot;autoplay&quot;:{&quot;enabled&quot;:true,&quot;pauseOnHover&quot;:true,&quot;delay&quot;:4000},&quot;autoScaleSliderWidth&quot;:656,&quot;autoScaleSliderHeight&quot;:437}'><\/div><\/div><\/div><\/div><\/div><\/div><\/section><section class=\"l-section wpb_row height_small color_alternate\"><div class=\"l-section-h i-cf\"><div class=\"g-cols vc_row via_grid cols_1 laptops-cols_inherit tablets-cols_inherit mobiles-cols_1 valign_top type_default stacking_default\"><div class=\"wpb_column vc_column_container\"><div class=\"vc_column-inner\"><h2 class=\"w-text us_custom_40824568 jc-font-size-h1\"><span class=\"w-text-h\"><span class=\"w-text-value\">Proceso de producci\u00f3n<\/span><\/span><\/h2><\/div><\/div><\/div><\/div><\/section><section class=\"l-section wpb_row height_small\"><div class=\"l-section-h i-cf\"><div class=\"g-cols vc_row via_grid cols_1 laptops-cols_inherit tablets-cols_inherit mobiles-cols_1 valign_top type_default stacking_default\"><div class=\"wpb_column vc_column_container\"><div class=\"vc_column-inner\"><div class=\"wpb_text_column\"><div class=\"wpb_wrapper\"><ol>\n<li>Despu\u00e9s de hacer un modelo CAD, nuestro departamento t\u00e9cnico le enviar\u00e1, basando en su esquema 2D o 3D, el nuevo conjunto de datos en 3D que contiene una presentaci\u00f3n de la tecnolog\u00eda de fundici\u00f3n, patr\u00f3n, la esquema, el n\u00facleo, el n\u00facleo especial en 3D. Esta revisi\u00f3n 3D se env\u00eda al cliente a trav\u00e9s de correo electr\u00f3nico en el formato pdf o exe en el periodo de un d\u00eda para que el cliente pueda controlar visualmente la tecnolog\u00eda. A continuaci\u00f3n, el cliente puede ver y decidir si quiere modificar o a\u00f1adir algo.<\/li>\n<li>El plano en medida 1: 1 (aufris) y otros partes importantes (todos los dibujos en una variedad de colores y en todas las medidas) \u2013 el esquema del patr\u00f3n, accesorios de procesamiento, etc.). Todos esos elementos enviamos al cliente por correo electr\u00f3nico en formato DWG o PDF, para ser capaz de ver y comprobar todas las medidas. Al final, el cliente est\u00e1 asegurado en lo que se le entregar\u00e1.<\/li>\n<li>Nuestra f\u00e1brica produce patrones en tres turnos, para que la producci\u00f3n final de los patrones pueda ser finalizada en un tiempo muy corto (la producci\u00f3n moderna de CAD \/ CAM). Garantizamos nuestra calidad. Dos d\u00edas antes de la entrega, el cliente recibe por correo electr\u00f3nico las fotos finales del modelo, \u00e9mbolo etc.<\/li>\n<\/ol>\n<\/div><\/div><div class=\"w-separator size_small\"><\/div><div class=\"w-image align_center\"><div class=\"w-image-h\"><img decoding=\"async\" width=\"1024\" height=\"706\" src=\"https:\/\/pib-extra.com\/wp-content\/uploads\/2024\/01\/proizvodnjaES-1024x706.jpg\" class=\"attachment-large size-large\" alt=\"PROCESO DE PRODUCCI\u00d3N\" loading=\"lazy\" srcset=\"https:\/\/pib-extra.com\/wp-content\/uploads\/2024\/01\/proizvodnjaES-1024x706.jpg 1024w, https:\/\/pib-extra.com\/wp-content\/uploads\/2024\/01\/proizvodnjaES-300x207.jpg 300w, https:\/\/pib-extra.com\/wp-content\/uploads\/2024\/01\/proizvodnjaES.jpg 1523w\" sizes=\"auto, (max-width: 1024px) 100vw, 1024px\" \/><\/div><\/div><\/div><\/div><\/div><\/div><\/section>\n","protected":false},"excerpt":{"rendered":"","protected":false},"author":4,"featured_media":18716,"parent":0,"menu_order":90,"comment_status":"closed","ping_status":"closed","template":"","meta":{"_acf_changed":false,"footnotes":""},"class_list":["post-19399","page","type-page","status-publish","has-post-thumbnail","hentry"],"acf":[],"yoast_head":"<!-- This site is optimized with the Yoast SEO plugin v27.4 - https:\/\/yoast.com\/product\/yoast-seo-wordpress\/ -->\n<title>Tecnolog\u00eda - PIB extra<\/title>\n<meta name=\"robots\" content=\"index, follow, max-snippet:-1, max-image-preview:large, max-video-preview:-1\" \/>\n<link rel=\"canonical\" href=\"https:\/\/pib-extra.com\/es\/tecnologia\/\" \/>\n<meta property=\"og:locale\" content=\"es_ES\" \/>\n<meta property=\"og:type\" content=\"article\" \/>\n<meta property=\"og:title\" content=\"Tecnolog\u00eda - PIB extra\" \/>\n<meta property=\"og:url\" content=\"https:\/\/pib-extra.com\/es\/tecnologia\/\" \/>\n<meta property=\"og:site_name\" content=\"PIB extra\" \/>\n<meta property=\"article:publisher\" content=\"https:\/\/www.facebook.com\/pibextra\" \/>\n<meta property=\"article:modified_time\" content=\"2024-02-14T13:27:15+00:00\" \/>\n<meta property=\"og:image\" content=\"https:\/\/pib-extra.com\/wp-content\/uploads\/2021\/01\/PIB-Extra-1676_1620x1080-1.jpg\" \/>\n\t<meta property=\"og:image:width\" content=\"1620\" \/>\n\t<meta property=\"og:image:height\" content=\"1080\" \/>\n\t<meta property=\"og:image:type\" content=\"image\/jpeg\" \/>\n<meta name=\"twitter:card\" content=\"summary_large_image\" \/>\n<script type=\"application\/ld+json\" class=\"yoast-schema-graph\">{\"@context\":\"https:\\\/\\\/schema.org\",\"@graph\":[{\"@type\":\"WebPage\",\"@id\":\"https:\\\/\\\/pib-extra.com\\\/es\\\/tecnologia\\\/\",\"url\":\"https:\\\/\\\/pib-extra.com\\\/es\\\/tecnologia\\\/\",\"name\":\"Tecnolog\u00eda - PIB extra\",\"isPartOf\":{\"@id\":\"https:\\\/\\\/pib-extra.com\\\/es\\\/#website\"},\"primaryImageOfPage\":{\"@id\":\"https:\\\/\\\/pib-extra.com\\\/es\\\/tecnologia\\\/#primaryimage\"},\"image\":{\"@id\":\"https:\\\/\\\/pib-extra.com\\\/es\\\/tecnologia\\\/#primaryimage\"},\"thumbnailUrl\":\"https:\\\/\\\/pib-extra.com\\\/wp-content\\\/uploads\\\/2021\\\/01\\\/PIB-Extra-1676_1620x1080-1.jpg\",\"datePublished\":\"2015-10-07T07:06:09+00:00\",\"dateModified\":\"2024-02-14T13:27:15+00:00\",\"breadcrumb\":{\"@id\":\"https:\\\/\\\/pib-extra.com\\\/es\\\/tecnologia\\\/#breadcrumb\"},\"inLanguage\":\"es\",\"potentialAction\":[{\"@type\":\"ReadAction\",\"target\":[\"https:\\\/\\\/pib-extra.com\\\/es\\\/tecnologia\\\/\"]}]},{\"@type\":\"ImageObject\",\"inLanguage\":\"es\",\"@id\":\"https:\\\/\\\/pib-extra.com\\\/es\\\/tecnologia\\\/#primaryimage\",\"url\":\"https:\\\/\\\/pib-extra.com\\\/wp-content\\\/uploads\\\/2021\\\/01\\\/PIB-Extra-1676_1620x1080-1.jpg\",\"contentUrl\":\"https:\\\/\\\/pib-extra.com\\\/wp-content\\\/uploads\\\/2021\\\/01\\\/PIB-Extra-1676_1620x1080-1.jpg\",\"width\":1620,\"height\":1080},{\"@type\":\"BreadcrumbList\",\"@id\":\"https:\\\/\\\/pib-extra.com\\\/es\\\/tecnologia\\\/#breadcrumb\",\"itemListElement\":[{\"@type\":\"ListItem\",\"position\":1,\"name\":\"Po\u010detna stranica\",\"item\":\"https:\\\/\\\/pib-extra.com\\\/es\\\/\"},{\"@type\":\"ListItem\",\"position\":2,\"name\":\"Tecnolog\u00eda\"}]},{\"@type\":\"WebSite\",\"@id\":\"https:\\\/\\\/pib-extra.com\\\/es\\\/#website\",\"url\":\"https:\\\/\\\/pib-extra.com\\\/es\\\/\",\"name\":\"PIB extra\",\"description\":\"Izrada drvenih modela za ljevaonice\",\"publisher\":{\"@id\":\"https:\\\/\\\/pib-extra.com\\\/es\\\/#organization\"},\"potentialAction\":[{\"@type\":\"SearchAction\",\"target\":{\"@type\":\"EntryPoint\",\"urlTemplate\":\"https:\\\/\\\/pib-extra.com\\\/es\\\/?s={search_term_string}\"},\"query-input\":{\"@type\":\"PropertyValueSpecification\",\"valueRequired\":true,\"valueName\":\"search_term_string\"}}],\"inLanguage\":\"es\"},{\"@type\":\"Organization\",\"@id\":\"https:\\\/\\\/pib-extra.com\\\/es\\\/#organization\",\"name\":\"PIB extra\",\"url\":\"https:\\\/\\\/pib-extra.com\\\/es\\\/\",\"logo\":{\"@type\":\"ImageObject\",\"inLanguage\":\"es\",\"@id\":\"https:\\\/\\\/pib-extra.com\\\/es\\\/#\\\/schema\\\/logo\\\/image\\\/\",\"url\":\"https:\\\/\\\/pib-extra.com\\\/wp-content\\\/uploads\\\/2024\\\/01\\\/favicon.png\",\"contentUrl\":\"https:\\\/\\\/pib-extra.com\\\/wp-content\\\/uploads\\\/2024\\\/01\\\/favicon.png\",\"width\":512,\"height\":512,\"caption\":\"PIB extra\"},\"image\":{\"@id\":\"https:\\\/\\\/pib-extra.com\\\/es\\\/#\\\/schema\\\/logo\\\/image\\\/\"},\"sameAs\":[\"https:\\\/\\\/www.facebook.com\\\/pibextra\",\"https:\\\/\\\/www.linkedin.com\\\/company\\\/pib-extra-d-o-o-\\\/\"]}]}<\/script>\n<!-- \/ Yoast SEO plugin. -->","yoast_head_json":{"title":"Tecnolog\u00eda - PIB extra","robots":{"index":"index","follow":"follow","max-snippet":"max-snippet:-1","max-image-preview":"max-image-preview:large","max-video-preview":"max-video-preview:-1"},"canonical":"https:\/\/pib-extra.com\/es\/tecnologia\/","og_locale":"es_ES","og_type":"article","og_title":"Tecnolog\u00eda - PIB extra","og_url":"https:\/\/pib-extra.com\/es\/tecnologia\/","og_site_name":"PIB extra","article_publisher":"https:\/\/www.facebook.com\/pibextra","article_modified_time":"2024-02-14T13:27:15+00:00","og_image":[{"width":1620,"height":1080,"url":"https:\/\/pib-extra.com\/wp-content\/uploads\/2021\/01\/PIB-Extra-1676_1620x1080-1.jpg","type":"image\/jpeg"}],"twitter_card":"summary_large_image","schema":{"@context":"https:\/\/schema.org","@graph":[{"@type":"WebPage","@id":"https:\/\/pib-extra.com\/es\/tecnologia\/","url":"https:\/\/pib-extra.com\/es\/tecnologia\/","name":"Tecnolog\u00eda - PIB extra","isPartOf":{"@id":"https:\/\/pib-extra.com\/es\/#website"},"primaryImageOfPage":{"@id":"https:\/\/pib-extra.com\/es\/tecnologia\/#primaryimage"},"image":{"@id":"https:\/\/pib-extra.com\/es\/tecnologia\/#primaryimage"},"thumbnailUrl":"https:\/\/pib-extra.com\/wp-content\/uploads\/2021\/01\/PIB-Extra-1676_1620x1080-1.jpg","datePublished":"2015-10-07T07:06:09+00:00","dateModified":"2024-02-14T13:27:15+00:00","breadcrumb":{"@id":"https:\/\/pib-extra.com\/es\/tecnologia\/#breadcrumb"},"inLanguage":"es","potentialAction":[{"@type":"ReadAction","target":["https:\/\/pib-extra.com\/es\/tecnologia\/"]}]},{"@type":"ImageObject","inLanguage":"es","@id":"https:\/\/pib-extra.com\/es\/tecnologia\/#primaryimage","url":"https:\/\/pib-extra.com\/wp-content\/uploads\/2021\/01\/PIB-Extra-1676_1620x1080-1.jpg","contentUrl":"https:\/\/pib-extra.com\/wp-content\/uploads\/2021\/01\/PIB-Extra-1676_1620x1080-1.jpg","width":1620,"height":1080},{"@type":"BreadcrumbList","@id":"https:\/\/pib-extra.com\/es\/tecnologia\/#breadcrumb","itemListElement":[{"@type":"ListItem","position":1,"name":"Po\u010detna stranica","item":"https:\/\/pib-extra.com\/es\/"},{"@type":"ListItem","position":2,"name":"Tecnolog\u00eda"}]},{"@type":"WebSite","@id":"https:\/\/pib-extra.com\/es\/#website","url":"https:\/\/pib-extra.com\/es\/","name":"PIB extra","description":"Izrada drvenih modela za ljevaonice","publisher":{"@id":"https:\/\/pib-extra.com\/es\/#organization"},"potentialAction":[{"@type":"SearchAction","target":{"@type":"EntryPoint","urlTemplate":"https:\/\/pib-extra.com\/es\/?s={search_term_string}"},"query-input":{"@type":"PropertyValueSpecification","valueRequired":true,"valueName":"search_term_string"}}],"inLanguage":"es"},{"@type":"Organization","@id":"https:\/\/pib-extra.com\/es\/#organization","name":"PIB extra","url":"https:\/\/pib-extra.com\/es\/","logo":{"@type":"ImageObject","inLanguage":"es","@id":"https:\/\/pib-extra.com\/es\/#\/schema\/logo\/image\/","url":"https:\/\/pib-extra.com\/wp-content\/uploads\/2024\/01\/favicon.png","contentUrl":"https:\/\/pib-extra.com\/wp-content\/uploads\/2024\/01\/favicon.png","width":512,"height":512,"caption":"PIB extra"},"image":{"@id":"https:\/\/pib-extra.com\/es\/#\/schema\/logo\/image\/"},"sameAs":["https:\/\/www.facebook.com\/pibextra","https:\/\/www.linkedin.com\/company\/pib-extra-d-o-o-\/"]}]}},"_links":{"self":[{"href":"https:\/\/pib-extra.com\/es\/wp-json\/wp\/v2\/pages\/19399","targetHints":{"allow":["GET"]}}],"collection":[{"href":"https:\/\/pib-extra.com\/es\/wp-json\/wp\/v2\/pages"}],"about":[{"href":"https:\/\/pib-extra.com\/es\/wp-json\/wp\/v2\/types\/page"}],"author":[{"embeddable":true,"href":"https:\/\/pib-extra.com\/es\/wp-json\/wp\/v2\/users\/4"}],"replies":[{"embeddable":true,"href":"https:\/\/pib-extra.com\/es\/wp-json\/wp\/v2\/comments?post=19399"}],"version-history":[{"count":5,"href":"https:\/\/pib-extra.com\/es\/wp-json\/wp\/v2\/pages\/19399\/revisions"}],"predecessor-version":[{"id":19404,"href":"https:\/\/pib-extra.com\/es\/wp-json\/wp\/v2\/pages\/19399\/revisions\/19404"}],"wp:featuredmedia":[{"embeddable":true,"href":"https:\/\/pib-extra.com\/es\/wp-json\/wp\/v2\/media\/18716"}],"wp:attachment":[{"href":"https:\/\/pib-extra.com\/es\/wp-json\/wp\/v2\/media?parent=19399"}],"curies":[{"name":"wp","href":"https:\/\/api.w.org\/{rel}","templated":true}]}}