{"id":19280,"date":"2015-10-07T09:05:34","date_gmt":"2015-10-07T07:05:34","guid":{"rendered":"https:\/\/pib-extra.com\/about-us\/"},"modified":"2024-08-09T20:09:29","modified_gmt":"2024-08-09T18:09:29","slug":"about-us","status":"publish","type":"page","link":"https:\/\/pib-extra.com\/en\/about-us\/","title":{"rendered":"About us"},"content":{"rendered":"<section class=\"l-section wpb_row height_small width_custom\" style=\"--site-content-width:1340px;\"><div class=\"l-section-h i-cf\"><div class=\"g-cols vc_row via_grid cols_2 laptops-cols_inherit tablets-cols_inherit mobiles-cols_1 valign_middle type_default stacking_default\"><div class=\"wpb_column vc_column_container\"><div class=\"vc_column-inner\"><div class=\"wpb_text_column\"><div class=\"wpb_wrapper\"><p>Foundry pattern production company PIB extra Ltd. is a company in the north of Croatia, whose main activity is production of foundry patterns (Germ. Giessereimodellbau). It was founded in 1993 . The owners of PIB extra Ltd. are <strong>Biserka<\/strong> and <strong>Ivan Petek<\/strong>. The headquarters and production facility of the company are located in the village \u0160tefanec, in the economic zone, 4 kilometers away from \u010cakovec, in the Me\u0111imurje County. The production program includes all types of patterns and plungers for hand and machine molding (wood, metal, plastic, EPS) for all foundry processes, which are today used in mechanical engineering, shipbuilding and energetics. To be able to fully meet the needs of the market all products are manufactured according to DIN EN 12890 quality standards. Out target market is energy industry (housing for gas and steam turbines, parts of wind turbines), rolling mills, shipbuilding, fluid distribution (valves, pumps) and general mechanical engineering.<\/p>\n<\/div><\/div><\/div><\/div><div class=\"wpb_column vc_column_container stretched\"><div class=\"vc_column-inner\"><div class=\"w-image align_none\"><a ref=\"magnificPopup\" href=\"https:\/\/pib-extra.com\/wp-content\/uploads\/2024\/02\/pib-extra-gal-24-11.jpg\" aria-label=\"pib-extra-gal-24-11\" class=\"w-image-h\"><img decoding=\"async\" width=\"1024\" height=\"683\" src=\"https:\/\/pib-extra.com\/wp-content\/uploads\/2024\/02\/pib-extra-gal-24-11-1024x683.jpg\" class=\"attachment-large size-large\" alt=\"\" loading=\"lazy\" srcset=\"https:\/\/pib-extra.com\/wp-content\/uploads\/2024\/02\/pib-extra-gal-24-11-1024x683.jpg 1024w, https:\/\/pib-extra.com\/wp-content\/uploads\/2024\/02\/pib-extra-gal-24-11-300x200.jpg 300w, https:\/\/pib-extra.com\/wp-content\/uploads\/2024\/02\/pib-extra-gal-24-11.jpg 1536w\" sizes=\"auto, (max-width: 1024px) 100vw, 1024px\" \/><\/a><\/div><\/div><\/div><\/div><\/div><\/section><section class=\"l-section wpb_row jc-vise-o-nama height_small color_alternate\"><div class=\"l-section-h i-cf\"><div class=\"g-cols vc_row via_grid cols_1 laptops-cols_inherit tablets-cols_inherit mobiles-cols_1 valign_top type_default stacking_default\"><div class=\"wpb_column vc_column_container\"><div class=\"vc_column-inner\"><h2 class=\"w-text us_custom_40824568 jc-font-size-h1\"><span class=\"w-text-h\"><span class=\"w-text-value\">Vi\u0161e o nama<\/span><\/span><\/h2><\/div><\/div><\/div><\/div><\/section><section class=\"l-section wpb_row us_custom_19737bc8 jc-vise-o-nama height_small\"><div class=\"l-section-h i-cf\"><div class=\"g-cols vc_row via_grid cols_1 laptops-cols_inherit tablets-cols_inherit mobiles-cols_1 valign_top type_default stacking_default\"><div class=\"wpb_column vc_column_container\"><div class=\"vc_column-inner\"><div class=\"wpb_text_column us_custom_a0b8fac0\"><div class=\"wpb_wrapper\"><h2>KONKURENTSKA PREDNOST<\/h2>\n<p>Najve\u0107a prednost naspram konkurencije su <strong>ekstremno kratki rokovi isporuke kvalitetnih proizvoda s konkurentnim cijenama.<\/strong> To omogu\u0107uje fleksibilna i mlada ekipa koja radi u tri smjene, kako bismo tr\u017ei\u0161tu pru\u017eili ono \u0161to drugi ne mogu &#8211; ekstremno kratke rokove isporuke, kvalitetan proizvod i konkurentne cijene. Modelarija PIB extra d.o.o. je <strong>100%-tni izvoznik<\/strong>, s glavninom kupaca u zemljama EU-a, uglavnom u Njema\u010dkoj, Austriji, Italiji. Uspje\u0161nom marketin\u0161kom kampanjom probili smo se na skandinavsko tr\u017ei\u0161te te tr\u017ei\u0161ta van Europe, kao \u0161to su <strong>SAD, Kanada i Ujedinjeni Arapski Emirati. <\/strong>Na\u0161a tvrtka s ponosom posjeduje dva va\u017ena ISO certifikata &#8211; <strong>ISO 9001:2015<\/strong>, koji potvr\u0111uje na\u0161u posve\u0107enost kvaliteti u pru\u017eanju proizvoda\/usluga, te <strong>ISO 14001:2015<\/strong>, koji svjedo\u010di o na\u0161oj predanosti odr\u017eivosti i brizi za okoli\u0161.<\/p>\n<\/div><\/div><div class=\"w-separator size_small\"><\/div><\/div><\/div><\/div><\/div><\/section><section class=\"l-section wpb_row us_custom_887a049b jc-vise-o-nama height_small\"><div class=\"l-section-h i-cf\"><div class=\"g-cols vc_row via_grid cols_1 laptops-cols_inherit tablets-cols_inherit mobiles-cols_1 valign_top type_default stacking_default\" style=\"--columns-gap:1.5rem;\"><div class=\"wpb_column vc_column_container\"><div class=\"vc_column-inner\"><div class=\"w-image align_center\"><div class=\"w-image-h\"><img decoding=\"async\" width=\"379\" height=\"150\" src=\"https:\/\/pib-extra.com\/wp-content\/uploads\/2024\/02\/dedal-iso-logo.png\" class=\"attachment-large size-large\" alt=\"Dedal\" loading=\"lazy\" srcset=\"https:\/\/pib-extra.com\/wp-content\/uploads\/2024\/02\/dedal-iso-logo.png 379w, https:\/\/pib-extra.com\/wp-content\/uploads\/2024\/02\/dedal-iso-logo-300x119.png 300w\" sizes=\"auto, (max-width: 379px) 100vw, 379px\" \/><\/div><\/div><\/div><\/div><\/div><\/div><\/section><section class=\"l-section wpb_row height_small color_alternate\"><div class=\"l-section-h i-cf\"><div class=\"g-cols vc_row via_grid cols_1 laptops-cols_inherit tablets-cols_inherit mobiles-cols_1 valign_top type_default stacking_default\"><div class=\"wpb_column vc_column_container\"><div class=\"vc_column-inner\"><h2 class=\"w-text us_custom_40824568 jc-font-size-h1\"><span class=\"w-text-h\"><span class=\"w-text-value\">History<\/span><\/span><\/h2><\/div><\/div><\/div><\/div><\/section><section class=\"l-section wpb_row us_custom_19737bc8 height_small\"><div class=\"l-section-h i-cf\"><div class=\"g-cols vc_row via_grid cols_1 laptops-cols_inherit tablets-cols_inherit mobiles-cols_1 valign_top type_default stacking_default\"><div class=\"wpb_column vc_column_container\"><div class=\"vc_column-inner\"><div class=\"wpb_text_column us_custom_a0b8fac0\"><div class=\"wpb_wrapper\"><p>PIB extra Ltd. was founded in 1993, the owners of the company are <strong>Biserka<\/strong> and <strong>Ivan Petek<\/strong>. The first production facility was located in the basement of the family house, in an area of \u200b\u200b100 m<sup>2<\/sup>. Then, in 2000, the first production hall of 800 m<sup>2<\/sup> was built, on the address Bra\u0107e Radi\u0107a 67, \u0160tefanec. Over time, the first production hall became too small for the sudden growth of the company and in 2008 began the construction of the second, much larger one. The new production facility, the size of 3,200 m<sup>2<\/sup>, with a capacity of eight tons crane was specialized in making large-scale patterns. After that, the total production area of \u200b\u200bboth halls amounted to 4,200 m<sup>2<\/sup>.<\/p>\n<p>With a successful marketing campaign and expansion to new markets, in 2014 PIB extra Ltd. began the greatest investment, related to the expansion of production facilities and the purchase of equipment, which was completed in the summer of 2015 . A new production hall and office space area of \u200b\u200b11,000 m<sup>2<\/sup> were built, and now <strong>the total covered area is 15,200 m<sup>2<\/sup><\/strong>. The entire area is the property of PIB extra Ltd, and amounts to <strong>80,000 m<sup>2<\/sup><\/strong>.<\/p>\n<p>The company is focused on export business. Its <strong>efforts, quality and consistency<\/strong> have been recognised and appreciated on the European market. Today, the company PIB extra is a respectable European company.<\/p>\n<\/div><\/div><div class=\"w-separator size_small\"><\/div><\/div><\/div><\/div><\/div><\/section><section class=\"l-section wpb_row us_custom_887a049b jc-wrapper-images height_small width_custom\" style=\"--site-content-width:1670px;\"><div class=\"l-section-h i-cf\"><div class=\"g-cols vc_row via_grid cols_1 laptops-cols_inherit tablets-cols_inherit mobiles-cols_1 valign_top type_default\" style=\"--columns-gap:0.5rem;\"><div class=\"wpb_column vc_column_container\"><div class=\"vc_column-inner\"><div class=\"w-hwrapper valign_middle wrap stack_on_mobiles align_center\" style=\"--hwrapper-gap:0.4rem\"><div class=\"w-image us_custom_0a2fa9cb has_height align_none\"><div class=\"w-image-h\"><img decoding=\"async\" width=\"624\" height=\"375\" src=\"https:\/\/pib-extra.com\/wp-content\/uploads\/2024\/01\/2023-2024.jpg\" class=\"attachment-large size-large\" alt=\"\" loading=\"lazy\" srcset=\"https:\/\/pib-extra.com\/wp-content\/uploads\/2024\/01\/2023-2024.jpg 624w, https:\/\/pib-extra.com\/wp-content\/uploads\/2024\/01\/2023-2024-300x180.jpg 300w\" sizes=\"auto, (max-width: 624px) 100vw, 624px\" \/><\/div><\/div><div class=\"w-image us_custom_0a2fa9cb has_height align_none\"><div class=\"w-image-h\"><img decoding=\"async\" width=\"539\" height=\"375\" src=\"https:\/\/pib-extra.com\/wp-content\/uploads\/2024\/01\/2014-2015.jpg\" class=\"attachment-large size-large\" alt=\"\" loading=\"lazy\" srcset=\"https:\/\/pib-extra.com\/wp-content\/uploads\/2024\/01\/2014-2015.jpg 539w, https:\/\/pib-extra.com\/wp-content\/uploads\/2024\/01\/2014-2015-300x209.jpg 300w\" sizes=\"auto, (max-width: 539px) 100vw, 539px\" \/><\/div><\/div><div class=\"w-image us_custom_0a2fa9cb has_height align_none\"><div class=\"w-image-h\"><img decoding=\"async\" width=\"809\" height=\"375\" src=\"https:\/\/pib-extra.com\/wp-content\/uploads\/2024\/01\/2008.jpg\" class=\"attachment-large size-large\" alt=\"\" loading=\"lazy\" srcset=\"https:\/\/pib-extra.com\/wp-content\/uploads\/2024\/01\/2008.jpg 809w, https:\/\/pib-extra.com\/wp-content\/uploads\/2024\/01\/2008-300x139.jpg 300w\" sizes=\"auto, (max-width: 809px) 100vw, 809px\" \/><\/div><\/div><div class=\"w-image us_custom_0a2fa9cb has_height align_none\"><div class=\"w-image-h\"><img decoding=\"async\" width=\"808\" height=\"375\" src=\"https:\/\/pib-extra.com\/wp-content\/uploads\/2024\/01\/2000.jpg\" class=\"attachment-large size-large\" alt=\"\" loading=\"lazy\" srcset=\"https:\/\/pib-extra.com\/wp-content\/uploads\/2024\/01\/2000.jpg 808w, https:\/\/pib-extra.com\/wp-content\/uploads\/2024\/01\/2000-300x139.jpg 300w\" sizes=\"auto, (max-width: 808px) 100vw, 808px\" \/><\/div><\/div><div class=\"w-image us_custom_0a2fa9cb has_height align_none\"><div class=\"w-image-h\"><img decoding=\"async\" width=\"540\" height=\"375\" src=\"https:\/\/pib-extra.com\/wp-content\/uploads\/2024\/01\/1993.jpg\" class=\"attachment-large size-large\" alt=\"\" loading=\"lazy\" srcset=\"https:\/\/pib-extra.com\/wp-content\/uploads\/2024\/01\/1993.jpg 540w, https:\/\/pib-extra.com\/wp-content\/uploads\/2024\/01\/1993-300x208.jpg 300w\" sizes=\"auto, (max-width: 540px) 100vw, 540px\" \/><\/div><\/div><\/div><\/div><\/div><\/div><\/div><\/section><section class=\"l-section wpb_row height_small color_alternate\"><div class=\"l-section-h i-cf\"><div class=\"g-cols vc_row via_grid cols_1 laptops-cols_inherit tablets-cols_inherit mobiles-cols_1 valign_top type_default stacking_default\"><div class=\"wpb_column vc_column_container\"><div class=\"vc_column-inner\"><h2 class=\"w-text us_custom_40824568 jc-font-size-h1\"><span class=\"w-text-h\"><span class=\"w-text-value\">Team of people<\/span><\/span><\/h2><\/div><\/div><\/div><\/div><\/section><section class=\"l-section wpb_row us_custom_19737bc8 height_small\"><div class=\"l-section-h i-cf\"><div class=\"g-cols vc_row via_grid cols_1 laptops-cols_inherit tablets-cols_inherit mobiles-cols_1 valign_top type_default stacking_default\"><div class=\"wpb_column vc_column_container\"><div class=\"vc_column-inner\"><div class=\"wpb_text_column us_custom_a0b8fac0\"><div class=\"wpb_wrapper\"><p><strong>In PIB extra Ltd we really believe that people are our most valuable resource. Currently PIB extra Ltd. employs 220 workers.<\/strong><\/p>\n<p> Technical department consists of <strong>25 technologists<\/strong> who have the necessary knowledge for all types of preparation of production processes. Technical service works in two shifts, and our technologists are available <strong>16 hours a day<\/strong> for technical questions and product development. The company started with the traditional ways of pattern making using computer CAD \/ CAM processes from 2D drawings (AUTOCAD) to 3D modelling (SOLIDWORKS), and processing of parts on modern 5-axis CNC machines, using advanced CAM tools (DEPO CAM, Siemens NX).<\/p>\n<p>The chart shows the increase in the number of employees in PIB extra Ltd.<\/p>\n<\/div><\/div><\/div><\/div><\/div><\/div><\/section><section class=\"l-section wpb_row height_small\"><div class=\"l-section-h i-cf\"><div class=\"g-cols vc_row via_grid cols_2 laptops-cols_inherit tablets-cols_inherit mobiles-cols_1 valign_top type_default stacking_default\"><div class=\"wpb_column vc_column_container\"><div class=\"vc_column-inner\"><h3 class=\"w-text us_custom_e7fa261e\"><span class=\"w-text-h\"><span class=\"w-text-value\">Production area<\/span><\/span><\/h3><div class=\"w-image us_custom_d00c28c3 has_height align_center\"><div class=\"w-image-h\"><img decoding=\"async\" width=\"450\" height=\"444\" src=\"https:\/\/pib-extra.com\/wp-content\/uploads\/2024\/01\/graph-m2-2023.jpg\" class=\"attachment-large size-large\" alt=\"\" loading=\"lazy\" srcset=\"https:\/\/pib-extra.com\/wp-content\/uploads\/2024\/01\/graph-m2-2023.jpg 450w, https:\/\/pib-extra.com\/wp-content\/uploads\/2024\/01\/graph-m2-2023-300x296.jpg 300w\" sizes=\"auto, (max-width: 450px) 100vw, 450px\" \/><\/div><\/div><\/div><\/div><div class=\"wpb_column vc_column_container\"><div class=\"vc_column-inner\"><h3 class=\"w-text us_custom_e7fa261e\"><span class=\"w-text-h\"><span class=\"w-text-value\">Employees<\/span><\/span><\/h3><div class=\"w-image us_custom_d00c28c3 has_height align_center\"><div class=\"w-image-h\"><img decoding=\"async\" width=\"438\" height=\"444\" src=\"https:\/\/pib-extra.com\/wp-content\/uploads\/2024\/01\/graph-employees-2023.jpg\" class=\"attachment-large size-large\" alt=\"\" loading=\"lazy\" srcset=\"https:\/\/pib-extra.com\/wp-content\/uploads\/2024\/01\/graph-employees-2023.jpg 438w, https:\/\/pib-extra.com\/wp-content\/uploads\/2024\/01\/graph-employees-2023-296x300.jpg 296w\" sizes=\"auto, (max-width: 438px) 100vw, 438px\" \/><\/div><\/div><\/div><\/div><\/div><\/div><\/section>\n","protected":false},"excerpt":{"rendered":"","protected":false},"author":4,"featured_media":0,"parent":0,"menu_order":74,"comment_status":"closed","ping_status":"closed","template":"","meta":{"_acf_changed":false,"footnotes":""},"class_list":["post-19280","page","type-page","status-publish","hentry"],"acf":[],"yoast_head":"<!-- This site is optimized with the Yoast SEO plugin v27.4 - https:\/\/yoast.com\/product\/yoast-seo-wordpress\/ -->\n<title>About us - PIB extra<\/title>\n<meta name=\"robots\" content=\"index, follow, max-snippet:-1, max-image-preview:large, max-video-preview:-1\" \/>\n<link rel=\"canonical\" href=\"https:\/\/pib-extra.com\/en\/about-us\/\" \/>\n<meta property=\"og:locale\" content=\"en_US\" \/>\n<meta property=\"og:type\" content=\"article\" \/>\n<meta property=\"og:title\" content=\"About us - PIB extra\" \/>\n<meta property=\"og:url\" content=\"https:\/\/pib-extra.com\/en\/about-us\/\" \/>\n<meta property=\"og:site_name\" content=\"PIB extra\" \/>\n<meta property=\"article:publisher\" content=\"https:\/\/www.facebook.com\/pibextra\" \/>\n<meta property=\"article:modified_time\" content=\"2024-08-09T18:09:29+00:00\" \/>\n<meta property=\"og:image\" content=\"https:\/\/pib-extra.com\/wp-content\/uploads\/2024\/01\/pib-extra-cover.jpg\" \/>\n\t<meta property=\"og:image:width\" content=\"1200\" \/>\n\t<meta property=\"og:image:height\" content=\"675\" \/>\n\t<meta property=\"og:image:type\" content=\"image\/jpeg\" \/>\n<meta name=\"twitter:card\" content=\"summary_large_image\" \/>\n<script type=\"application\/ld+json\" class=\"yoast-schema-graph\">{\"@context\":\"https:\\\/\\\/schema.org\",\"@graph\":[{\"@type\":\"WebPage\",\"@id\":\"https:\\\/\\\/pib-extra.com\\\/en\\\/about-us\\\/\",\"url\":\"https:\\\/\\\/pib-extra.com\\\/en\\\/about-us\\\/\",\"name\":\"About us - PIB extra\",\"isPartOf\":{\"@id\":\"https:\\\/\\\/pib-extra.com\\\/en\\\/#website\"},\"datePublished\":\"2015-10-07T07:05:34+00:00\",\"dateModified\":\"2024-08-09T18:09:29+00:00\",\"breadcrumb\":{\"@id\":\"https:\\\/\\\/pib-extra.com\\\/en\\\/about-us\\\/#breadcrumb\"},\"inLanguage\":\"en-US\",\"potentialAction\":[{\"@type\":\"ReadAction\",\"target\":[\"https:\\\/\\\/pib-extra.com\\\/en\\\/about-us\\\/\"]}]},{\"@type\":\"BreadcrumbList\",\"@id\":\"https:\\\/\\\/pib-extra.com\\\/en\\\/about-us\\\/#breadcrumb\",\"itemListElement\":[{\"@type\":\"ListItem\",\"position\":1,\"name\":\"Po\u010detna stranica\",\"item\":\"https:\\\/\\\/pib-extra.com\\\/en\\\/home\\\/\"},{\"@type\":\"ListItem\",\"position\":2,\"name\":\"About us\"}]},{\"@type\":\"WebSite\",\"@id\":\"https:\\\/\\\/pib-extra.com\\\/en\\\/#website\",\"url\":\"https:\\\/\\\/pib-extra.com\\\/en\\\/\",\"name\":\"PIB extra\",\"description\":\"Izrada drvenih modela za ljevaonice\",\"publisher\":{\"@id\":\"https:\\\/\\\/pib-extra.com\\\/en\\\/#organization\"},\"potentialAction\":[{\"@type\":\"SearchAction\",\"target\":{\"@type\":\"EntryPoint\",\"urlTemplate\":\"https:\\\/\\\/pib-extra.com\\\/en\\\/?s={search_term_string}\"},\"query-input\":{\"@type\":\"PropertyValueSpecification\",\"valueRequired\":true,\"valueName\":\"search_term_string\"}}],\"inLanguage\":\"en-US\"},{\"@type\":\"Organization\",\"@id\":\"https:\\\/\\\/pib-extra.com\\\/en\\\/#organization\",\"name\":\"PIB extra\",\"url\":\"https:\\\/\\\/pib-extra.com\\\/en\\\/\",\"logo\":{\"@type\":\"ImageObject\",\"inLanguage\":\"en-US\",\"@id\":\"https:\\\/\\\/pib-extra.com\\\/en\\\/#\\\/schema\\\/logo\\\/image\\\/\",\"url\":\"https:\\\/\\\/pib-extra.com\\\/wp-content\\\/uploads\\\/2024\\\/01\\\/favicon.png\",\"contentUrl\":\"https:\\\/\\\/pib-extra.com\\\/wp-content\\\/uploads\\\/2024\\\/01\\\/favicon.png\",\"width\":512,\"height\":512,\"caption\":\"PIB extra\"},\"image\":{\"@id\":\"https:\\\/\\\/pib-extra.com\\\/en\\\/#\\\/schema\\\/logo\\\/image\\\/\"},\"sameAs\":[\"https:\\\/\\\/www.facebook.com\\\/pibextra\",\"https:\\\/\\\/www.linkedin.com\\\/company\\\/pib-extra-d-o-o-\\\/\"]}]}<\/script>\n<!-- \/ Yoast SEO plugin. -->","yoast_head_json":{"title":"About us - PIB extra","robots":{"index":"index","follow":"follow","max-snippet":"max-snippet:-1","max-image-preview":"max-image-preview:large","max-video-preview":"max-video-preview:-1"},"canonical":"https:\/\/pib-extra.com\/en\/about-us\/","og_locale":"en_US","og_type":"article","og_title":"About us - PIB extra","og_url":"https:\/\/pib-extra.com\/en\/about-us\/","og_site_name":"PIB extra","article_publisher":"https:\/\/www.facebook.com\/pibextra","article_modified_time":"2024-08-09T18:09:29+00:00","og_image":[{"width":1200,"height":675,"url":"https:\/\/pib-extra.com\/wp-content\/uploads\/2024\/01\/pib-extra-cover.jpg","type":"image\/jpeg"}],"twitter_card":"summary_large_image","schema":{"@context":"https:\/\/schema.org","@graph":[{"@type":"WebPage","@id":"https:\/\/pib-extra.com\/en\/about-us\/","url":"https:\/\/pib-extra.com\/en\/about-us\/","name":"About us - PIB extra","isPartOf":{"@id":"https:\/\/pib-extra.com\/en\/#website"},"datePublished":"2015-10-07T07:05:34+00:00","dateModified":"2024-08-09T18:09:29+00:00","breadcrumb":{"@id":"https:\/\/pib-extra.com\/en\/about-us\/#breadcrumb"},"inLanguage":"en-US","potentialAction":[{"@type":"ReadAction","target":["https:\/\/pib-extra.com\/en\/about-us\/"]}]},{"@type":"BreadcrumbList","@id":"https:\/\/pib-extra.com\/en\/about-us\/#breadcrumb","itemListElement":[{"@type":"ListItem","position":1,"name":"Po\u010detna stranica","item":"https:\/\/pib-extra.com\/en\/home\/"},{"@type":"ListItem","position":2,"name":"About us"}]},{"@type":"WebSite","@id":"https:\/\/pib-extra.com\/en\/#website","url":"https:\/\/pib-extra.com\/en\/","name":"PIB extra","description":"Izrada drvenih modela za ljevaonice","publisher":{"@id":"https:\/\/pib-extra.com\/en\/#organization"},"potentialAction":[{"@type":"SearchAction","target":{"@type":"EntryPoint","urlTemplate":"https:\/\/pib-extra.com\/en\/?s={search_term_string}"},"query-input":{"@type":"PropertyValueSpecification","valueRequired":true,"valueName":"search_term_string"}}],"inLanguage":"en-US"},{"@type":"Organization","@id":"https:\/\/pib-extra.com\/en\/#organization","name":"PIB extra","url":"https:\/\/pib-extra.com\/en\/","logo":{"@type":"ImageObject","inLanguage":"en-US","@id":"https:\/\/pib-extra.com\/en\/#\/schema\/logo\/image\/","url":"https:\/\/pib-extra.com\/wp-content\/uploads\/2024\/01\/favicon.png","contentUrl":"https:\/\/pib-extra.com\/wp-content\/uploads\/2024\/01\/favicon.png","width":512,"height":512,"caption":"PIB extra"},"image":{"@id":"https:\/\/pib-extra.com\/en\/#\/schema\/logo\/image\/"},"sameAs":["https:\/\/www.facebook.com\/pibextra","https:\/\/www.linkedin.com\/company\/pib-extra-d-o-o-\/"]}]}},"_links":{"self":[{"href":"https:\/\/pib-extra.com\/en\/wp-json\/wp\/v2\/pages\/19280","targetHints":{"allow":["GET"]}}],"collection":[{"href":"https:\/\/pib-extra.com\/en\/wp-json\/wp\/v2\/pages"}],"about":[{"href":"https:\/\/pib-extra.com\/en\/wp-json\/wp\/v2\/types\/page"}],"author":[{"embeddable":true,"href":"https:\/\/pib-extra.com\/en\/wp-json\/wp\/v2\/users\/4"}],"replies":[{"embeddable":true,"href":"https:\/\/pib-extra.com\/en\/wp-json\/wp\/v2\/comments?post=19280"}],"version-history":[{"count":8,"href":"https:\/\/pib-extra.com\/en\/wp-json\/wp\/v2\/pages\/19280\/revisions"}],"predecessor-version":[{"id":21899,"href":"https:\/\/pib-extra.com\/en\/wp-json\/wp\/v2\/pages\/19280\/revisions\/21899"}],"wp:attachment":[{"href":"https:\/\/pib-extra.com\/en\/wp-json\/wp\/v2\/media?parent=19280"}],"curies":[{"name":"wp","href":"https:\/\/api.w.org\/{rel}","templated":true}]}}