{"id":19367,"date":"2015-10-07T09:05:34","date_gmt":"2015-10-07T07:05:34","guid":{"rendered":"https:\/\/pib-extra.com\/ueber-uns\/"},"modified":"2024-02-14T14:27:14","modified_gmt":"2024-02-14T13:27:14","slug":"ueber-uns","status":"publish","type":"page","link":"https:\/\/pib-extra.com\/de\/ueber-uns\/","title":{"rendered":"\u00dcber uns"},"content":{"rendered":"<section class=\"l-section wpb_row height_small width_custom\" style=\"--site-content-width:1340px;\"><div class=\"l-section-h i-cf\"><div class=\"g-cols vc_row via_grid cols_2 laptops-cols_inherit tablets-cols_inherit mobiles-cols_1 valign_middle type_default stacking_default\"><div class=\"wpb_column vc_column_container\"><div class=\"vc_column-inner\"><div class=\"wpb_text_column\"><div class=\"wpb_wrapper\"><p>Die ist ein Unternehmen im Norden von Kroatien, die Modelle f\u00fcr Gie\u00dfereien herstellt (zu Deutsch. Gie\u00dfereimodellbau, zu Englisch (Foundry pattern production company). Das Unternehmen wurde in 1993 gegr\u00fcndet. Die Firmeninhaber des Modellbau PIB extra G.m.b.h. sind <strong>Biserka<\/strong> und <strong>Ivan Petek<\/strong>. Der Firmensitz und Produktionsbetrieb sind im Ort \u0160tefanec in der Wirtschaftszone, 4 Kilometer von \u010cakovec entfernt, in der Gespanschaft Me\u0111imurje. Das Produktionsprogramm beinhaltet verschiedene Modelle und Kerngussformen f\u00fcr manuelles und maschinelles Formen (aus Holz, aus Metall, aus Plastik, EPS), die in Gie\u00dfprozessen beim Maschinenbau, Schiffsbau und im Bereich der Energetik gebraucht werden. Um sich den Marktbed\u00fcrfnissen anzupassen, werden alle Produkte nach Qualit\u00e4tsstandards DIN EN 12890 gefertigt. Unsere Zielm\u00e4rkte sind die Energiewirtschaft (Geh\u00e4use von Gas- und Dampfturbinen, Teile f\u00fcr Windtriebwerke), Walzwerke, Schiffbau, Vertrieb von Fl\u00fcssigkeiten (Ventile, Pumpen) und Maschinenbau allgemein.<\/p>\n<\/div><\/div><\/div><\/div><div class=\"wpb_column vc_column_container stretched\"><div class=\"vc_column-inner\"><div class=\"w-image align_none\"><a ref=\"magnificPopup\" href=\"https:\/\/pib-extra.com\/wp-content\/uploads\/2024\/02\/pib-extra-gal-24-11.jpg\" aria-label=\"pib-extra-gal-24-11\" class=\"w-image-h\"><img decoding=\"async\" width=\"1024\" height=\"683\" src=\"https:\/\/pib-extra.com\/wp-content\/uploads\/2024\/02\/pib-extra-gal-24-11-1024x683.jpg\" class=\"attachment-large size-large\" alt=\"\" loading=\"lazy\" srcset=\"https:\/\/pib-extra.com\/wp-content\/uploads\/2024\/02\/pib-extra-gal-24-11-1024x683.jpg 1024w, https:\/\/pib-extra.com\/wp-content\/uploads\/2024\/02\/pib-extra-gal-24-11-300x200.jpg 300w, https:\/\/pib-extra.com\/wp-content\/uploads\/2024\/02\/pib-extra-gal-24-11.jpg 1536w\" sizes=\"auto, (max-width: 1024px) 100vw, 1024px\" \/><\/a><\/div><\/div><\/div><\/div><\/div><\/section><section class=\"l-section wpb_row jc-vise-o-nama height_small color_alternate\"><div class=\"l-section-h i-cf\"><div class=\"g-cols vc_row via_grid cols_1 laptops-cols_inherit tablets-cols_inherit mobiles-cols_1 valign_top type_default stacking_default\"><div class=\"wpb_column vc_column_container\"><div class=\"vc_column-inner\"><h2 class=\"w-text us_custom_40824568 jc-font-size-h1\"><span class=\"w-text-h\"><span class=\"w-text-value\">Vi\u0161e o nama<\/span><\/span><\/h2><\/div><\/div><\/div><\/div><\/section><section class=\"l-section wpb_row us_custom_19737bc8 jc-vise-o-nama height_small\"><div class=\"l-section-h i-cf\"><div class=\"g-cols vc_row via_grid cols_1 laptops-cols_inherit tablets-cols_inherit mobiles-cols_1 valign_top type_default stacking_default\"><div class=\"wpb_column vc_column_container\"><div class=\"vc_column-inner\"><div class=\"wpb_text_column us_custom_a0b8fac0\"><div class=\"wpb_wrapper\"><h2>KONKURENTSKA PREDNOST<\/h2>\n<p>Najve\u0107a prednost naspram konkurencije su <strong>ekstremno kratki rokovi isporuke kvalitetnih proizvoda s konkurentnim cijenama.<\/strong> To omogu\u0107uje fleksibilna i mlada ekipa koja radi u tri smjene, kako bismo tr\u017ei\u0161tu pru\u017eili ono \u0161to drugi ne mogu &#8211; ekstremno kratke rokove isporuke, kvalitetan proizvod i konkurentne cijene. Modelarija PIB extra d.o.o. je <strong>100%-tni izvoznik<\/strong>, s glavninom kupaca u zemljama EU-a, uglavnom u Njema\u010dkoj, Austriji, Italiji. Uspje\u0161nom marketin\u0161kom kampanjom probili smo se na skandinavsko tr\u017ei\u0161te te tr\u017ei\u0161ta van Europe, kao \u0161to su <strong>SAD, Kanada i Ujedinjeni Arapski Emirati. <\/strong>Tvrtka posjeduje certifikat upravljanja kvalitetom ISO 9001:2015 \u0161to mo\u017eete provjeriti putem QR koda.<\/p>\n<\/div><\/div><div class=\"w-separator size_small\"><\/div><\/div><\/div><\/div><\/div><\/section><section class=\"l-section wpb_row us_custom_887a049b jc-vise-o-nama height_small\"><div class=\"l-section-h i-cf\"><div class=\"g-cols vc_row via_grid cols_2 laptops-cols_inherit tablets-cols_inherit mobiles-cols_2 valign_top type_default stacking_default\" style=\"--columns-gap:1.5rem;\"><div class=\"wpb_column vc_column_container\"><div class=\"vc_column-inner\"><div class=\"w-image us_custom_1cf23be4 has_height align_center\"><div class=\"w-image-h\"><img decoding=\"async\" width=\"250\" height=\"262\" src=\"https:\/\/pib-extra.com\/wp-content\/uploads\/2022\/10\/hrv.jpg\" class=\"attachment-large size-large\" alt=\"\" loading=\"lazy\" \/><\/div><\/div><\/div><\/div><div class=\"wpb_column vc_column_container\"><div class=\"vc_column-inner\"><div class=\"w-image us_custom_1cf23be4 has_height align_center\"><div class=\"w-image-h\"><img decoding=\"async\" width=\"591\" height=\"622\" src=\"https:\/\/pib-extra.com\/wp-content\/uploads\/2022\/10\/QualitySysCert_ISO9001.jpg\" class=\"attachment-large size-large\" alt=\"\" loading=\"lazy\" srcset=\"https:\/\/pib-extra.com\/wp-content\/uploads\/2022\/10\/QualitySysCert_ISO9001.jpg 591w, https:\/\/pib-extra.com\/wp-content\/uploads\/2022\/10\/QualitySysCert_ISO9001-285x300.jpg 285w\" sizes=\"auto, (max-width: 591px) 100vw, 591px\" \/><\/div><\/div><\/div><\/div><\/div><\/div><\/section><section class=\"l-section wpb_row height_small color_alternate\"><div class=\"l-section-h i-cf\"><div class=\"g-cols vc_row via_grid cols_1 laptops-cols_inherit tablets-cols_inherit mobiles-cols_1 valign_top type_default stacking_default\"><div class=\"wpb_column vc_column_container\"><div class=\"vc_column-inner\"><h2 class=\"w-text us_custom_40824568 jc-font-size-h1\"><span class=\"w-text-h\"><span class=\"w-text-value\">Geschichte<\/span><\/span><\/h2><\/div><\/div><\/div><\/div><\/section><section class=\"l-section wpb_row us_custom_19737bc8 height_small\"><div class=\"l-section-h i-cf\"><div class=\"g-cols vc_row via_grid cols_1 laptops-cols_inherit tablets-cols_inherit mobiles-cols_1 valign_top type_default stacking_default\"><div class=\"wpb_column vc_column_container\"><div class=\"vc_column-inner\"><div class=\"wpb_text_column us_custom_a0b8fac0\"><div class=\"wpb_wrapper\"><p>Dier Modellbau PIB extra G.m.b.h. wurde im Jahr 1993 gegr\u00fcndet, die Firmeninhaber sind <strong>Biserka<\/strong> und <strong>Ivan Petek<\/strong>. Der erste Produktionsbetrieb war im Keller des Familienhauses, auf 100 m<sup>2<\/sup>. Im Jahr 2000 wurde auf dem Standort Bra\u0107e Radi\u0107a 67, \u0160tefanec die erste Produktionshalle mit 800 m<sup>2<\/sup> erbaut. Wegen dem raschen Unternehmenswachstum wurde mit der Zeit die erste Produktionshalle zu klein, deshalb wurde im Jahr 2008 mit der Erbauung einer zweiten, viel gr\u00f6\u00dferen Produktionshalle begonnen. Die neue Produktionshalle mit einer Fl\u00e4che von 3.200 m<sup>2<\/sup> und einem Kran mit acht Tonnen Tragkraft war f\u00fcr Entwicklung von gro\u00dfen Modellen spezialisiert. Danach betrag die Gesamtfl\u00e4che der beiden Produktionshallen 4.200 m<sup>2<\/sup>.<\/p>\n<p>Mit einer erfolgreichen Marketingkampagne und Expandieren auf neue M\u00e4rkte, begann im Jahr 2014 der Modellbau PIB extra G.m.b.h. mit der bisher gr\u00f6\u00dften Investition im Ausbau von Produktionshallen und Betriebsmittelanschaffung, die im Sommer 2015 beendet wurde. Mit dieser Investition wurden neue Hallen und B\u00fcror\u00e4ume auf einer Fl\u00e4che von 11.000 m<sup>2<\/sup> erbaut, somit <strong>betr\u00e4gt die bedachtere Fl\u00e4che 15.200 m<sup>2<\/sup><\/strong>. PIB extra G.m.b.h. ist in Besitz einer Gesamtfl\u00e4che von <strong>80.000 m<sup>2<\/sup><\/strong>.<\/p>\n<p>Das Unternehmen hat sich auf Export orientiert. Der europ\u00e4ische Markt hat erkannt und sch\u00e4tzt immer noch <strong>die Bem\u00fchungen, die Qualit\u00e4t und die Konsistenz dieses Unternehmens<\/strong>. Heute ist das Unternehmen PIB extra ein ansehnliches europ\u00e4isches Unternehmen.<\/p>\n<\/div><\/div><div class=\"w-separator size_small\"><\/div><\/div><\/div><\/div><\/div><\/section><section class=\"l-section wpb_row us_custom_887a049b jc-wrapper-images height_small width_custom\" style=\"--site-content-width:1670px;\"><div class=\"l-section-h i-cf\"><div class=\"g-cols vc_row via_grid cols_1 laptops-cols_inherit tablets-cols_inherit mobiles-cols_1 valign_top type_default\" style=\"--columns-gap:0.5rem;\"><div class=\"wpb_column vc_column_container\"><div class=\"vc_column-inner\"><div class=\"w-hwrapper valign_middle wrap stack_on_mobiles align_center\" style=\"--hwrapper-gap:0.4rem\"><div class=\"w-image us_custom_0a2fa9cb has_height align_none\"><div class=\"w-image-h\"><img decoding=\"async\" width=\"624\" height=\"375\" src=\"https:\/\/pib-extra.com\/wp-content\/uploads\/2024\/01\/2023-2024.jpg\" class=\"attachment-large size-large\" alt=\"\" loading=\"lazy\" srcset=\"https:\/\/pib-extra.com\/wp-content\/uploads\/2024\/01\/2023-2024.jpg 624w, https:\/\/pib-extra.com\/wp-content\/uploads\/2024\/01\/2023-2024-300x180.jpg 300w\" sizes=\"auto, (max-width: 624px) 100vw, 624px\" \/><\/div><\/div><div class=\"w-image us_custom_0a2fa9cb has_height align_none\"><div class=\"w-image-h\"><img decoding=\"async\" width=\"539\" height=\"375\" src=\"https:\/\/pib-extra.com\/wp-content\/uploads\/2024\/01\/2014-2015.jpg\" class=\"attachment-large size-large\" alt=\"\" loading=\"lazy\" srcset=\"https:\/\/pib-extra.com\/wp-content\/uploads\/2024\/01\/2014-2015.jpg 539w, https:\/\/pib-extra.com\/wp-content\/uploads\/2024\/01\/2014-2015-300x209.jpg 300w\" sizes=\"auto, (max-width: 539px) 100vw, 539px\" \/><\/div><\/div><div class=\"w-image us_custom_0a2fa9cb has_height align_none\"><div class=\"w-image-h\"><img decoding=\"async\" width=\"809\" height=\"375\" src=\"https:\/\/pib-extra.com\/wp-content\/uploads\/2024\/01\/2008.jpg\" class=\"attachment-large size-large\" alt=\"\" loading=\"lazy\" srcset=\"https:\/\/pib-extra.com\/wp-content\/uploads\/2024\/01\/2008.jpg 809w, https:\/\/pib-extra.com\/wp-content\/uploads\/2024\/01\/2008-300x139.jpg 300w\" sizes=\"auto, (max-width: 809px) 100vw, 809px\" \/><\/div><\/div><div class=\"w-image us_custom_0a2fa9cb has_height align_none\"><div class=\"w-image-h\"><img decoding=\"async\" width=\"808\" height=\"375\" src=\"https:\/\/pib-extra.com\/wp-content\/uploads\/2024\/01\/2000.jpg\" class=\"attachment-large size-large\" alt=\"\" loading=\"lazy\" srcset=\"https:\/\/pib-extra.com\/wp-content\/uploads\/2024\/01\/2000.jpg 808w, https:\/\/pib-extra.com\/wp-content\/uploads\/2024\/01\/2000-300x139.jpg 300w\" sizes=\"auto, (max-width: 808px) 100vw, 808px\" \/><\/div><\/div><div class=\"w-image us_custom_0a2fa9cb has_height align_none\"><div class=\"w-image-h\"><img decoding=\"async\" width=\"540\" height=\"375\" src=\"https:\/\/pib-extra.com\/wp-content\/uploads\/2024\/01\/1993.jpg\" class=\"attachment-large size-large\" alt=\"\" loading=\"lazy\" srcset=\"https:\/\/pib-extra.com\/wp-content\/uploads\/2024\/01\/1993.jpg 540w, https:\/\/pib-extra.com\/wp-content\/uploads\/2024\/01\/1993-300x208.jpg 300w\" sizes=\"auto, (max-width: 540px) 100vw, 540px\" \/><\/div><\/div><\/div><\/div><\/div><\/div><\/div><\/section><section class=\"l-section wpb_row height_small color_alternate\"><div class=\"l-section-h i-cf\"><div class=\"g-cols vc_row via_grid cols_1 laptops-cols_inherit tablets-cols_inherit mobiles-cols_1 valign_top type_default stacking_default\"><div class=\"wpb_column vc_column_container\"><div class=\"vc_column-inner\"><h2 class=\"w-text us_custom_40824568 jc-font-size-h1\"><span class=\"w-text-h\"><span class=\"w-text-value\">Mitarbeiter Team<\/span><\/span><\/h2><\/div><\/div><\/div><\/div><\/section><section class=\"l-section wpb_row us_custom_19737bc8 height_small\"><div class=\"l-section-h i-cf\"><div class=\"g-cols vc_row via_grid cols_1 laptops-cols_inherit tablets-cols_inherit mobiles-cols_1 valign_top type_default stacking_default\"><div class=\"wpb_column vc_column_container\"><div class=\"vc_column-inner\"><div class=\"wpb_text_column us_custom_a0b8fac0\"><div class=\"wpb_wrapper\"><p><strong>Wir in PIB extra G.m.b.h. glauben wirklich daran, dass die Mitarbeiter unser wertvollster Ressource sind. Zurzeit hat PIB extra G.m.b.h. 220 Arbeitnehmer.<\/strong><\/p>\n<p> Der technische Dienst beinhaltet <strong>25 Technologen<\/strong>, die alle das ben\u00f6tigte Wissen f\u00fcr jede Arbeitsvorbereitung f\u00fcr den jeweiligen Produktionsprozess haben. Der technische Dienst arbeitet in zwei Schichten, womit die Technologen <strong>16 Stunden am Tag<\/strong> f\u00fcr eventuelle Fragen und Produktentwicklung zur Verf\u00fcgung stehen. Das Unternehmen meisterte den Weg von der traditionellen Modellherstellung bis zur Computertechnik mit CAD\/CAM Programmen, von 2D Entw\u00fcrfen (AUTOCAD) bis 3D Modellierung (SOLIDWORKS) und Produktbearbeitung mit CNC \u2013 Maschinen und fortschrittlichsten CAM Alaten (DEPO CAM, Siemens NX).<\/p>\n<p>Auf dem Diagramm ist das Wachstum der Arbeitnehmerzahl in dem Modellbau PIB extra G.m.b.h deutlich ersichtlich.<\/p>\n<\/div><\/div><\/div><\/div><\/div><\/div><\/section><section class=\"l-section wpb_row height_small\"><div class=\"l-section-h i-cf\"><div class=\"g-cols vc_row via_grid cols_2 laptops-cols_inherit tablets-cols_inherit mobiles-cols_1 valign_top type_default stacking_default\"><div class=\"wpb_column vc_column_container\"><div class=\"vc_column-inner\"><h3 class=\"w-text us_custom_e7fa261e\"><span class=\"w-text-h\"><span class=\"w-text-value\">Produktionsbereich<\/span><\/span><\/h3><div class=\"w-image us_custom_d00c28c3 has_height align_center\"><div class=\"w-image-h\"><img decoding=\"async\" width=\"450\" height=\"444\" src=\"https:\/\/pib-extra.com\/wp-content\/uploads\/2024\/01\/graph-m2-2023.jpg\" class=\"attachment-large size-large\" alt=\"\" loading=\"lazy\" srcset=\"https:\/\/pib-extra.com\/wp-content\/uploads\/2024\/01\/graph-m2-2023.jpg 450w, https:\/\/pib-extra.com\/wp-content\/uploads\/2024\/01\/graph-m2-2023-300x296.jpg 300w\" sizes=\"auto, (max-width: 450px) 100vw, 450px\" \/><\/div><\/div><\/div><\/div><div class=\"wpb_column vc_column_container\"><div class=\"vc_column-inner\"><h3 class=\"w-text us_custom_e7fa261e\"><span class=\"w-text-h\"><span class=\"w-text-value\">Mitarbeiter<\/span><\/span><\/h3><div class=\"w-image us_custom_d00c28c3 has_height align_center\"><div class=\"w-image-h\"><img decoding=\"async\" width=\"438\" height=\"444\" src=\"https:\/\/pib-extra.com\/wp-content\/uploads\/2024\/01\/graph-employees-2023.jpg\" class=\"attachment-large size-large\" alt=\"\" loading=\"lazy\" srcset=\"https:\/\/pib-extra.com\/wp-content\/uploads\/2024\/01\/graph-employees-2023.jpg 438w, https:\/\/pib-extra.com\/wp-content\/uploads\/2024\/01\/graph-employees-2023-296x300.jpg 296w\" sizes=\"auto, (max-width: 438px) 100vw, 438px\" \/><\/div><\/div><\/div><\/div><\/div><\/div><\/section>\n","protected":false},"excerpt":{"rendered":"","protected":false},"author":4,"featured_media":0,"parent":0,"menu_order":74,"comment_status":"closed","ping_status":"closed","template":"","meta":{"_acf_changed":false,"footnotes":""},"class_list":["post-19367","page","type-page","status-publish","hentry"],"acf":[],"yoast_head":"<!-- This site is optimized with the Yoast SEO plugin v27.5 - https:\/\/yoast.com\/product\/yoast-seo-wordpress\/ -->\n<title>\u00dcber uns - PIB extra<\/title>\n<meta name=\"robots\" content=\"index, follow, max-snippet:-1, max-image-preview:large, max-video-preview:-1\" \/>\n<link rel=\"canonical\" href=\"https:\/\/pib-extra.com\/de\/ueber-uns\/\" \/>\n<meta property=\"og:locale\" content=\"de_DE\" \/>\n<meta property=\"og:type\" content=\"article\" \/>\n<meta property=\"og:title\" content=\"\u00dcber uns - PIB extra\" \/>\n<meta property=\"og:url\" content=\"https:\/\/pib-extra.com\/de\/ueber-uns\/\" \/>\n<meta property=\"og:site_name\" content=\"PIB extra\" \/>\n<meta property=\"article:publisher\" content=\"https:\/\/www.facebook.com\/pibextra\" \/>\n<meta property=\"article:modified_time\" content=\"2024-02-14T13:27:14+00:00\" \/>\n<meta property=\"og:image\" content=\"https:\/\/pib-extra.com\/wp-content\/uploads\/2024\/01\/pib-extra-cover.jpg\" \/>\n\t<meta property=\"og:image:width\" content=\"1200\" \/>\n\t<meta property=\"og:image:height\" content=\"675\" \/>\n\t<meta property=\"og:image:type\" content=\"image\/jpeg\" \/>\n<meta name=\"twitter:card\" content=\"summary_large_image\" \/>\n<script type=\"application\/ld+json\" class=\"yoast-schema-graph\">{\"@context\":\"https:\\\/\\\/schema.org\",\"@graph\":[{\"@type\":\"WebPage\",\"@id\":\"https:\\\/\\\/pib-extra.com\\\/de\\\/ueber-uns\\\/\",\"url\":\"https:\\\/\\\/pib-extra.com\\\/de\\\/ueber-uns\\\/\",\"name\":\"\u00dcber uns - PIB extra\",\"isPartOf\":{\"@id\":\"https:\\\/\\\/pib-extra.com\\\/de\\\/#website\"},\"datePublished\":\"2015-10-07T07:05:34+00:00\",\"dateModified\":\"2024-02-14T13:27:14+00:00\",\"breadcrumb\":{\"@id\":\"https:\\\/\\\/pib-extra.com\\\/de\\\/ueber-uns\\\/#breadcrumb\"},\"inLanguage\":\"de\",\"potentialAction\":[{\"@type\":\"ReadAction\",\"target\":[\"https:\\\/\\\/pib-extra.com\\\/de\\\/ueber-uns\\\/\"]}]},{\"@type\":\"BreadcrumbList\",\"@id\":\"https:\\\/\\\/pib-extra.com\\\/de\\\/ueber-uns\\\/#breadcrumb\",\"itemListElement\":[{\"@type\":\"ListItem\",\"position\":1,\"name\":\"Po\u010detna stranica\",\"item\":\"https:\\\/\\\/pib-extra.com\\\/de\\\/\"},{\"@type\":\"ListItem\",\"position\":2,\"name\":\"\u00dcber uns\"}]},{\"@type\":\"WebSite\",\"@id\":\"https:\\\/\\\/pib-extra.com\\\/de\\\/#website\",\"url\":\"https:\\\/\\\/pib-extra.com\\\/de\\\/\",\"name\":\"PIB extra\",\"description\":\"Izrada drvenih modela za ljevaonice\",\"publisher\":{\"@id\":\"https:\\\/\\\/pib-extra.com\\\/de\\\/#organization\"},\"potentialAction\":[{\"@type\":\"SearchAction\",\"target\":{\"@type\":\"EntryPoint\",\"urlTemplate\":\"https:\\\/\\\/pib-extra.com\\\/de\\\/?s={search_term_string}\"},\"query-input\":{\"@type\":\"PropertyValueSpecification\",\"valueRequired\":true,\"valueName\":\"search_term_string\"}}],\"inLanguage\":\"de\"},{\"@type\":\"Organization\",\"@id\":\"https:\\\/\\\/pib-extra.com\\\/de\\\/#organization\",\"name\":\"PIB extra\",\"url\":\"https:\\\/\\\/pib-extra.com\\\/de\\\/\",\"logo\":{\"@type\":\"ImageObject\",\"inLanguage\":\"de\",\"@id\":\"https:\\\/\\\/pib-extra.com\\\/de\\\/#\\\/schema\\\/logo\\\/image\\\/\",\"url\":\"https:\\\/\\\/pib-extra.com\\\/wp-content\\\/uploads\\\/2024\\\/01\\\/favicon.png\",\"contentUrl\":\"https:\\\/\\\/pib-extra.com\\\/wp-content\\\/uploads\\\/2024\\\/01\\\/favicon.png\",\"width\":512,\"height\":512,\"caption\":\"PIB extra\"},\"image\":{\"@id\":\"https:\\\/\\\/pib-extra.com\\\/de\\\/#\\\/schema\\\/logo\\\/image\\\/\"},\"sameAs\":[\"https:\\\/\\\/www.facebook.com\\\/pibextra\",\"https:\\\/\\\/www.linkedin.com\\\/company\\\/pib-extra-d-o-o-\\\/\"]}]}<\/script>\n<!-- \/ Yoast SEO plugin. -->","yoast_head_json":{"title":"\u00dcber uns - PIB extra","robots":{"index":"index","follow":"follow","max-snippet":"max-snippet:-1","max-image-preview":"max-image-preview:large","max-video-preview":"max-video-preview:-1"},"canonical":"https:\/\/pib-extra.com\/de\/ueber-uns\/","og_locale":"de_DE","og_type":"article","og_title":"\u00dcber uns - PIB extra","og_url":"https:\/\/pib-extra.com\/de\/ueber-uns\/","og_site_name":"PIB extra","article_publisher":"https:\/\/www.facebook.com\/pibextra","article_modified_time":"2024-02-14T13:27:14+00:00","og_image":[{"width":1200,"height":675,"url":"https:\/\/pib-extra.com\/wp-content\/uploads\/2024\/01\/pib-extra-cover.jpg","type":"image\/jpeg"}],"twitter_card":"summary_large_image","schema":{"@context":"https:\/\/schema.org","@graph":[{"@type":"WebPage","@id":"https:\/\/pib-extra.com\/de\/ueber-uns\/","url":"https:\/\/pib-extra.com\/de\/ueber-uns\/","name":"\u00dcber uns - PIB extra","isPartOf":{"@id":"https:\/\/pib-extra.com\/de\/#website"},"datePublished":"2015-10-07T07:05:34+00:00","dateModified":"2024-02-14T13:27:14+00:00","breadcrumb":{"@id":"https:\/\/pib-extra.com\/de\/ueber-uns\/#breadcrumb"},"inLanguage":"de","potentialAction":[{"@type":"ReadAction","target":["https:\/\/pib-extra.com\/de\/ueber-uns\/"]}]},{"@type":"BreadcrumbList","@id":"https:\/\/pib-extra.com\/de\/ueber-uns\/#breadcrumb","itemListElement":[{"@type":"ListItem","position":1,"name":"Po\u010detna stranica","item":"https:\/\/pib-extra.com\/de\/"},{"@type":"ListItem","position":2,"name":"\u00dcber uns"}]},{"@type":"WebSite","@id":"https:\/\/pib-extra.com\/de\/#website","url":"https:\/\/pib-extra.com\/de\/","name":"PIB extra","description":"Izrada drvenih modela za ljevaonice","publisher":{"@id":"https:\/\/pib-extra.com\/de\/#organization"},"potentialAction":[{"@type":"SearchAction","target":{"@type":"EntryPoint","urlTemplate":"https:\/\/pib-extra.com\/de\/?s={search_term_string}"},"query-input":{"@type":"PropertyValueSpecification","valueRequired":true,"valueName":"search_term_string"}}],"inLanguage":"de"},{"@type":"Organization","@id":"https:\/\/pib-extra.com\/de\/#organization","name":"PIB extra","url":"https:\/\/pib-extra.com\/de\/","logo":{"@type":"ImageObject","inLanguage":"de","@id":"https:\/\/pib-extra.com\/de\/#\/schema\/logo\/image\/","url":"https:\/\/pib-extra.com\/wp-content\/uploads\/2024\/01\/favicon.png","contentUrl":"https:\/\/pib-extra.com\/wp-content\/uploads\/2024\/01\/favicon.png","width":512,"height":512,"caption":"PIB extra"},"image":{"@id":"https:\/\/pib-extra.com\/de\/#\/schema\/logo\/image\/"},"sameAs":["https:\/\/www.facebook.com\/pibextra","https:\/\/www.linkedin.com\/company\/pib-extra-d-o-o-\/"]}]}},"_links":{"self":[{"href":"https:\/\/pib-extra.com\/de\/wp-json\/wp\/v2\/pages\/19367","targetHints":{"allow":["GET"]}}],"collection":[{"href":"https:\/\/pib-extra.com\/de\/wp-json\/wp\/v2\/pages"}],"about":[{"href":"https:\/\/pib-extra.com\/de\/wp-json\/wp\/v2\/types\/page"}],"author":[{"embeddable":true,"href":"https:\/\/pib-extra.com\/de\/wp-json\/wp\/v2\/users\/4"}],"replies":[{"embeddable":true,"href":"https:\/\/pib-extra.com\/de\/wp-json\/wp\/v2\/comments?post=19367"}],"version-history":[{"count":6,"href":"https:\/\/pib-extra.com\/de\/wp-json\/wp\/v2\/pages\/19367\/revisions"}],"predecessor-version":[{"id":20100,"href":"https:\/\/pib-extra.com\/de\/wp-json\/wp\/v2\/pages\/19367\/revisions\/20100"}],"wp:attachment":[{"href":"https:\/\/pib-extra.com\/de\/wp-json\/wp\/v2\/media?parent=19367"}],"curies":[{"name":"wp","href":"https:\/\/api.w.org\/{rel}","templated":true}]}}