{"id":19322,"date":"2021-12-22T14:03:05","date_gmt":"2021-12-22T13:03:05","guid":{"rendered":"https:\/\/pib-extra.com\/eu-projekt\/"},"modified":"2024-02-14T14:27:14","modified_gmt":"2024-02-14T13:27:14","slug":"eu-projekt","status":"publish","type":"page","link":"https:\/\/pib-extra.com\/de\/eu-projekt\/","title":{"rendered":"EU projekt"},"content":{"rendered":"<section class=\"l-section wpb_row us_custom_19737bc8 height_small\"><div class=\"l-section-h i-cf\"><div class=\"g-cols vc_row via_grid cols_1-2 laptops-cols_inherit tablets-cols_inherit mobiles-cols_1 valign_middle type_default stacking_default\"><div class=\"wpb_column vc_column_container\"><div class=\"vc_column-inner\"><div class=\"wpb_text_column\"><div class=\"wpb_wrapper\"><p><em>Im Jahr 2021 PIB Extra d.o.o. hat sein Projekt erfolgreich bei der Ausschreibung \u201eSt\u00e4rkung der Wettbewerbsf\u00e4higkeit von Unternehmen durch Investitionen in den digitalen und gr\u00fcnen \u00dcbergang\u201c eingereicht und im November eine Finanzhilfevereinbarung unterzeichnet.<\/em><\/p>\n<p><em>Mit der Umsetzung des Projekts werden wir unseren Produktionsprozess mit digitalen Technologien optimieren und unsere Produktionskapazit\u00e4ten durch den Bau einer neuen Halle erweitern.<\/em><\/p>\n<p><em>Wir freuen uns auf die erfolgreiche Umsetzung des EU-Projekts!<\/em><\/p><\/p>\n<\/div><\/div><\/div><\/div><div class=\"wpb_column vc_column_container\"><div class=\"vc_column-inner\"><div class=\"w-image style_outlined has_ratio align_none\"><div class=\"w-image-h\"><div style=\"padding-bottom:56.25%\"><\/div><img decoding=\"async\" width=\"1024\" height=\"576\" src=\"https:\/\/pib-extra.com\/wp-content\/uploads\/2021\/04\/PIBextra-0154-scaled-1-1024x576.jpg\" class=\"attachment-large size-large\" alt=\"\" loading=\"lazy\" \/><\/div><\/div><\/div><\/div><\/div><\/div><\/section><section class=\"l-section wpb_row us_custom_19737bc8 height_small\"><div class=\"l-section-h i-cf\"><div class=\"g-cols vc_row via_grid cols_1 laptops-cols_inherit tablets-cols_inherit mobiles-cols_1 valign_top type_default stacking_default\"><div class=\"wpb_column vc_column_container\"><div class=\"vc_column-inner\"><div class=\"wpb_text_column\"><div class=\"wpb_wrapper\"><p><strong>Projekttitel<\/strong>: Steigerung der Wettbewerbsf\u00e4higkeit durch gr\u00fcne und digitale Investitionen \u2013 PIB extra d.o.o.<\/p>\n<p><strong>Gesamtprojektwert<\/strong>: 31.567.495,32 HRK<\/p>\n<p><strong>EU-Kofinanzierung des Projekts<\/strong>: HRK 7.462.017,51<\/p>\n<p><strong>Das Projekt wird kofinanziert von<\/strong>: Recovery Assistance for Cohesion and European Areas \u201eREACT-EU\u201c<\/p>\n<p><strong>Projektdurchf\u00fchrungszeitraum<\/strong>: Juni 2021 \u2013 August 2023<\/p>\n<p><strong>Kurzbeschreibung des Projekts<\/strong>:<\/p>\n<p>Ziel des Projekts ist es, die Produktivit\u00e4t durch Investitionen in eine energieeffiziente und technologisch fortschrittliche Produktion zu steigern, was zur Steigerung der Wettbewerbsf\u00e4higkeit von PIB extra d.o.o. beitragen wird. auf den in- und ausl\u00e4ndischen M\u00e4rkten und erm\u00f6glichen die Schaffung neuer Arbeitspl\u00e4tze. Die Zielgruppe sind Mitarbeiter, da sich die Umsetzung des Projekts positiv auf die Verbesserung der Arbeitsbedingungen auswirken wird sowie bestehende und zuk\u00fcnftige Kunden von PIB extra d.o.o. wohingegen die Optimierung und Modernisierung der Produktion durch den Ausbau der Produktionskapazit\u00e4ten und die Digitalisierung des Prozesses die Lieferung von Produkten h\u00f6chster Qualit\u00e4t in k\u00fcrzester Zeit erm\u00f6glichen wird.<\/p>\n<p><strong>Ziele und erwartete Ergebnisse des Projekts:<\/strong><\/p>\n<ul>\n<li>Umsatzsteigerung um 25,21 %<\/li>\n<li>Steigerung der Exporterl\u00f6se um 25,15%<\/li>\n<li>Schaffung von 12 neuen Arbeitspl\u00e4tzen<\/li>\n<li>3 neu eingef\u00fchrte technologische L\u00f6sungen in Bezug auf gr\u00fcne und \/ oder digitale Ziele<\/li>\n<\/ul>\n<p><strong>Kontaktperson:<\/strong> <a href=\"mailto:sebastian.petek@gmail.com\">sebastian.petek@gmail.com<\/a><\/p>\n<p>Weitere Informationen zum Projekt erhalten Interessierte unter der E-Mail-Adresse <a href=\"mailto:sebastian.petek@gmail.com\">sebastian.petek@gmail.com<\/a>, Ansprechpartner Sebastian Petek.<\/p>\n<p>Weitere Informationen zu den Europ\u00e4ischen Struktur- und Investitionsfonds finden Sie auf der Website <a href=\"https:\/\/strukturnifondovi.hr\/\" target=\"_blank\" rel=\"noopener\">www.strukturnifondovi.hr<\/a><\/p>\n<p>Der Inhalt des Materials liegt in der alleinigen Verantwortung von PIB extra d.o.o.<\/p>\n<\/div><\/div><\/div><\/div><\/div><\/div><\/section><section class=\"l-section wpb_row us_custom_47157922 jc-margin-h-center height_small\"><div class=\"l-section-h i-cf\"><div class=\"g-cols vc_row via_grid cols_4 laptops-cols_inherit tablets-cols_2 mobiles-cols_2 valign_top type_default stacking_default\" style=\"--columns-gap:1.5rem;\"><div class=\"wpb_column vc_column_container\"><div class=\"vc_column-inner\"><div class=\"w-image align_none\"><div class=\"w-image-h\"><img decoding=\"async\" width=\"255\" height=\"170\" src=\"https:\/\/pib-extra.com\/wp-content\/uploads\/2021\/12\/Flag_of_Europe.svg_.png\" class=\"attachment-large size-large\" alt=\"\" loading=\"lazy\" \/><\/div><\/div><\/div><\/div><div class=\"wpb_column vc_column_container\"><div class=\"vc_column-inner\"><div class=\"w-image align_none\"><div class=\"w-image-h\"><img decoding=\"async\" width=\"519\" height=\"187\" src=\"https:\/\/pib-extra.com\/wp-content\/uploads\/2021\/12\/fondovi.jpg\" class=\"attachment-large size-large\" alt=\"\" loading=\"lazy\" srcset=\"https:\/\/pib-extra.com\/wp-content\/uploads\/2021\/12\/fondovi.jpg 519w, https:\/\/pib-extra.com\/wp-content\/uploads\/2021\/12\/fondovi-300x108.jpg 300w\" sizes=\"auto, (max-width: 519px) 100vw, 519px\" \/><\/div><\/div><\/div><\/div><div class=\"wpb_column vc_column_container\"><div class=\"vc_column-inner\"><div class=\"w-image align_none\"><div class=\"w-image-h\"><img decoding=\"async\" width=\"320\" height=\"167\" src=\"https:\/\/pib-extra.com\/wp-content\/uploads\/2021\/12\/kohezija-2.jpg\" class=\"attachment-large size-large\" alt=\"\" loading=\"lazy\" srcset=\"https:\/\/pib-extra.com\/wp-content\/uploads\/2021\/12\/kohezija-2.jpg 320w, https:\/\/pib-extra.com\/wp-content\/uploads\/2021\/12\/kohezija-2-300x157.jpg 300w\" sizes=\"auto, (max-width: 320px) 100vw, 320px\" \/><\/div><\/div><\/div><\/div><div class=\"wpb_column vc_column_container\"><div class=\"vc_column-inner\"><div class=\"w-image align_none\"><div class=\"w-image-h\"><img decoding=\"async\" width=\"870\" height=\"600\" src=\"https:\/\/pib-extra.com\/wp-content\/uploads\/2021\/12\/mrrfeu-870x600-1.jpg\" class=\"attachment-large size-large\" alt=\"\" loading=\"lazy\" srcset=\"https:\/\/pib-extra.com\/wp-content\/uploads\/2021\/12\/mrrfeu-870x600-1.jpg 870w, https:\/\/pib-extra.com\/wp-content\/uploads\/2021\/12\/mrrfeu-870x600-1-300x207.jpg 300w\" sizes=\"auto, (max-width: 870px) 100vw, 870px\" \/><\/div><\/div><\/div><\/div><\/div><\/div><\/section>\n","protected":false},"excerpt":{"rendered":"","protected":false},"author":4,"featured_media":18799,"parent":0,"menu_order":82,"comment_status":"closed","ping_status":"closed","template":"","meta":{"_acf_changed":false,"footnotes":""},"class_list":["post-19322","page","type-page","status-publish","has-post-thumbnail","hentry"],"acf":[],"yoast_head":"<!-- This site is optimized with the Yoast SEO plugin v27.5 - https:\/\/yoast.com\/product\/yoast-seo-wordpress\/ -->\n<title>EU projekt - PIB extra<\/title>\n<meta name=\"description\" content=\"Im Jahr 2021 PIB Extra d.o.o. hat sein Projekt erfolgreich bei der Ausschreibung \u201eSt\u00e4rkung der Wettbewerbsf\u00e4higkeit von Unternehmen durch Investitionen in den digitalen und gr\u00fcnen \u00dcbergang\u201c eingereicht.\" \/>\n<meta name=\"robots\" content=\"index, follow, max-snippet:-1, max-image-preview:large, max-video-preview:-1\" \/>\n<link rel=\"canonical\" href=\"https:\/\/pib-extra.com\/de\/eu-projekt\/\" \/>\n<meta property=\"og:locale\" content=\"de_DE\" \/>\n<meta property=\"og:type\" content=\"article\" \/>\n<meta property=\"og:title\" content=\"EU projekt - PIB extra\" \/>\n<meta property=\"og:description\" content=\"Im Jahr 2021 PIB Extra d.o.o. hat sein Projekt erfolgreich bei der Ausschreibung \u201eSt\u00e4rkung der Wettbewerbsf\u00e4higkeit von Unternehmen durch Investitionen in den digitalen und gr\u00fcnen \u00dcbergang\u201c eingereicht.\" \/>\n<meta property=\"og:url\" content=\"https:\/\/pib-extra.com\/de\/eu-projekt\/\" \/>\n<meta property=\"og:site_name\" content=\"PIB extra\" \/>\n<meta property=\"article:publisher\" content=\"https:\/\/www.facebook.com\/pibextra\" \/>\n<meta property=\"article:modified_time\" content=\"2024-02-14T13:27:14+00:00\" \/>\n<meta property=\"og:image\" content=\"https:\/\/pib-extra.com\/wp-content\/uploads\/2021\/04\/PIBextra-0154-scaled-1.jpg\" \/>\n\t<meta property=\"og:image:width\" content=\"2560\" \/>\n\t<meta property=\"og:image:height\" content=\"1440\" \/>\n\t<meta property=\"og:image:type\" content=\"image\/jpeg\" \/>\n<meta name=\"twitter:card\" content=\"summary_large_image\" \/>\n<script type=\"application\/ld+json\" class=\"yoast-schema-graph\">{\"@context\":\"https:\\\/\\\/schema.org\",\"@graph\":[{\"@type\":\"WebPage\",\"@id\":\"https:\\\/\\\/pib-extra.com\\\/de\\\/eu-projekt\\\/\",\"url\":\"https:\\\/\\\/pib-extra.com\\\/de\\\/eu-projekt\\\/\",\"name\":\"EU projekt - PIB extra\",\"isPartOf\":{\"@id\":\"https:\\\/\\\/pib-extra.com\\\/de\\\/#website\"},\"primaryImageOfPage\":{\"@id\":\"https:\\\/\\\/pib-extra.com\\\/de\\\/eu-projekt\\\/#primaryimage\"},\"image\":{\"@id\":\"https:\\\/\\\/pib-extra.com\\\/de\\\/eu-projekt\\\/#primaryimage\"},\"thumbnailUrl\":\"https:\\\/\\\/pib-extra.com\\\/wp-content\\\/uploads\\\/2021\\\/04\\\/PIBextra-0154-scaled-1.jpg\",\"datePublished\":\"2021-12-22T13:03:05+00:00\",\"dateModified\":\"2024-02-14T13:27:14+00:00\",\"description\":\"Im Jahr 2021 PIB Extra d.o.o. hat sein Projekt erfolgreich bei der Ausschreibung \u201eSt\u00e4rkung der Wettbewerbsf\u00e4higkeit von Unternehmen durch Investitionen in den digitalen und gr\u00fcnen \u00dcbergang\u201c eingereicht.\",\"breadcrumb\":{\"@id\":\"https:\\\/\\\/pib-extra.com\\\/de\\\/eu-projekt\\\/#breadcrumb\"},\"inLanguage\":\"de\",\"potentialAction\":[{\"@type\":\"ReadAction\",\"target\":[\"https:\\\/\\\/pib-extra.com\\\/de\\\/eu-projekt\\\/\"]}]},{\"@type\":\"ImageObject\",\"inLanguage\":\"de\",\"@id\":\"https:\\\/\\\/pib-extra.com\\\/de\\\/eu-projekt\\\/#primaryimage\",\"url\":\"https:\\\/\\\/pib-extra.com\\\/wp-content\\\/uploads\\\/2021\\\/04\\\/PIBextra-0154-scaled-1.jpg\",\"contentUrl\":\"https:\\\/\\\/pib-extra.com\\\/wp-content\\\/uploads\\\/2021\\\/04\\\/PIBextra-0154-scaled-1.jpg\",\"width\":2560,\"height\":1440},{\"@type\":\"BreadcrumbList\",\"@id\":\"https:\\\/\\\/pib-extra.com\\\/de\\\/eu-projekt\\\/#breadcrumb\",\"itemListElement\":[{\"@type\":\"ListItem\",\"position\":1,\"name\":\"Po\u010detna stranica\",\"item\":\"https:\\\/\\\/pib-extra.com\\\/de\\\/\"},{\"@type\":\"ListItem\",\"position\":2,\"name\":\"EU projekt\"}]},{\"@type\":\"WebSite\",\"@id\":\"https:\\\/\\\/pib-extra.com\\\/de\\\/#website\",\"url\":\"https:\\\/\\\/pib-extra.com\\\/de\\\/\",\"name\":\"PIB extra\",\"description\":\"Izrada drvenih modela za ljevaonice\",\"publisher\":{\"@id\":\"https:\\\/\\\/pib-extra.com\\\/de\\\/#organization\"},\"potentialAction\":[{\"@type\":\"SearchAction\",\"target\":{\"@type\":\"EntryPoint\",\"urlTemplate\":\"https:\\\/\\\/pib-extra.com\\\/de\\\/?s={search_term_string}\"},\"query-input\":{\"@type\":\"PropertyValueSpecification\",\"valueRequired\":true,\"valueName\":\"search_term_string\"}}],\"inLanguage\":\"de\"},{\"@type\":\"Organization\",\"@id\":\"https:\\\/\\\/pib-extra.com\\\/de\\\/#organization\",\"name\":\"PIB extra\",\"url\":\"https:\\\/\\\/pib-extra.com\\\/de\\\/\",\"logo\":{\"@type\":\"ImageObject\",\"inLanguage\":\"de\",\"@id\":\"https:\\\/\\\/pib-extra.com\\\/de\\\/#\\\/schema\\\/logo\\\/image\\\/\",\"url\":\"https:\\\/\\\/pib-extra.com\\\/wp-content\\\/uploads\\\/2024\\\/01\\\/favicon.png\",\"contentUrl\":\"https:\\\/\\\/pib-extra.com\\\/wp-content\\\/uploads\\\/2024\\\/01\\\/favicon.png\",\"width\":512,\"height\":512,\"caption\":\"PIB extra\"},\"image\":{\"@id\":\"https:\\\/\\\/pib-extra.com\\\/de\\\/#\\\/schema\\\/logo\\\/image\\\/\"},\"sameAs\":[\"https:\\\/\\\/www.facebook.com\\\/pibextra\",\"https:\\\/\\\/www.linkedin.com\\\/company\\\/pib-extra-d-o-o-\\\/\"]}]}<\/script>\n<!-- \/ Yoast SEO plugin. -->","yoast_head_json":{"title":"EU projekt - PIB extra","description":"Im Jahr 2021 PIB Extra d.o.o. hat sein Projekt erfolgreich bei der Ausschreibung \u201eSt\u00e4rkung der Wettbewerbsf\u00e4higkeit von Unternehmen durch Investitionen in den digitalen und gr\u00fcnen \u00dcbergang\u201c eingereicht.","robots":{"index":"index","follow":"follow","max-snippet":"max-snippet:-1","max-image-preview":"max-image-preview:large","max-video-preview":"max-video-preview:-1"},"canonical":"https:\/\/pib-extra.com\/de\/eu-projekt\/","og_locale":"de_DE","og_type":"article","og_title":"EU projekt - PIB extra","og_description":"Im Jahr 2021 PIB Extra d.o.o. hat sein Projekt erfolgreich bei der Ausschreibung \u201eSt\u00e4rkung der Wettbewerbsf\u00e4higkeit von Unternehmen durch Investitionen in den digitalen und gr\u00fcnen \u00dcbergang\u201c eingereicht.","og_url":"https:\/\/pib-extra.com\/de\/eu-projekt\/","og_site_name":"PIB extra","article_publisher":"https:\/\/www.facebook.com\/pibextra","article_modified_time":"2024-02-14T13:27:14+00:00","og_image":[{"width":2560,"height":1440,"url":"https:\/\/pib-extra.com\/wp-content\/uploads\/2021\/04\/PIBextra-0154-scaled-1.jpg","type":"image\/jpeg"}],"twitter_card":"summary_large_image","schema":{"@context":"https:\/\/schema.org","@graph":[{"@type":"WebPage","@id":"https:\/\/pib-extra.com\/de\/eu-projekt\/","url":"https:\/\/pib-extra.com\/de\/eu-projekt\/","name":"EU projekt - PIB extra","isPartOf":{"@id":"https:\/\/pib-extra.com\/de\/#website"},"primaryImageOfPage":{"@id":"https:\/\/pib-extra.com\/de\/eu-projekt\/#primaryimage"},"image":{"@id":"https:\/\/pib-extra.com\/de\/eu-projekt\/#primaryimage"},"thumbnailUrl":"https:\/\/pib-extra.com\/wp-content\/uploads\/2021\/04\/PIBextra-0154-scaled-1.jpg","datePublished":"2021-12-22T13:03:05+00:00","dateModified":"2024-02-14T13:27:14+00:00","description":"Im Jahr 2021 PIB Extra d.o.o. hat sein Projekt erfolgreich bei der Ausschreibung \u201eSt\u00e4rkung der Wettbewerbsf\u00e4higkeit von Unternehmen durch Investitionen in den digitalen und gr\u00fcnen \u00dcbergang\u201c eingereicht.","breadcrumb":{"@id":"https:\/\/pib-extra.com\/de\/eu-projekt\/#breadcrumb"},"inLanguage":"de","potentialAction":[{"@type":"ReadAction","target":["https:\/\/pib-extra.com\/de\/eu-projekt\/"]}]},{"@type":"ImageObject","inLanguage":"de","@id":"https:\/\/pib-extra.com\/de\/eu-projekt\/#primaryimage","url":"https:\/\/pib-extra.com\/wp-content\/uploads\/2021\/04\/PIBextra-0154-scaled-1.jpg","contentUrl":"https:\/\/pib-extra.com\/wp-content\/uploads\/2021\/04\/PIBextra-0154-scaled-1.jpg","width":2560,"height":1440},{"@type":"BreadcrumbList","@id":"https:\/\/pib-extra.com\/de\/eu-projekt\/#breadcrumb","itemListElement":[{"@type":"ListItem","position":1,"name":"Po\u010detna stranica","item":"https:\/\/pib-extra.com\/de\/"},{"@type":"ListItem","position":2,"name":"EU projekt"}]},{"@type":"WebSite","@id":"https:\/\/pib-extra.com\/de\/#website","url":"https:\/\/pib-extra.com\/de\/","name":"PIB extra","description":"Izrada drvenih modela za ljevaonice","publisher":{"@id":"https:\/\/pib-extra.com\/de\/#organization"},"potentialAction":[{"@type":"SearchAction","target":{"@type":"EntryPoint","urlTemplate":"https:\/\/pib-extra.com\/de\/?s={search_term_string}"},"query-input":{"@type":"PropertyValueSpecification","valueRequired":true,"valueName":"search_term_string"}}],"inLanguage":"de"},{"@type":"Organization","@id":"https:\/\/pib-extra.com\/de\/#organization","name":"PIB extra","url":"https:\/\/pib-extra.com\/de\/","logo":{"@type":"ImageObject","inLanguage":"de","@id":"https:\/\/pib-extra.com\/de\/#\/schema\/logo\/image\/","url":"https:\/\/pib-extra.com\/wp-content\/uploads\/2024\/01\/favicon.png","contentUrl":"https:\/\/pib-extra.com\/wp-content\/uploads\/2024\/01\/favicon.png","width":512,"height":512,"caption":"PIB extra"},"image":{"@id":"https:\/\/pib-extra.com\/de\/#\/schema\/logo\/image\/"},"sameAs":["https:\/\/www.facebook.com\/pibextra","https:\/\/www.linkedin.com\/company\/pib-extra-d-o-o-\/"]}]}},"_links":{"self":[{"href":"https:\/\/pib-extra.com\/de\/wp-json\/wp\/v2\/pages\/19322","targetHints":{"allow":["GET"]}}],"collection":[{"href":"https:\/\/pib-extra.com\/de\/wp-json\/wp\/v2\/pages"}],"about":[{"href":"https:\/\/pib-extra.com\/de\/wp-json\/wp\/v2\/types\/page"}],"author":[{"embeddable":true,"href":"https:\/\/pib-extra.com\/de\/wp-json\/wp\/v2\/users\/4"}],"replies":[{"embeddable":true,"href":"https:\/\/pib-extra.com\/de\/wp-json\/wp\/v2\/comments?post=19322"}],"version-history":[{"count":11,"href":"https:\/\/pib-extra.com\/de\/wp-json\/wp\/v2\/pages\/19322\/revisions"}],"predecessor-version":[{"id":19335,"href":"https:\/\/pib-extra.com\/de\/wp-json\/wp\/v2\/pages\/19322\/revisions\/19335"}],"wp:featuredmedia":[{"embeddable":true,"href":"https:\/\/pib-extra.com\/de\/wp-json\/wp\/v2\/media\/18799"}],"wp:attachment":[{"href":"https:\/\/pib-extra.com\/de\/wp-json\/wp\/v2\/media?parent=19322"}],"curies":[{"name":"wp","href":"https:\/\/api.w.org\/{rel}","templated":true}]}}