{"id":19319,"date":"2015-10-15T08:48:28","date_gmt":"2015-10-15T06:48:28","guid":{"rendered":"https:\/\/pib-extra.com\/qualitaetspolitik\/"},"modified":"2024-02-14T14:27:15","modified_gmt":"2024-02-14T13:27:15","slug":"qualitaetspolitik","status":"publish","type":"page","link":"https:\/\/pib-extra.com\/de\/qualitaetspolitik\/","title":{"rendered":"Qualit\u00e4tspolitik"},"content":{"rendered":"<section class=\"l-section wpb_row us_custom_19737bc8 height_small\"><div class=\"l-section-h i-cf\"><div class=\"g-cols vc_row via_grid cols_3-2 laptops-cols_inherit tablets-cols_inherit mobiles-cols_1 valign_middle type_default stacking_default\"><div class=\"wpb_column vc_column_container\"><div class=\"vc_column-inner\"><div class=\"wpb_text_column\"><div class=\"wpb_wrapper\"><p><em>Um die gew\u00fcnschten Ziele zu erreichen, entwickelt sich der Modellbau PIB extra G.m.b.h. um den Anspr\u00fcchen und Bed\u00fcrfnissen der Kunden sich anzupassen.<\/em><\/p>\n<p><em>Durch st\u00e4ndige Fortbildung tragen die Mitarbeiter zur Steigerung und Erhaltung des Qualit\u00e4tsstandards bei.<\/em><\/p>\n<p><em>Durch Investitionen in Entwicklung und Bef\u00f6rderung der Produktionsprozesse, der Maschinen und der Betriebsvorrichtung, legen wir Grundsteine f\u00fcr einen schnelleren und stabileren Wachstum des Unternehmens, sowie Fortentwicklung des Unternehmens und der Mitarbeiter. Damit steigern wir auch die Qualit\u00e4t der Produkte und Dienstleistungen.<\/em><\/p>\n<\/div><\/div><\/div><\/div><div class=\"wpb_column vc_column_container us_custom_b10e9791 has_bg_color stretched\"><div class=\"vc_column-inner\"><div class=\"w-separator us_custom_ce6a2648 size_medium\"><\/div><\/div><\/div><\/div><\/div><\/section><section class=\"l-section wpb_row us_custom_19737bc8 height_small\"><div class=\"l-section-h i-cf\"><div class=\"g-cols vc_row via_grid cols_1 laptops-cols_inherit tablets-cols_inherit mobiles-cols_1 valign_middle type_default reversed stacking_default\"><div class=\"wpb_column vc_column_container\"><div class=\"vc_column-inner\"><div class=\"wpb_text_column\"><div class=\"wpb_wrapper\"><p>Wir pflegen partnerschaftliche Beziehungen zu unseren Lieferanten und Kunden.<\/p>\n<p>Allgemeine Ziele:<\/p>\n<ul>\n<li>Den jetzigen Stand beibehalten<\/li>\n<li>Kundenzufriedenheit f\u00f6rdern<\/li>\n<li>Schnelle und kompakte Produktauslieferungen sichern<\/li>\n<li>Kenntnisse und Geschicke aller Teilnehmer im Produktionsprozess f\u00f6rdern, damit die Produktqualit\u00e4t gesichert wird<\/li>\n<li>Neue Technologien und Prozesse entwickeln, die die Produktionseffizienz f\u00f6rdern und weiterentwickeln<\/li>\n<\/ul>\n<p>Jeder Mitarbeiter hat die Pflicht sich mit der Qualit\u00e4tspolitik vertraut zu machen, diese aufzufassen und als Grundsatz seiner Arbeit zu nehmen.<\/p>\n<p>Unsere Firma besitzt mit Stolz zwei wichtige ISO-Zertifikate &#8211; <strong>ISO 9001:2015<\/strong>, das unsere Hingabe zur Qualit\u00e4t in der Bereitstellung von Produkten\/Dienstleistungen best\u00e4tigt, und <strong>ISO 14001:2015<\/strong>, das unsere Verpflichtung zur Nachhaltigkeit und Umweltbewusstsein belegt.<\/p>\n<p style=\"text-align: center;\"><em>Wir stellen uns ehrgeizige, aber messbare und realisierbare Qualit\u00e4tsziele.<\/em><\/p>\n<\/div><\/div><\/div><\/div><\/div><\/div><\/section><section class=\"l-section wpb_row height_small\"><div class=\"l-section-h i-cf\"><div class=\"g-cols vc_row via_grid cols_1 laptops-cols_inherit tablets-cols_inherit mobiles-cols_1 valign_top type_default stacking_default\" style=\"--columns-gap:1.5rem;\"><div class=\"wpb_column vc_column_container\"><div class=\"vc_column-inner\"><div class=\"w-image us_custom_1cf23be4 has_height align_center\"><div class=\"w-image-h\"><img decoding=\"async\" width=\"379\" height=\"150\" src=\"https:\/\/pib-extra.com\/wp-content\/uploads\/2024\/02\/dedal-iso-logo.png\" class=\"attachment-large size-large\" alt=\"Dedal\" loading=\"lazy\" srcset=\"https:\/\/pib-extra.com\/wp-content\/uploads\/2024\/02\/dedal-iso-logo.png 379w, https:\/\/pib-extra.com\/wp-content\/uploads\/2024\/02\/dedal-iso-logo-300x119.png 300w\" sizes=\"auto, (max-width: 379px) 100vw, 379px\" \/><\/div><\/div><\/div><\/div><\/div><\/div><\/section>\n","protected":false},"excerpt":{"rendered":"","protected":false},"author":4,"featured_media":0,"parent":0,"menu_order":99,"comment_status":"closed","ping_status":"closed","template":"","meta":{"_acf_changed":false,"footnotes":""},"class_list":["post-19319","page","type-page","status-publish","hentry"],"acf":[],"yoast_head":"<!-- This site is optimized with the Yoast SEO plugin v27.5 - https:\/\/yoast.com\/product\/yoast-seo-wordpress\/ -->\n<title>Qualit\u00e4tspolitik - PIB extra<\/title>\n<meta name=\"robots\" content=\"index, follow, max-snippet:-1, max-image-preview:large, max-video-preview:-1\" \/>\n<link rel=\"canonical\" href=\"https:\/\/pib-extra.com\/de\/qualitaetspolitik\/\" \/>\n<meta property=\"og:locale\" content=\"de_DE\" \/>\n<meta property=\"og:type\" content=\"article\" \/>\n<meta property=\"og:title\" content=\"Qualit\u00e4tspolitik - PIB extra\" \/>\n<meta property=\"og:url\" content=\"https:\/\/pib-extra.com\/de\/qualitaetspolitik\/\" \/>\n<meta property=\"og:site_name\" content=\"PIB extra\" \/>\n<meta property=\"article:publisher\" content=\"https:\/\/www.facebook.com\/pibextra\" \/>\n<meta property=\"article:modified_time\" content=\"2024-02-14T13:27:15+00:00\" \/>\n<meta property=\"og:image\" content=\"https:\/\/pib-extra.com\/wp-content\/uploads\/2024\/01\/pib-extra-cover.jpg\" \/>\n\t<meta property=\"og:image:width\" content=\"1200\" \/>\n\t<meta property=\"og:image:height\" content=\"675\" \/>\n\t<meta property=\"og:image:type\" content=\"image\/jpeg\" \/>\n<meta name=\"twitter:card\" content=\"summary_large_image\" \/>\n<script type=\"application\/ld+json\" class=\"yoast-schema-graph\">{\"@context\":\"https:\\\/\\\/schema.org\",\"@graph\":[{\"@type\":\"WebPage\",\"@id\":\"https:\\\/\\\/pib-extra.com\\\/de\\\/qualitaetspolitik\\\/\",\"url\":\"https:\\\/\\\/pib-extra.com\\\/de\\\/qualitaetspolitik\\\/\",\"name\":\"Qualit\u00e4tspolitik - PIB extra\",\"isPartOf\":{\"@id\":\"https:\\\/\\\/pib-extra.com\\\/de\\\/#website\"},\"datePublished\":\"2015-10-15T06:48:28+00:00\",\"dateModified\":\"2024-02-14T13:27:15+00:00\",\"breadcrumb\":{\"@id\":\"https:\\\/\\\/pib-extra.com\\\/de\\\/qualitaetspolitik\\\/#breadcrumb\"},\"inLanguage\":\"de\",\"potentialAction\":[{\"@type\":\"ReadAction\",\"target\":[\"https:\\\/\\\/pib-extra.com\\\/de\\\/qualitaetspolitik\\\/\"]}]},{\"@type\":\"BreadcrumbList\",\"@id\":\"https:\\\/\\\/pib-extra.com\\\/de\\\/qualitaetspolitik\\\/#breadcrumb\",\"itemListElement\":[{\"@type\":\"ListItem\",\"position\":1,\"name\":\"Po\u010detna stranica\",\"item\":\"https:\\\/\\\/pib-extra.com\\\/de\\\/\"},{\"@type\":\"ListItem\",\"position\":2,\"name\":\"Qualit\u00e4tspolitik\"}]},{\"@type\":\"WebSite\",\"@id\":\"https:\\\/\\\/pib-extra.com\\\/de\\\/#website\",\"url\":\"https:\\\/\\\/pib-extra.com\\\/de\\\/\",\"name\":\"PIB extra\",\"description\":\"Izrada drvenih modela za ljevaonice\",\"publisher\":{\"@id\":\"https:\\\/\\\/pib-extra.com\\\/de\\\/#organization\"},\"potentialAction\":[{\"@type\":\"SearchAction\",\"target\":{\"@type\":\"EntryPoint\",\"urlTemplate\":\"https:\\\/\\\/pib-extra.com\\\/de\\\/?s={search_term_string}\"},\"query-input\":{\"@type\":\"PropertyValueSpecification\",\"valueRequired\":true,\"valueName\":\"search_term_string\"}}],\"inLanguage\":\"de\"},{\"@type\":\"Organization\",\"@id\":\"https:\\\/\\\/pib-extra.com\\\/de\\\/#organization\",\"name\":\"PIB extra\",\"url\":\"https:\\\/\\\/pib-extra.com\\\/de\\\/\",\"logo\":{\"@type\":\"ImageObject\",\"inLanguage\":\"de\",\"@id\":\"https:\\\/\\\/pib-extra.com\\\/de\\\/#\\\/schema\\\/logo\\\/image\\\/\",\"url\":\"https:\\\/\\\/pib-extra.com\\\/wp-content\\\/uploads\\\/2024\\\/01\\\/favicon.png\",\"contentUrl\":\"https:\\\/\\\/pib-extra.com\\\/wp-content\\\/uploads\\\/2024\\\/01\\\/favicon.png\",\"width\":512,\"height\":512,\"caption\":\"PIB extra\"},\"image\":{\"@id\":\"https:\\\/\\\/pib-extra.com\\\/de\\\/#\\\/schema\\\/logo\\\/image\\\/\"},\"sameAs\":[\"https:\\\/\\\/www.facebook.com\\\/pibextra\",\"https:\\\/\\\/www.linkedin.com\\\/company\\\/pib-extra-d-o-o-\\\/\"]}]}<\/script>\n<!-- \/ Yoast SEO plugin. -->","yoast_head_json":{"title":"Qualit\u00e4tspolitik - PIB extra","robots":{"index":"index","follow":"follow","max-snippet":"max-snippet:-1","max-image-preview":"max-image-preview:large","max-video-preview":"max-video-preview:-1"},"canonical":"https:\/\/pib-extra.com\/de\/qualitaetspolitik\/","og_locale":"de_DE","og_type":"article","og_title":"Qualit\u00e4tspolitik - PIB extra","og_url":"https:\/\/pib-extra.com\/de\/qualitaetspolitik\/","og_site_name":"PIB extra","article_publisher":"https:\/\/www.facebook.com\/pibextra","article_modified_time":"2024-02-14T13:27:15+00:00","og_image":[{"width":1200,"height":675,"url":"https:\/\/pib-extra.com\/wp-content\/uploads\/2024\/01\/pib-extra-cover.jpg","type":"image\/jpeg"}],"twitter_card":"summary_large_image","schema":{"@context":"https:\/\/schema.org","@graph":[{"@type":"WebPage","@id":"https:\/\/pib-extra.com\/de\/qualitaetspolitik\/","url":"https:\/\/pib-extra.com\/de\/qualitaetspolitik\/","name":"Qualit\u00e4tspolitik - PIB extra","isPartOf":{"@id":"https:\/\/pib-extra.com\/de\/#website"},"datePublished":"2015-10-15T06:48:28+00:00","dateModified":"2024-02-14T13:27:15+00:00","breadcrumb":{"@id":"https:\/\/pib-extra.com\/de\/qualitaetspolitik\/#breadcrumb"},"inLanguage":"de","potentialAction":[{"@type":"ReadAction","target":["https:\/\/pib-extra.com\/de\/qualitaetspolitik\/"]}]},{"@type":"BreadcrumbList","@id":"https:\/\/pib-extra.com\/de\/qualitaetspolitik\/#breadcrumb","itemListElement":[{"@type":"ListItem","position":1,"name":"Po\u010detna stranica","item":"https:\/\/pib-extra.com\/de\/"},{"@type":"ListItem","position":2,"name":"Qualit\u00e4tspolitik"}]},{"@type":"WebSite","@id":"https:\/\/pib-extra.com\/de\/#website","url":"https:\/\/pib-extra.com\/de\/","name":"PIB extra","description":"Izrada drvenih modela za ljevaonice","publisher":{"@id":"https:\/\/pib-extra.com\/de\/#organization"},"potentialAction":[{"@type":"SearchAction","target":{"@type":"EntryPoint","urlTemplate":"https:\/\/pib-extra.com\/de\/?s={search_term_string}"},"query-input":{"@type":"PropertyValueSpecification","valueRequired":true,"valueName":"search_term_string"}}],"inLanguage":"de"},{"@type":"Organization","@id":"https:\/\/pib-extra.com\/de\/#organization","name":"PIB extra","url":"https:\/\/pib-extra.com\/de\/","logo":{"@type":"ImageObject","inLanguage":"de","@id":"https:\/\/pib-extra.com\/de\/#\/schema\/logo\/image\/","url":"https:\/\/pib-extra.com\/wp-content\/uploads\/2024\/01\/favicon.png","contentUrl":"https:\/\/pib-extra.com\/wp-content\/uploads\/2024\/01\/favicon.png","width":512,"height":512,"caption":"PIB extra"},"image":{"@id":"https:\/\/pib-extra.com\/de\/#\/schema\/logo\/image\/"},"sameAs":["https:\/\/www.facebook.com\/pibextra","https:\/\/www.linkedin.com\/company\/pib-extra-d-o-o-\/"]}]}},"_links":{"self":[{"href":"https:\/\/pib-extra.com\/de\/wp-json\/wp\/v2\/pages\/19319","targetHints":{"allow":["GET"]}}],"collection":[{"href":"https:\/\/pib-extra.com\/de\/wp-json\/wp\/v2\/pages"}],"about":[{"href":"https:\/\/pib-extra.com\/de\/wp-json\/wp\/v2\/types\/page"}],"author":[{"embeddable":true,"href":"https:\/\/pib-extra.com\/de\/wp-json\/wp\/v2\/users\/4"}],"replies":[{"embeddable":true,"href":"https:\/\/pib-extra.com\/de\/wp-json\/wp\/v2\/comments?post=19319"}],"version-history":[{"count":9,"href":"https:\/\/pib-extra.com\/de\/wp-json\/wp\/v2\/pages\/19319\/revisions"}],"predecessor-version":[{"id":19737,"href":"https:\/\/pib-extra.com\/de\/wp-json\/wp\/v2\/pages\/19319\/revisions\/19737"}],"wp:attachment":[{"href":"https:\/\/pib-extra.com\/de\/wp-json\/wp\/v2\/media?parent=19319"}],"curies":[{"name":"wp","href":"https:\/\/api.w.org\/{rel}","templated":true}]}}