{"id":19313,"date":"2015-10-07T09:06:09","date_gmt":"2015-10-07T07:06:09","guid":{"rendered":"https:\/\/pib-extra.com\/technologie\/"},"modified":"2024-02-14T14:27:14","modified_gmt":"2024-02-14T13:27:14","slug":"technologie","status":"publish","type":"page","link":"https:\/\/pib-extra.com\/de\/technologie\/","title":{"rendered":"Technologie"},"content":{"rendered":"<section class=\"l-section wpb_row height_small width_custom\" style=\"--site-content-width:1340px;\"><div class=\"l-section-h i-cf\"><div class=\"g-cols vc_row via_grid cols_2 laptops-cols_inherit tablets-cols_inherit mobiles-cols_1 valign_top type_default stacking_default\"><div class=\"wpb_column vc_column_container\"><div class=\"vc_column-inner\"><div class=\"wpb_text_column\"><div class=\"wpb_wrapper\"><p>In dem Modellbau PIB extra G.m.b.h. hat die Produktion von <strong>Modellen f\u00fcr Gie\u00dfereien<\/strong> einige Arbeitsschritte. Wenn der Kunde ein Angebotsantrag sendet (per E-Mail, per Fax oder in Papierform), wird in k\u00fcrzester Zeit (meist in ein oder zwei Tagen) eine Kalkulation der Produktionskosten erstellt und dem Kunden wird das beste Angebot, mit einer kurzen Lieferzeit (weniger als sieben Tage) und in der vom Kunden definierter Qualit\u00e4t, gesendet. In 90% der F\u00e4lle bekommen wir mit dem Angebotsantrag auch 2D Entw\u00fcrfe mit einer groben Skizze der Technologie (Teilung der Modelle, Kern, austauschbare Teile usw.). F\u00fcr die Erstellung unseres Angebotes gen\u00fcgt es, dass wir mit dem Kunden nur die prim\u00e4re Gie\u00dftechnologie vereinbaren. Wenn wir \u00fcber die Realisation des Projektes sprechen, sind <strong>unsere Kunden mittels der digitalen Dokumentation und Kommunikation mit ihren Technologieabteilungen, st\u00e4ndig \u00fcber den Status ihres Produktes informiert<\/strong>. Somit haben sie einen Einblick in fast alle Phasen des Produktionsprozesses. Eine Neuigkeit, die der Modellbau PIB extra G.m.b.h. im Bereich der Dienstleistung anbietet ist eine Dienstleistung im Bereich des <strong>Reverse Engineering und 3D Scanning<\/strong>. In diesem Prozess k\u00f6nnen wir vom fertigen Teil mit Hilfe von Scanning 2D oder 3D Dokumentation bekommen. F\u00fcr diesen Prozess benutzen wir die modernste des weltbekannten Herstellers FARO.<\/p>\n<\/div><\/div><\/div><\/div><div class=\"wpb_column vc_column_container\"><div class=\"vc_column-inner\"><div class=\"w-slider style_none fit_scaledown nav_dots count_3\"><div class=\"w-slider-h\" aria-hidden=\"true\"><div class=\"royalSlider\"><div class=\"rsContent\"><a class=\"rsImg\" data-rsw=\"656\" data-rsh=\"437\" href=\"https:\/\/pib-extra.com\/wp-content\/uploads\/2024\/01\/tehnologija.jpg\"><span data-alt=\"\"><\/span><\/a><\/div><div class=\"rsContent\"><a class=\"rsImg\" data-rsw=\"1024\" data-rsh=\"683\" href=\"https:\/\/pib-extra.com\/wp-content\/uploads\/2021\/01\/PIB-Extra-1676_1620x1080-1-1024x683.jpg\"><span data-alt=\"\"><\/span><\/a><\/div><div class=\"rsContent\"><a class=\"rsImg\" data-rsw=\"1024\" data-rsh=\"683\" href=\"https:\/\/pib-extra.com\/wp-content\/uploads\/2024\/01\/DSCF4550-1024x683.jpg\"><span data-alt=\"\"><\/span><\/a><\/div><\/div><img decoding=\"async\" src=\"https:\/\/pib-extra.com\/wp-content\/uploads\/2024\/01\/tehnologija.jpg\" width=\"656\" height=\"437\" alt loading=\"lazy\"><\/div><div class=\"w-slider-json\" onclick='return {&quot;autoScaleSlider&quot;:true,&quot;addActiveClass&quot;:true,&quot;loop&quot;:true,&quot;fadeInLoadedSlide&quot;:false,&quot;slidesSpacing&quot;:0,&quot;imageScalePadding&quot;:0,&quot;numImagesToPreload&quot;:2,&quot;arrowsNav&quot;:true,&quot;arrowsNavAutoHide&quot;:false,&quot;transitionType&quot;:&quot;fade&quot;,&quot;transitionSpeed&quot;:250,&quot;block&quot;:{&quot;moveEffect&quot;:&quot;none&quot;,&quot;speed&quot;:300},&quot;thumbs&quot;:{&quot;fitInViewport&quot;:false,&quot;firstMargin&quot;:false,&quot;spacing&quot;:4},&quot;controlNavigation&quot;:&quot;bullets&quot;,&quot;autoplay&quot;:{&quot;enabled&quot;:true,&quot;pauseOnHover&quot;:true,&quot;delay&quot;:4000},&quot;autoScaleSliderWidth&quot;:656,&quot;autoScaleSliderHeight&quot;:437}'><\/div><\/div><\/div><\/div><\/div><\/div><\/section><section class=\"l-section wpb_row height_small color_alternate\"><div class=\"l-section-h i-cf\"><div class=\"g-cols vc_row via_grid cols_1 laptops-cols_inherit tablets-cols_inherit mobiles-cols_1 valign_top type_default stacking_default\"><div class=\"wpb_column vc_column_container\"><div class=\"vc_column-inner\"><h2 class=\"w-text us_custom_40824568 jc-font-size-h1\"><span class=\"w-text-h\"><span class=\"w-text-value\">Produktionsprozess<\/span><\/span><\/h2><\/div><\/div><\/div><\/div><\/section><section class=\"l-section wpb_row height_small\"><div class=\"l-section-h i-cf\"><div class=\"g-cols vc_row via_grid cols_1 laptops-cols_inherit tablets-cols_inherit mobiles-cols_1 valign_top type_default stacking_default\"><div class=\"wpb_column vc_column_container\"><div class=\"vc_column-inner\"><div class=\"wpb_text_column\"><div class=\"wpb_wrapper\"><ol>\n<li>Nach der CAD Modellierung wird Ihnen unsere Technikabteilung, auf Grund Ihrer 2D Skizzen und Entw\u00fcrfen (oder 3D), neue 3D Daten senden. Diese Daten werden in einem Datenset gesendet, der folgendes beinhaltet \u2013 einen 3D \u00dcberblick der Gie\u00dftechnologie, das Modell, die Teilung, Kerne, spezielle Kerne&#8230; Diesen 3D \u00dcberblick senden wir dem Kunden per E-Mail im 3D PDF oder Excel Format, einen Tag nach Erhalt der Bestellung, damit der Kunde die erstellte Technologie visuell kontrollieren kann. Der Kunde sieht alles und kann dar\u00fcber entscheiden, ob was ge\u00e4ndert oder hinzugef\u00fcgt werden muss.<\/li>\n<li>Der Grundriss im Ma\u00df 1:1 und andere wichtige Teile (alte Modellierschule \u2013 alle Zeichnungen in verschiedenen Farben und mit allen Abmessungen) \u2013 Teilung der Modelle, Zus\u00e4tze f\u00fcr Bearbeitung, Konus usw. All dies wird dem Kunden per E-mail im PDF oder DWG Format gesendet, damit er alles sehen und die Masse pr\u00fcfen kann. Diesen Daten nach kann der Kunde sicher sein, was ihm geliefert wird.<\/li>\n<li>Unser Produktionsbetrieb erstellt die Modelle in drei Schichten, somit ist die finale Modellherstellung in kurzem Zeitraum fertig (modernste CAD\/CAM Produktion). Wir garantieren unsere Qualit\u00e4t. Zwei Tage vor Anlieferung werden dem Kunden per E-Mail Fotos von fertigen Modellen, Kerngussformen usw. Gesendet.<\/li>\n<\/ol>\n<\/div><\/div><div class=\"w-separator size_small\"><\/div><div class=\"w-image align_center\"><div class=\"w-image-h\"><img decoding=\"async\" width=\"1024\" height=\"716\" src=\"https:\/\/pib-extra.com\/wp-content\/uploads\/2024\/01\/proizvodnjaDE-1024x716.jpg\" class=\"attachment-large size-large\" alt=\"Produktionsprozess\" loading=\"lazy\" srcset=\"https:\/\/pib-extra.com\/wp-content\/uploads\/2024\/01\/proizvodnjaDE-1024x716.jpg 1024w, https:\/\/pib-extra.com\/wp-content\/uploads\/2024\/01\/proizvodnjaDE-300x210.jpg 300w, https:\/\/pib-extra.com\/wp-content\/uploads\/2024\/01\/proizvodnjaDE.jpg 1536w\" sizes=\"auto, (max-width: 1024px) 100vw, 1024px\" \/><\/div><\/div><\/div><\/div><\/div><\/div><\/section>\n","protected":false},"excerpt":{"rendered":"","protected":false},"author":4,"featured_media":18714,"parent":0,"menu_order":90,"comment_status":"closed","ping_status":"closed","template":"","meta":{"_acf_changed":false,"footnotes":""},"class_list":["post-19313","page","type-page","status-publish","has-post-thumbnail","hentry"],"acf":[],"yoast_head":"<!-- This site is optimized with the Yoast SEO plugin v27.5 - https:\/\/yoast.com\/product\/yoast-seo-wordpress\/ -->\n<title>Technologie - PIB extra<\/title>\n<meta name=\"robots\" content=\"index, follow, max-snippet:-1, max-image-preview:large, max-video-preview:-1\" \/>\n<link rel=\"canonical\" href=\"https:\/\/pib-extra.com\/de\/technologie\/\" \/>\n<meta property=\"og:locale\" content=\"de_DE\" \/>\n<meta property=\"og:type\" content=\"article\" \/>\n<meta property=\"og:title\" content=\"Technologie - PIB extra\" \/>\n<meta property=\"og:url\" content=\"https:\/\/pib-extra.com\/de\/technologie\/\" \/>\n<meta property=\"og:site_name\" content=\"PIB extra\" \/>\n<meta property=\"article:publisher\" content=\"https:\/\/www.facebook.com\/pibextra\" \/>\n<meta property=\"article:modified_time\" content=\"2024-02-14T13:27:14+00:00\" \/>\n<meta property=\"og:image\" content=\"https:\/\/pib-extra.com\/wp-content\/uploads\/2021\/01\/PIB-Extra-1676_1620x1080-1.jpg\" \/>\n\t<meta property=\"og:image:width\" content=\"1620\" \/>\n\t<meta property=\"og:image:height\" content=\"1080\" \/>\n\t<meta property=\"og:image:type\" content=\"image\/jpeg\" \/>\n<meta name=\"twitter:card\" content=\"summary_large_image\" \/>\n<script type=\"application\/ld+json\" class=\"yoast-schema-graph\">{\"@context\":\"https:\\\/\\\/schema.org\",\"@graph\":[{\"@type\":\"WebPage\",\"@id\":\"https:\\\/\\\/pib-extra.com\\\/de\\\/technologie\\\/\",\"url\":\"https:\\\/\\\/pib-extra.com\\\/de\\\/technologie\\\/\",\"name\":\"Technologie - PIB extra\",\"isPartOf\":{\"@id\":\"https:\\\/\\\/pib-extra.com\\\/de\\\/#website\"},\"primaryImageOfPage\":{\"@id\":\"https:\\\/\\\/pib-extra.com\\\/de\\\/technologie\\\/#primaryimage\"},\"image\":{\"@id\":\"https:\\\/\\\/pib-extra.com\\\/de\\\/technologie\\\/#primaryimage\"},\"thumbnailUrl\":\"https:\\\/\\\/pib-extra.com\\\/wp-content\\\/uploads\\\/2021\\\/01\\\/PIB-Extra-1676_1620x1080-1.jpg\",\"datePublished\":\"2015-10-07T07:06:09+00:00\",\"dateModified\":\"2024-02-14T13:27:14+00:00\",\"breadcrumb\":{\"@id\":\"https:\\\/\\\/pib-extra.com\\\/de\\\/technologie\\\/#breadcrumb\"},\"inLanguage\":\"de\",\"potentialAction\":[{\"@type\":\"ReadAction\",\"target\":[\"https:\\\/\\\/pib-extra.com\\\/de\\\/technologie\\\/\"]}]},{\"@type\":\"ImageObject\",\"inLanguage\":\"de\",\"@id\":\"https:\\\/\\\/pib-extra.com\\\/de\\\/technologie\\\/#primaryimage\",\"url\":\"https:\\\/\\\/pib-extra.com\\\/wp-content\\\/uploads\\\/2021\\\/01\\\/PIB-Extra-1676_1620x1080-1.jpg\",\"contentUrl\":\"https:\\\/\\\/pib-extra.com\\\/wp-content\\\/uploads\\\/2021\\\/01\\\/PIB-Extra-1676_1620x1080-1.jpg\",\"width\":1620,\"height\":1080},{\"@type\":\"BreadcrumbList\",\"@id\":\"https:\\\/\\\/pib-extra.com\\\/de\\\/technologie\\\/#breadcrumb\",\"itemListElement\":[{\"@type\":\"ListItem\",\"position\":1,\"name\":\"Po\u010detna stranica\",\"item\":\"https:\\\/\\\/pib-extra.com\\\/de\\\/\"},{\"@type\":\"ListItem\",\"position\":2,\"name\":\"Technologie\"}]},{\"@type\":\"WebSite\",\"@id\":\"https:\\\/\\\/pib-extra.com\\\/de\\\/#website\",\"url\":\"https:\\\/\\\/pib-extra.com\\\/de\\\/\",\"name\":\"PIB extra\",\"description\":\"Izrada drvenih modela za ljevaonice\",\"publisher\":{\"@id\":\"https:\\\/\\\/pib-extra.com\\\/de\\\/#organization\"},\"potentialAction\":[{\"@type\":\"SearchAction\",\"target\":{\"@type\":\"EntryPoint\",\"urlTemplate\":\"https:\\\/\\\/pib-extra.com\\\/de\\\/?s={search_term_string}\"},\"query-input\":{\"@type\":\"PropertyValueSpecification\",\"valueRequired\":true,\"valueName\":\"search_term_string\"}}],\"inLanguage\":\"de\"},{\"@type\":\"Organization\",\"@id\":\"https:\\\/\\\/pib-extra.com\\\/de\\\/#organization\",\"name\":\"PIB extra\",\"url\":\"https:\\\/\\\/pib-extra.com\\\/de\\\/\",\"logo\":{\"@type\":\"ImageObject\",\"inLanguage\":\"de\",\"@id\":\"https:\\\/\\\/pib-extra.com\\\/de\\\/#\\\/schema\\\/logo\\\/image\\\/\",\"url\":\"https:\\\/\\\/pib-extra.com\\\/wp-content\\\/uploads\\\/2024\\\/01\\\/favicon.png\",\"contentUrl\":\"https:\\\/\\\/pib-extra.com\\\/wp-content\\\/uploads\\\/2024\\\/01\\\/favicon.png\",\"width\":512,\"height\":512,\"caption\":\"PIB extra\"},\"image\":{\"@id\":\"https:\\\/\\\/pib-extra.com\\\/de\\\/#\\\/schema\\\/logo\\\/image\\\/\"},\"sameAs\":[\"https:\\\/\\\/www.facebook.com\\\/pibextra\",\"https:\\\/\\\/www.linkedin.com\\\/company\\\/pib-extra-d-o-o-\\\/\"]}]}<\/script>\n<!-- \/ Yoast SEO plugin. -->","yoast_head_json":{"title":"Technologie - PIB extra","robots":{"index":"index","follow":"follow","max-snippet":"max-snippet:-1","max-image-preview":"max-image-preview:large","max-video-preview":"max-video-preview:-1"},"canonical":"https:\/\/pib-extra.com\/de\/technologie\/","og_locale":"de_DE","og_type":"article","og_title":"Technologie - PIB extra","og_url":"https:\/\/pib-extra.com\/de\/technologie\/","og_site_name":"PIB extra","article_publisher":"https:\/\/www.facebook.com\/pibextra","article_modified_time":"2024-02-14T13:27:14+00:00","og_image":[{"width":1620,"height":1080,"url":"https:\/\/pib-extra.com\/wp-content\/uploads\/2021\/01\/PIB-Extra-1676_1620x1080-1.jpg","type":"image\/jpeg"}],"twitter_card":"summary_large_image","schema":{"@context":"https:\/\/schema.org","@graph":[{"@type":"WebPage","@id":"https:\/\/pib-extra.com\/de\/technologie\/","url":"https:\/\/pib-extra.com\/de\/technologie\/","name":"Technologie - PIB extra","isPartOf":{"@id":"https:\/\/pib-extra.com\/de\/#website"},"primaryImageOfPage":{"@id":"https:\/\/pib-extra.com\/de\/technologie\/#primaryimage"},"image":{"@id":"https:\/\/pib-extra.com\/de\/technologie\/#primaryimage"},"thumbnailUrl":"https:\/\/pib-extra.com\/wp-content\/uploads\/2021\/01\/PIB-Extra-1676_1620x1080-1.jpg","datePublished":"2015-10-07T07:06:09+00:00","dateModified":"2024-02-14T13:27:14+00:00","breadcrumb":{"@id":"https:\/\/pib-extra.com\/de\/technologie\/#breadcrumb"},"inLanguage":"de","potentialAction":[{"@type":"ReadAction","target":["https:\/\/pib-extra.com\/de\/technologie\/"]}]},{"@type":"ImageObject","inLanguage":"de","@id":"https:\/\/pib-extra.com\/de\/technologie\/#primaryimage","url":"https:\/\/pib-extra.com\/wp-content\/uploads\/2021\/01\/PIB-Extra-1676_1620x1080-1.jpg","contentUrl":"https:\/\/pib-extra.com\/wp-content\/uploads\/2021\/01\/PIB-Extra-1676_1620x1080-1.jpg","width":1620,"height":1080},{"@type":"BreadcrumbList","@id":"https:\/\/pib-extra.com\/de\/technologie\/#breadcrumb","itemListElement":[{"@type":"ListItem","position":1,"name":"Po\u010detna stranica","item":"https:\/\/pib-extra.com\/de\/"},{"@type":"ListItem","position":2,"name":"Technologie"}]},{"@type":"WebSite","@id":"https:\/\/pib-extra.com\/de\/#website","url":"https:\/\/pib-extra.com\/de\/","name":"PIB extra","description":"Izrada drvenih modela za ljevaonice","publisher":{"@id":"https:\/\/pib-extra.com\/de\/#organization"},"potentialAction":[{"@type":"SearchAction","target":{"@type":"EntryPoint","urlTemplate":"https:\/\/pib-extra.com\/de\/?s={search_term_string}"},"query-input":{"@type":"PropertyValueSpecification","valueRequired":true,"valueName":"search_term_string"}}],"inLanguage":"de"},{"@type":"Organization","@id":"https:\/\/pib-extra.com\/de\/#organization","name":"PIB extra","url":"https:\/\/pib-extra.com\/de\/","logo":{"@type":"ImageObject","inLanguage":"de","@id":"https:\/\/pib-extra.com\/de\/#\/schema\/logo\/image\/","url":"https:\/\/pib-extra.com\/wp-content\/uploads\/2024\/01\/favicon.png","contentUrl":"https:\/\/pib-extra.com\/wp-content\/uploads\/2024\/01\/favicon.png","width":512,"height":512,"caption":"PIB extra"},"image":{"@id":"https:\/\/pib-extra.com\/de\/#\/schema\/logo\/image\/"},"sameAs":["https:\/\/www.facebook.com\/pibextra","https:\/\/www.linkedin.com\/company\/pib-extra-d-o-o-\/"]}]}},"_links":{"self":[{"href":"https:\/\/pib-extra.com\/de\/wp-json\/wp\/v2\/pages\/19313","targetHints":{"allow":["GET"]}}],"collection":[{"href":"https:\/\/pib-extra.com\/de\/wp-json\/wp\/v2\/pages"}],"about":[{"href":"https:\/\/pib-extra.com\/de\/wp-json\/wp\/v2\/types\/page"}],"author":[{"embeddable":true,"href":"https:\/\/pib-extra.com\/de\/wp-json\/wp\/v2\/users\/4"}],"replies":[{"embeddable":true,"href":"https:\/\/pib-extra.com\/de\/wp-json\/wp\/v2\/comments?post=19313"}],"version-history":[{"count":5,"href":"https:\/\/pib-extra.com\/de\/wp-json\/wp\/v2\/pages\/19313\/revisions"}],"predecessor-version":[{"id":19318,"href":"https:\/\/pib-extra.com\/de\/wp-json\/wp\/v2\/pages\/19313\/revisions\/19318"}],"wp:featuredmedia":[{"embeddable":true,"href":"https:\/\/pib-extra.com\/de\/wp-json\/wp\/v2\/media\/18714"}],"wp:attachment":[{"href":"https:\/\/pib-extra.com\/de\/wp-json\/wp\/v2\/media?parent=19313"}],"curies":[{"name":"wp","href":"https:\/\/api.w.org\/{rel}","templated":true}]}}