{"id":19299,"date":"2015-10-07T09:05:51","date_gmt":"2015-10-07T07:05:51","guid":{"rendered":"https:\/\/pib-extra.com\/ausruestung\/"},"modified":"2024-02-14T14:27:15","modified_gmt":"2024-02-14T13:27:15","slug":"ausruestung","status":"publish","type":"page","link":"https:\/\/pib-extra.com\/de\/ausruestung\/","title":{"rendered":"Ausr\u00fcstung"},"content":{"rendered":"<section class=\"l-section wpb_row height_small\"><div class=\"l-section-h i-cf\"><div class=\"g-cols vc_row via_grid cols_3-2 laptops-cols_inherit tablets-cols_inherit mobiles-cols_1 valign_top type_default stacking_default\"><div class=\"wpb_column vc_column_container\"><div class=\"vc_column-inner\"><div class=\"wpb_text_column\"><div class=\"wpb_wrapper\"><p>Dem Modellbau PIB extra G.m.b.h. steht zur Verf\u00fcgung eine bedachtere Fl\u00e4che von <strong>20.000 m<sup>2<\/sup><\/strong>, davon sind 900 m<sup>2<\/sup> B\u00fcror\u00e4ume, die dem technischen Dienst und der Produktentwicklung dienen. Die Modellproduktion erfolgt in verschiedenen Phasen des Produktionsprozesses und wird in sechs miteinander verbunden Hallen get\u00e4tigt. In jeder Produktionshalle gibt es einen Br\u00fcckenkran, der zur Handhabung mit Modellen in der Produktion dient. Um jeder Zeit auf die Anspr\u00fcche unserer Kunden reagieren zu k\u00f6nnen und sofort mit der Produktion anfangen zu k\u00f6nnen, verf\u00fcgen wir \u00fcber ein gro\u00dfes Lager von trockenem Bauholz und Sperrholz. Der Modellbau PIB extra G.m.b.h. erzeugt in den Produktionsprozessen keine sch\u00e4dlichen Abfallprodukte, sondern nur den \u00fcblichen Industrieabfall (Metallschutt, Verpackungen von Anstrichen und Farben), der von der kommunalen Abfallbeseitigung Gesetzesgem\u00e4\u00df entsorgt wird.<\/p>\n<p><strong>Da wir viel Wert auf Energieeffizienz legen, wird der Holzabfall (S\u00e4gemehl und Holzreste) f\u00fcr Beheizung der Produktionsbetriebe genutzt \u2013 im Jahr 2011 wurde ein neuer Kesselraum mit 320 kW errichtet, ein Silo von310 m<sup>3<\/sup> (Speicher von S\u00e4gemehl), der zur Beheizung des kompletten Betriebes dient.<\/strong><\/p>\n<\/div><\/div><\/div><\/div><div class=\"wpb_column vc_column_container us_custom_063d64d5 has_bg_color stretched\"><div class=\"vc_column-inner\"><div class=\"w-separator us_custom_7b16b104 size_medium\"><\/div><\/div><\/div><\/div><\/div><\/section><section class=\"l-section wpb_row height_small color_alternate\"><div class=\"l-section-h i-cf\"><div class=\"g-cols vc_row via_grid cols_1 laptops-cols_inherit tablets-cols_inherit mobiles-cols_1 valign_top type_default stacking_default\"><div class=\"wpb_column vc_column_container\"><div class=\"vc_column-inner\"><h2 class=\"w-text us_custom_40824568 jc-font-size-h1\"><span class=\"w-text-h\"><span class=\"w-text-value\">Ausr\u00fcstung und Maschinen<\/span><\/span><\/h2><\/div><\/div><\/div><\/div><\/section><section class=\"l-section wpb_row height_small\"><div class=\"l-section-h i-cf\"><div class=\"g-cols vc_row via_grid cols_2-3 laptops-cols_inherit tablets-cols_inherit mobiles-cols_1 valign_middle type_default reversed stacking_default\"><div class=\"wpb_column vc_column_container us_custom_9769f093 has_bg_color stretched\"><div class=\"vc_column-inner\"><div class=\"w-separator us_custom_a3120420 size_medium\"><\/div><\/div><\/div><div class=\"wpb_column vc_column_container\"><div class=\"vc_column-inner\"><div class=\"wpb_text_column\"><div class=\"wpb_wrapper\"><p>Alle Produkte werden auf <strong>modernsten 5-Achsen-CNC Maschinen<\/strong> bearbeitet. Elektronische 3D Modelle werden von 2D Zeichnungen modelliert, oder vom Kunden gesendet. Diese Produktionsweise erm\u00f6glicht, dass mit den Ressourcen rationell bewirtschaftet wird, viel bessere Fertigungspr\u00e4zision, als bei herk\u00f6mmlichen Modelliermethoden. Solche Produkte haben <strong>h\u00f6here<\/strong> Qualit\u00e4t und viel <strong>k\u00fcrzere<\/strong> Produktionszeiten.<\/p>\n<p>Der Modellbau PIB extra G.m.b.h. besitzt einige kleinere 3-Achsen-CNC Maschinen und f\u00fcnf neue 5- Achsen-CNC Maschinen, von denen zwei gro\u00dfe Maschinen zur Produktion von gr\u00f6\u00dften und kompliziertesten Modellen dienen.<\/p>\n<p>Der Arbeitsbereich der gr\u00f6\u00dften Maschinen, die sich zurzeit in der Produktion befinden, <strong>sind 13 x 5 x 2,5 m und 20 x 8 x 2,5 m<\/strong>.<\/p>\n<\/div><\/div><\/div><\/div><\/div><\/div><\/section>\n","protected":false},"excerpt":{"rendered":"","protected":false},"author":4,"featured_media":18744,"parent":0,"menu_order":96,"comment_status":"closed","ping_status":"closed","template":"","meta":{"_acf_changed":false,"footnotes":""},"class_list":["post-19299","page","type-page","status-publish","has-post-thumbnail","hentry"],"acf":[],"yoast_head":"<!-- This site is optimized with the Yoast SEO plugin v27.5 - https:\/\/yoast.com\/product\/yoast-seo-wordpress\/ -->\n<title>Ausr\u00fcstung - PIB extra<\/title>\n<meta name=\"robots\" content=\"index, follow, max-snippet:-1, max-image-preview:large, max-video-preview:-1\" \/>\n<link rel=\"canonical\" href=\"https:\/\/pib-extra.com\/de\/ausruestung\/\" \/>\n<meta property=\"og:locale\" content=\"de_DE\" \/>\n<meta property=\"og:type\" content=\"article\" \/>\n<meta property=\"og:title\" content=\"Ausr\u00fcstung - PIB extra\" \/>\n<meta property=\"og:url\" content=\"https:\/\/pib-extra.com\/de\/ausruestung\/\" \/>\n<meta property=\"og:site_name\" content=\"PIB extra\" \/>\n<meta property=\"article:publisher\" content=\"https:\/\/www.facebook.com\/pibextra\" \/>\n<meta property=\"article:modified_time\" content=\"2024-02-14T13:27:15+00:00\" \/>\n<meta property=\"og:image\" content=\"https:\/\/pib-extra.com\/wp-content\/uploads\/2021\/01\/PIBextra-0122-3.jpg\" \/>\n\t<meta property=\"og:image:width\" content=\"1920\" \/>\n\t<meta property=\"og:image:height\" content=\"1080\" \/>\n\t<meta property=\"og:image:type\" content=\"image\/jpeg\" \/>\n<meta name=\"twitter:card\" content=\"summary_large_image\" \/>\n<script type=\"application\/ld+json\" class=\"yoast-schema-graph\">{\"@context\":\"https:\\\/\\\/schema.org\",\"@graph\":[{\"@type\":\"WebPage\",\"@id\":\"https:\\\/\\\/pib-extra.com\\\/de\\\/ausruestung\\\/\",\"url\":\"https:\\\/\\\/pib-extra.com\\\/de\\\/ausruestung\\\/\",\"name\":\"Ausr\u00fcstung - PIB extra\",\"isPartOf\":{\"@id\":\"https:\\\/\\\/pib-extra.com\\\/de\\\/#website\"},\"primaryImageOfPage\":{\"@id\":\"https:\\\/\\\/pib-extra.com\\\/de\\\/ausruestung\\\/#primaryimage\"},\"image\":{\"@id\":\"https:\\\/\\\/pib-extra.com\\\/de\\\/ausruestung\\\/#primaryimage\"},\"thumbnailUrl\":\"https:\\\/\\\/pib-extra.com\\\/wp-content\\\/uploads\\\/2021\\\/01\\\/PIBextra-0122-3.jpg\",\"datePublished\":\"2015-10-07T07:05:51+00:00\",\"dateModified\":\"2024-02-14T13:27:15+00:00\",\"breadcrumb\":{\"@id\":\"https:\\\/\\\/pib-extra.com\\\/de\\\/ausruestung\\\/#breadcrumb\"},\"inLanguage\":\"de\",\"potentialAction\":[{\"@type\":\"ReadAction\",\"target\":[\"https:\\\/\\\/pib-extra.com\\\/de\\\/ausruestung\\\/\"]}]},{\"@type\":\"ImageObject\",\"inLanguage\":\"de\",\"@id\":\"https:\\\/\\\/pib-extra.com\\\/de\\\/ausruestung\\\/#primaryimage\",\"url\":\"https:\\\/\\\/pib-extra.com\\\/wp-content\\\/uploads\\\/2021\\\/01\\\/PIBextra-0122-3.jpg\",\"contentUrl\":\"https:\\\/\\\/pib-extra.com\\\/wp-content\\\/uploads\\\/2021\\\/01\\\/PIBextra-0122-3.jpg\",\"width\":1920,\"height\":1080},{\"@type\":\"BreadcrumbList\",\"@id\":\"https:\\\/\\\/pib-extra.com\\\/de\\\/ausruestung\\\/#breadcrumb\",\"itemListElement\":[{\"@type\":\"ListItem\",\"position\":1,\"name\":\"Po\u010detna stranica\",\"item\":\"https:\\\/\\\/pib-extra.com\\\/de\\\/\"},{\"@type\":\"ListItem\",\"position\":2,\"name\":\"Ausr\u00fcstung\"}]},{\"@type\":\"WebSite\",\"@id\":\"https:\\\/\\\/pib-extra.com\\\/de\\\/#website\",\"url\":\"https:\\\/\\\/pib-extra.com\\\/de\\\/\",\"name\":\"PIB extra\",\"description\":\"Izrada drvenih modela za ljevaonice\",\"publisher\":{\"@id\":\"https:\\\/\\\/pib-extra.com\\\/de\\\/#organization\"},\"potentialAction\":[{\"@type\":\"SearchAction\",\"target\":{\"@type\":\"EntryPoint\",\"urlTemplate\":\"https:\\\/\\\/pib-extra.com\\\/de\\\/?s={search_term_string}\"},\"query-input\":{\"@type\":\"PropertyValueSpecification\",\"valueRequired\":true,\"valueName\":\"search_term_string\"}}],\"inLanguage\":\"de\"},{\"@type\":\"Organization\",\"@id\":\"https:\\\/\\\/pib-extra.com\\\/de\\\/#organization\",\"name\":\"PIB extra\",\"url\":\"https:\\\/\\\/pib-extra.com\\\/de\\\/\",\"logo\":{\"@type\":\"ImageObject\",\"inLanguage\":\"de\",\"@id\":\"https:\\\/\\\/pib-extra.com\\\/de\\\/#\\\/schema\\\/logo\\\/image\\\/\",\"url\":\"https:\\\/\\\/pib-extra.com\\\/wp-content\\\/uploads\\\/2024\\\/01\\\/favicon.png\",\"contentUrl\":\"https:\\\/\\\/pib-extra.com\\\/wp-content\\\/uploads\\\/2024\\\/01\\\/favicon.png\",\"width\":512,\"height\":512,\"caption\":\"PIB extra\"},\"image\":{\"@id\":\"https:\\\/\\\/pib-extra.com\\\/de\\\/#\\\/schema\\\/logo\\\/image\\\/\"},\"sameAs\":[\"https:\\\/\\\/www.facebook.com\\\/pibextra\",\"https:\\\/\\\/www.linkedin.com\\\/company\\\/pib-extra-d-o-o-\\\/\"]}]}<\/script>\n<!-- \/ Yoast SEO plugin. -->","yoast_head_json":{"title":"Ausr\u00fcstung - PIB extra","robots":{"index":"index","follow":"follow","max-snippet":"max-snippet:-1","max-image-preview":"max-image-preview:large","max-video-preview":"max-video-preview:-1"},"canonical":"https:\/\/pib-extra.com\/de\/ausruestung\/","og_locale":"de_DE","og_type":"article","og_title":"Ausr\u00fcstung - PIB extra","og_url":"https:\/\/pib-extra.com\/de\/ausruestung\/","og_site_name":"PIB extra","article_publisher":"https:\/\/www.facebook.com\/pibextra","article_modified_time":"2024-02-14T13:27:15+00:00","og_image":[{"width":1920,"height":1080,"url":"https:\/\/pib-extra.com\/wp-content\/uploads\/2021\/01\/PIBextra-0122-3.jpg","type":"image\/jpeg"}],"twitter_card":"summary_large_image","schema":{"@context":"https:\/\/schema.org","@graph":[{"@type":"WebPage","@id":"https:\/\/pib-extra.com\/de\/ausruestung\/","url":"https:\/\/pib-extra.com\/de\/ausruestung\/","name":"Ausr\u00fcstung - PIB extra","isPartOf":{"@id":"https:\/\/pib-extra.com\/de\/#website"},"primaryImageOfPage":{"@id":"https:\/\/pib-extra.com\/de\/ausruestung\/#primaryimage"},"image":{"@id":"https:\/\/pib-extra.com\/de\/ausruestung\/#primaryimage"},"thumbnailUrl":"https:\/\/pib-extra.com\/wp-content\/uploads\/2021\/01\/PIBextra-0122-3.jpg","datePublished":"2015-10-07T07:05:51+00:00","dateModified":"2024-02-14T13:27:15+00:00","breadcrumb":{"@id":"https:\/\/pib-extra.com\/de\/ausruestung\/#breadcrumb"},"inLanguage":"de","potentialAction":[{"@type":"ReadAction","target":["https:\/\/pib-extra.com\/de\/ausruestung\/"]}]},{"@type":"ImageObject","inLanguage":"de","@id":"https:\/\/pib-extra.com\/de\/ausruestung\/#primaryimage","url":"https:\/\/pib-extra.com\/wp-content\/uploads\/2021\/01\/PIBextra-0122-3.jpg","contentUrl":"https:\/\/pib-extra.com\/wp-content\/uploads\/2021\/01\/PIBextra-0122-3.jpg","width":1920,"height":1080},{"@type":"BreadcrumbList","@id":"https:\/\/pib-extra.com\/de\/ausruestung\/#breadcrumb","itemListElement":[{"@type":"ListItem","position":1,"name":"Po\u010detna stranica","item":"https:\/\/pib-extra.com\/de\/"},{"@type":"ListItem","position":2,"name":"Ausr\u00fcstung"}]},{"@type":"WebSite","@id":"https:\/\/pib-extra.com\/de\/#website","url":"https:\/\/pib-extra.com\/de\/","name":"PIB extra","description":"Izrada drvenih modela za ljevaonice","publisher":{"@id":"https:\/\/pib-extra.com\/de\/#organization"},"potentialAction":[{"@type":"SearchAction","target":{"@type":"EntryPoint","urlTemplate":"https:\/\/pib-extra.com\/de\/?s={search_term_string}"},"query-input":{"@type":"PropertyValueSpecification","valueRequired":true,"valueName":"search_term_string"}}],"inLanguage":"de"},{"@type":"Organization","@id":"https:\/\/pib-extra.com\/de\/#organization","name":"PIB extra","url":"https:\/\/pib-extra.com\/de\/","logo":{"@type":"ImageObject","inLanguage":"de","@id":"https:\/\/pib-extra.com\/de\/#\/schema\/logo\/image\/","url":"https:\/\/pib-extra.com\/wp-content\/uploads\/2024\/01\/favicon.png","contentUrl":"https:\/\/pib-extra.com\/wp-content\/uploads\/2024\/01\/favicon.png","width":512,"height":512,"caption":"PIB extra"},"image":{"@id":"https:\/\/pib-extra.com\/de\/#\/schema\/logo\/image\/"},"sameAs":["https:\/\/www.facebook.com\/pibextra","https:\/\/www.linkedin.com\/company\/pib-extra-d-o-o-\/"]}]}},"_links":{"self":[{"href":"https:\/\/pib-extra.com\/de\/wp-json\/wp\/v2\/pages\/19299","targetHints":{"allow":["GET"]}}],"collection":[{"href":"https:\/\/pib-extra.com\/de\/wp-json\/wp\/v2\/pages"}],"about":[{"href":"https:\/\/pib-extra.com\/de\/wp-json\/wp\/v2\/types\/page"}],"author":[{"embeddable":true,"href":"https:\/\/pib-extra.com\/de\/wp-json\/wp\/v2\/users\/4"}],"replies":[{"embeddable":true,"href":"https:\/\/pib-extra.com\/de\/wp-json\/wp\/v2\/comments?post=19299"}],"version-history":[{"count":5,"href":"https:\/\/pib-extra.com\/de\/wp-json\/wp\/v2\/pages\/19299\/revisions"}],"predecessor-version":[{"id":19304,"href":"https:\/\/pib-extra.com\/de\/wp-json\/wp\/v2\/pages\/19299\/revisions\/19304"}],"wp:featuredmedia":[{"embeddable":true,"href":"https:\/\/pib-extra.com\/de\/wp-json\/wp\/v2\/media\/18744"}],"wp:attachment":[{"href":"https:\/\/pib-extra.com\/de\/wp-json\/wp\/v2\/media?parent=19299"}],"curies":[{"name":"wp","href":"https:\/\/api.w.org\/{rel}","templated":true}]}}